{"id":267456,"date":"2021-04-15T20:14:38","date_gmt":"2021-04-15T19:14:38","guid":{"rendered":"https:\/\/kromacarwash.com\/hale-za-automatske-autopraonice\/"},"modified":"2021-12-17T00:43:09","modified_gmt":"2021-12-16T23:43:09","slug":"hale-za-automatske-autopraonice","status":"publish","type":"page","link":"https:\/\/kromacarwash.com\/bs\/hale-za-automatske-autopraonice\/","title":{"rendered":"Hale za automatske autopraonice"},"content":{"rendered":"<p>[et_pb_section fb_built=&#8221;1&#8243; _builder_version=&#8221;4.9.2&#8243; _module_preset=&#8221;default&#8221;][et_pb_row _builder_version=&#8221;4.9.2&#8243; _module_preset=&#8221;default&#8221;][et_pb_column type=&#8221;4_4&#8243; _builder_version=&#8221;4.9.2&#8243; _module_preset=&#8221;default&#8221;][et_pb_text _builder_version=&#8221;4.9.2&#8243; _module_preset=&#8221;default&#8221;]<\/p>\n<h1>Hale za automatske autopraonice<\/h1>\n<p>[\/et_pb_text][\/et_pb_column][\/et_pb_row][et_pb_row column_structure=&#8221;1_2,1_2&#8243; use_custom_gutter=&#8221;on&#8221; gutter_width=&#8221;4&#8243; _builder_version=&#8221;4.9.7&#8243;][et_pb_column type=&#8221;1_2&#8243; _builder_version=&#8221;4.4.4&#8243;][et_pb_text _builder_version=&#8221;4.9.7&#8243; text_font=&#8221;Rubik|300|||||||&#8221; header_2_font=&#8221;Rubik|300|||||||&#8221; header_2_font_size=&#8221;30px&#8221; header_2_line_height=&#8221;1.5em&#8221; header_4_font=&#8221;Rubik|700||on|||||&#8221; header_4_text_color=&#8221;#11d8ce&#8221; header_4_font_size=&#8221;12px&#8221; header_4_letter_spacing=&#8221;2px&#8221; header_4_line_height=&#8221;1.6em&#8221; header_2_font_size_tablet=&#8221;22px&#8221; header_2_font_size_phone=&#8221;20px&#8221; header_2_font_size_last_edited=&#8221;on|phone&#8221; header_4_font_size_tablet=&#8221;&#8221; header_4_font_size_phone=&#8221;&#8221; header_4_font_size_last_edited=&#8221;on|phone&#8221; locked=&#8221;off&#8221;]<\/p>\n<p><span>Kroma d.o.o. u ponudi ima i tipske hale za automatske portalne ili tunelske autopraonice. <\/span><\/p>\n<p><span>Za investitore pribavljamo svu potrebnu atestnu dokumentaciju te odra\u0111ujemo stati\u010dki prora\u010dun za halu prema uvjetima na lokaciji gra\u0111enja.<\/span><\/p>\n<p><span>Kroma hala za automatske autopraonice izvodi se od vru\u0107e cin\u010dane \u010deli\u010dne konstrukcije oblo\u017eene sendvi\u010d panelima sukladno potrebama i \u017eeljama investitora. Tako\u0111er, Kroma odra\u0111uje kompletne limarske radove uklju\u010duju\u0107i oluke, uz mogu\u0107nost izvo\u0111enja elektroinstalaterskih radova, prema dogovoru.<\/span><\/p>\n<p><span>Isporu\u010dujemo i vrata (segmentna ili rolo) te stolariju prema \u017eelji investitora.<\/span><\/p>\n<p>[\/et_pb_text][\/et_pb_column][et_pb_column type=&#8221;1_2&#8243; _builder_version=&#8221;4.4.4&#8243;][et_pb_text _builder_version=&#8221;4.9.7&#8243; text_font=&#8221;Rubik|300|||||||&#8221; header_2_font=&#8221;Rubik|300|||||||&#8221; header_2_font_size=&#8221;30px&#8221; header_2_line_height=&#8221;1.5em&#8221; header_4_font=&#8221;Rubik|700||on|||||&#8221; header_4_text_color=&#8221;#11d8ce&#8221; header_4_font_size=&#8221;12px&#8221; header_4_letter_spacing=&#8221;2px&#8221; header_4_line_height=&#8221;1.6em&#8221; header_2_font_size_tablet=&#8221;22px&#8221; header_2_font_size_phone=&#8221;20px&#8221; header_2_font_size_last_edited=&#8221;on|phone&#8221; header_4_font_size_tablet=&#8221;&#8221; header_4_font_size_phone=&#8221;&#8221; header_4_font_size_last_edited=&#8221;on|phone&#8221; locked=&#8221;off&#8221;]<\/p>\n<p class=\"m_-8549974883693981427MsoPlainText\"><span>Brojne mogu\u0107nosti individualizacije hala poput:<\/span><\/p>\n<p>[\/et_pb_text][et_pb_blurb use_icon=&#8221;on&#8221; font_icon=&#8221;%%61%%&#8221; icon_color=&#8221;#DF3333&#8243; icon_placement=&#8221;left&#8221; content_max_width=&#8221;100%&#8221; use_icon_font_size=&#8221;on&#8221; icon_font_size=&#8221;20px&#8221; _builder_version=&#8221;4.9.7&#8243; header_font=&#8221;Rubik|600|||||||&#8221; header_font_size=&#8221;14px&#8221; header_line_height=&#8221;1.4em&#8221; body_font=&#8221;Rubik|300|||||||&#8221; custom_margin=&#8221;||5px||false|false&#8221; animation=&#8221;off&#8221; locked=&#8221;off&#8221;]<\/p>\n<p><span>Razli\u010dite vrste sendvi\u010d panela, ovisno o namjeni objekta, poput panela s inox stijenkom prema unutarnjem prostoru hale u kojem se odvija pranje<\/span><\/p>\n<p>[\/et_pb_blurb][et_pb_blurb use_icon=&#8221;on&#8221; font_icon=&#8221;%%61%%&#8221; icon_color=&#8221;#DF3333&#8243; icon_placement=&#8221;left&#8221; content_max_width=&#8221;100%&#8221; use_icon_font_size=&#8221;on&#8221; icon_font_size=&#8221;20px&#8221; _builder_version=&#8221;4.9.7&#8243; header_font=&#8221;Rubik|600|||||||&#8221; header_font_size=&#8221;14px&#8221; header_line_height=&#8221;1.4em&#8221; body_font=&#8221;Rubik|300|||||||&#8221; custom_margin=&#8221;||5px||false|false&#8221; animation=&#8221;off&#8221; locked=&#8221;off&#8221;]<\/p>\n<p><span>Isporuka sendvi\u010d panela i limarskih elemenata mogu\u0107a u svim RAL bojama<\/span><\/p>\n<p>[\/et_pb_blurb][et_pb_blurb use_icon=&#8221;on&#8221; font_icon=&#8221;%%61%%&#8221; icon_color=&#8221;#DF3333&#8243; icon_placement=&#8221;left&#8221; content_max_width=&#8221;100%&#8221; use_icon_font_size=&#8221;on&#8221; icon_font_size=&#8221;20px&#8221; _builder_version=&#8221;4.9.7&#8243; header_font=&#8221;Rubik|600|||||||&#8221; header_font_size=&#8221;14px&#8221; header_line_height=&#8221;1.4em&#8221; body_font=&#8221;Rubik|300|||||||&#8221; custom_margin=&#8221;||5px||false|false&#8221; animation=&#8221;off&#8221; locked=&#8221;off&#8221;]<\/p>\n<p><span>Mogu\u0107nost pro\u0161irenja hale tehni\u010dkom sobom odnosno strojarnicom<\/span><\/p>\n<p>[\/et_pb_blurb][et_pb_blurb use_icon=&#8221;on&#8221; font_icon=&#8221;%%61%%&#8221; icon_color=&#8221;#DF3333&#8243; icon_placement=&#8221;left&#8221; content_max_width=&#8221;100%&#8221; use_icon_font_size=&#8221;on&#8221; icon_font_size=&#8221;20px&#8221; _builder_version=&#8221;4.9.7&#8243; header_font=&#8221;Rubik|600|||||||&#8221; header_font_size=&#8221;14px&#8221; header_line_height=&#8221;1.4em&#8221; body_font=&#8221;Rubik|300|||||||&#8221; custom_margin=&#8221;||5px||false|false&#8221; animation=&#8221;off&#8221; locked=&#8221;off&#8221;]<\/p>\n<p><span>Mogu\u0107nost izvedbe natkrivenog pred prostora za pripremu vozila i pretpranje, itd.<\/span><\/p>\n<p>[\/et_pb_blurb][\/et_pb_column][\/et_pb_row][\/et_pb_section][et_pb_section fb_built=&#8221;1&#8243; make_equal=&#8221;on&#8221; use_custom_gutter=&#8221;on&#8221; gutter_width=&#8221;1&#8243; specialty=&#8221;on&#8221; padding_top_1=&#8221;0px&#8221; admin_label=&#8221;Work Section&#8221; _builder_version=&#8221;3.22&#8243; custom_padding=&#8221;60px||110px|&#8221; hover_enabled=&#8221;0&#8243; locked=&#8221;off&#8221; sticky_enabled=&#8221;0&#8243;][et_pb_column type=&#8221;1_2&#8243; _builder_version=&#8221;3.25&#8243; custom_padding=&#8221;|||&#8221; padding_top__hover=&#8221;0px&#8221; parallax__hover=&#8221;off&#8221; parallax_method__hover=&#8221;on&#8221; custom_padding__hover=&#8221;|||&#8221;][et_pb_image src=&#8221;https:\/\/kromacarwash.com\/wp-content\/uploads\/2021\/06\/hale1.jpg&#8221; title_text=&#8221;hale1&#8243; show_in_lightbox=&#8221;on&#8221; align_tablet=&#8221;center&#8221; align_phone=&#8221;&#8221; align_last_edited=&#8221;on|desktop&#8221; _builder_version=&#8221;4.9.10&#8243; animation_style=&#8221;slide&#8221; hover_enabled=&#8221;0&#8243; box_shadow_style=&#8221;preset7&#8243; box_shadow_horizontal=&#8221;0px&#8221; box_shadow_vertical=&#8221;0px&#8221; box_shadow_spread=&#8221;10px&#8221; box_shadow_color=&#8221;#ffffff&#8221; sticky_enabled=&#8221;0&#8243; animation_duration=&#8221;700ms&#8221; animation_direction=&#8221;bottom&#8221; animation_intensity_slide=&#8221;2%&#8221;][\/et_pb_image][\/et_pb_column][et_pb_column type=&#8221;1_2&#8243; specialty_columns=&#8221;2&#8243; _builder_version=&#8221;3.25&#8243; custom_padding=&#8221;|||&#8221; parallax__hover=&#8221;off&#8221; parallax_method__hover=&#8221;on&#8221; custom_padding__hover=&#8221;|||&#8221;][et_pb_row_inner column_structure=&#8221;1_2,1_2&#8243; _builder_version=&#8221;3.25&#8243; custom_padding=&#8221;0px||0px|&#8221; hover_enabled=&#8221;0&#8243; sticky_enabled=&#8221;0&#8243;][et_pb_column_inner type=&#8221;1_2&#8243; saved_specialty_column_type=&#8221;1_2&#8243; _builder_version=&#8221;3.25&#8243; custom_padding=&#8221;|||&#8221; parallax__hover=&#8221;off&#8221; parallax_method__hover=&#8221;on&#8221; custom_padding__hover=&#8221;|||&#8221;][et_pb_image src=&#8221;https:\/\/kromacarwash.com\/wp-content\/uploads\/2021\/06\/hale2.jpg&#8221; title_text=&#8221;hale2&#8243; show_in_lightbox=&#8221;on&#8221; align_tablet=&#8221;center&#8221; align_phone=&#8221;&#8221; align_last_edited=&#8221;on|desktop&#8221; _builder_version=&#8221;4.9.10&#8243; animation_style=&#8221;slide&#8221; animation_direction=&#8221;bottom&#8221; hover_enabled=&#8221;0&#8243; box_shadow_style=&#8221;preset7&#8243; box_shadow_horizontal=&#8221;0px&#8221; box_shadow_vertical=&#8221;0px&#8221; box_shadow_spread=&#8221;10px&#8221; box_shadow_color=&#8221;#ffffff&#8221; sticky_enabled=&#8221;0&#8243; animation_intensity_slide=&#8221;2%&#8221; animation_duration=&#8221;700ms&#8221;][\/et_pb_image][\/et_pb_column_inner][et_pb_column_inner type=&#8221;1_2&#8243; saved_specialty_column_type=&#8221;1_2&#8243; _builder_version=&#8221;3.25&#8243; custom_padding=&#8221;|||&#8221; parallax__hover=&#8221;off&#8221; parallax_method__hover=&#8221;on&#8221; custom_padding__hover=&#8221;|||&#8221;][et_pb_image src=&#8221;https:\/\/kromacarwash.com\/wp-content\/uploads\/2021\/06\/hale4.jpg&#8221; title_text=&#8221;hale4&#8243; show_in_lightbox=&#8221;on&#8221; align_tablet=&#8221;center&#8221; align_phone=&#8221;&#8221; align_last_edited=&#8221;on|desktop&#8221; _builder_version=&#8221;4.9.10&#8243; animation_style=&#8221;slide&#8221; animation_direction=&#8221;bottom&#8221; hover_enabled=&#8221;0&#8243; box_shadow_style=&#8221;preset7&#8243; box_shadow_horizontal=&#8221;0px&#8221; box_shadow_vertical=&#8221;0px&#8221; box_shadow_spread=&#8221;10px&#8221; box_shadow_color=&#8221;#ffffff&#8221; sticky_enabled=&#8221;0&#8243; animation_duration=&#8221;700ms&#8221; animation_intensity_slide=&#8221;2%&#8221;][\/et_pb_image][\/et_pb_column_inner][\/et_pb_row_inner][et_pb_row_inner _builder_version=&#8221;3.25&#8243; custom_padding=&#8221;0px||0px|&#8221;][et_pb_column_inner saved_specialty_column_type=&#8221;1_2&#8243; _builder_version=&#8221;3.25&#8243; custom_padding=&#8221;|||&#8221; parallax__hover=&#8221;off&#8221; parallax_method__hover=&#8221;on&#8221; custom_padding__hover=&#8221;|||&#8221;][et_pb_image src=&#8221;https:\/\/kromacarwash.com\/wp-content\/uploads\/2021\/06\/hale3.jpg&#8221; title_text=&#8221;hale3&#8243; show_in_lightbox=&#8221;on&#8221; align_tablet=&#8221;center&#8221; align_phone=&#8221;&#8221; align_last_edited=&#8221;on|desktop&#8221; _builder_version=&#8221;4.9.10&#8243; animation_style=&#8221;slide&#8221; animation_direction=&#8221;bottom&#8221; hover_enabled=&#8221;0&#8243; box_shadow_style=&#8221;preset7&#8243; box_shadow_horizontal=&#8221;0px&#8221; box_shadow_vertical=&#8221;0px&#8221; box_shadow_spread=&#8221;10px&#8221; box_shadow_color=&#8221;#ffffff&#8221; animation_duration=&#8221;700ms&#8221; animation_intensity_slide=&#8221;2%&#8221; sticky_enabled=&#8221;0&#8243;][\/et_pb_image][\/et_pb_column_inner][\/et_pb_row_inner][et_pb_row_inner _builder_version=&#8221;4.9.7&#8243; _module_preset=&#8221;default&#8221; locked=&#8221;off&#8221;][et_pb_column_inner saved_specialty_column_type=&#8221;1_2&#8243; _builder_version=&#8221;4.9.7&#8243; _module_preset=&#8221;default&#8221;][et_pb_button button_url=&#8221;\/reference\/&#8221; url_new_window=&#8221;on&#8221; button_text=&#8221;Pogledajte REFERENCE&#8221; button_alignment=&#8221;right&#8221; button_alignment_tablet=&#8221;center&#8221; button_alignment_phone=&#8221;center&#8221; button_alignment_last_edited=&#8221;on|tablet&#8221; _builder_version=&#8221;4.9.7&#8243; custom_button=&#8221;on&#8221; button_text_size=&#8221;12px&#8221; button_text_color=&#8221;#303644&#8243; button_border_width=&#8221;0px&#8221; button_border_radius=&#8221;0px&#8221; button_letter_spacing=&#8221;2px&#8221; button_font=&#8221;|700||on|||||&#8221; button_on_hover=&#8221;off&#8221; custom_padding=&#8221;|||0px|false|false&#8221; locked=&#8221;off&#8221;][\/et_pb_button][\/et_pb_column_inner][\/et_pb_row_inner][\/et_pb_column][\/et_pb_section]<\/p>\n","protected":false},"excerpt":{"rendered":"<p>Hale za automatske autopraoniceKroma d.o.o. u ponudi ima i tipske hale za automatske portalne ili tunelske autopraonice. Za investitore pribavljamo svu potrebnu atestnu dokumentaciju te odra\u0111ujemo stati\u010dki prora\u010dun za halu prema uvjetima na lokaciji gra\u0111enja. Kroma hala za automatske autopraonice izvodi se od vru\u0107e cin\u010dane \u010deli\u010dne konstrukcije oblo\u017eene sendvi\u010d panelima sukladno potrebama i \u017eeljama investitora. [&hellip;]<\/p>\n","protected":false},"author":13,"featured_media":0,"parent":0,"menu_order":0,"comment_status":"closed","ping_status":"closed","template":"","meta":{"_et_pb_use_builder":"on","_et_pb_old_content":"","_et_gb_content_width":"","rank_math_lock_modified_date":false,"footnotes":""},"class_list":["post-267456","page","type-page","status-publish","hentry"],"_links":{"self":[{"href":"https:\/\/kromacarwash.com\/bs\/wp-json\/wp\/v2\/pages\/267456"}],"collection":[{"href":"https:\/\/kromacarwash.com\/bs\/wp-json\/wp\/v2\/pages"}],"about":[{"href":"https:\/\/kromacarwash.com\/bs\/wp-json\/wp\/v2\/types\/page"}],"author":[{"embeddable":true,"href":"https:\/\/kromacarwash.com\/bs\/wp-json\/wp\/v2\/users\/13"}],"replies":[{"embeddable":true,"href":"https:\/\/kromacarwash.com\/bs\/wp-json\/wp\/v2\/comments?post=267456"}],"version-history":[{"count":3,"href":"https:\/\/kromacarwash.com\/bs\/wp-json\/wp\/v2\/pages\/267456\/revisions"}],"predecessor-version":[{"id":271297,"href":"https:\/\/kromacarwash.com\/bs\/wp-json\/wp\/v2\/pages\/267456\/revisions\/271297"}],"wp:attachment":[{"href":"https:\/\/kromacarwash.com\/bs\/wp-json\/wp\/v2\/media?parent=267456"}],"curies":[{"name":"wp","href":"https:\/\/api.w.org\/{rel}","templated":true}]}}