{"id":269207,"date":"2021-10-26T14:25:28","date_gmt":"2021-10-26T13:25:28","guid":{"rendered":"https:\/\/kromacarwash.com\/proizvod\/filter-usisavaca\/"},"modified":"2021-10-26T14:25:37","modified_gmt":"2021-10-26T13:25:37","slug":"filter-usisavaca","status":"publish","type":"product","link":"https:\/\/kromacarwash.com\/bs\/p\/filter-usisavaca\/","title":{"rendered":"Filter usisava\u010da"},"content":{"rendered":"","protected":false},"excerpt":{"rendered":"<p>Filter u spremniku prljav\u0161tine za samoposlu\u017eni usisava\u010d<\/p>\n","protected":false},"featured_media":263034,"template":"","meta":{"_et_pb_use_builder":"","_et_pb_old_content":"","_et_gb_content_width":"","rank_math_lock_modified_date":false},"product_cat":[263,270,264],"product_tag":[],"class_list":{"0":"post-269207","1":"product","2":"type-product","3":"status-publish","4":"has-post-thumbnail","6":"product_cat-oprema-i-rezervni-dijelovi-bs","7":"product_cat-oprema-za-usisavace-bs","8":"product_cat-rezervni-dijelovi-bs","10":"first","11":"instock","12":"taxable","13":"shipping-taxable","14":"purchasable","15":"product-type-simple"},"_links":{"self":[{"href":"https:\/\/kromacarwash.com\/bs\/wp-json\/wp\/v2\/product\/269207"}],"collection":[{"href":"https:\/\/kromacarwash.com\/bs\/wp-json\/wp\/v2\/product"}],"about":[{"href":"https:\/\/kromacarwash.com\/bs\/wp-json\/wp\/v2\/types\/product"}],"wp:featuredmedia":[{"embeddable":true,"href":"https:\/\/kromacarwash.com\/bs\/wp-json\/wp\/v2\/media\/263034"}],"wp:attachment":[{"href":"https:\/\/kromacarwash.com\/bs\/wp-json\/wp\/v2\/media?parent=269207"}],"wp:term":[{"taxonomy":"product_cat","embeddable":true,"href":"https:\/\/kromacarwash.com\/bs\/wp-json\/wp\/v2\/product_cat?post=269207"},{"taxonomy":"product_tag","embeddable":true,"href":"https:\/\/kromacarwash.com\/bs\/wp-json\/wp\/v2\/product_tag?post=269207"}],"curies":[{"name":"wp","href":"https:\/\/api.w.org\/{rel}","templated":true}]}}