{"id":269217,"date":"2021-10-26T14:25:39","date_gmt":"2021-10-26T13:25:39","guid":{"rendered":"https:\/\/kromacarwash.com\/proizvod\/citac-loyalty-kartica-i-kodiranih-kljuceva\/"},"modified":"2021-10-26T14:25:43","modified_gmt":"2021-10-26T13:25:43","slug":"citac-loyalty-kartica-i-kodiranih-kljuceva","status":"publish","type":"product","link":"https:\/\/kromacarwash.com\/bs\/p\/citac-loyalty-kartica-i-kodiranih-kljuceva\/","title":{"rendered":"\u010cita\u010d loyalty kartica i kodiranih klju\u010deva"},"content":{"rendered":"","protected":false},"excerpt":{"rendered":"<p>\u010cita\u010d loyalty kartica i kodiranih klju\u010deva<\/p>\n","protected":false},"featured_media":263648,"template":"","meta":{"_et_pb_use_builder":"","_et_pb_old_content":"","_et_gb_content_width":"","rank_math_lock_modified_date":false},"product_cat":[268,263,264],"product_tag":[],"class_list":{"0":"post-269217","1":"product","2":"type-product","3":"status-publish","4":"has-post-thumbnail","6":"product_cat-naplatni-sustav-bs","7":"product_cat-oprema-i-rezervni-dijelovi-bs","8":"product_cat-rezervni-dijelovi-bs","10":"first","11":"instock","12":"taxable","13":"shipping-taxable","14":"purchasable","15":"product-type-simple"},"_links":{"self":[{"href":"https:\/\/kromacarwash.com\/bs\/wp-json\/wp\/v2\/product\/269217"}],"collection":[{"href":"https:\/\/kromacarwash.com\/bs\/wp-json\/wp\/v2\/product"}],"about":[{"href":"https:\/\/kromacarwash.com\/bs\/wp-json\/wp\/v2\/types\/product"}],"wp:featuredmedia":[{"embeddable":true,"href":"https:\/\/kromacarwash.com\/bs\/wp-json\/wp\/v2\/media\/263648"}],"wp:attachment":[{"href":"https:\/\/kromacarwash.com\/bs\/wp-json\/wp\/v2\/media?parent=269217"}],"wp:term":[{"taxonomy":"product_cat","embeddable":true,"href":"https:\/\/kromacarwash.com\/bs\/wp-json\/wp\/v2\/product_cat?post=269217"},{"taxonomy":"product_tag","embeddable":true,"href":"https:\/\/kromacarwash.com\/bs\/wp-json\/wp\/v2\/product_tag?post=269217"}],"curies":[{"name":"wp","href":"https:\/\/api.w.org\/{rel}","templated":true}]}}