{"id":269221,"date":"2021-10-26T14:25:39","date_gmt":"2021-10-26T13:25:39","guid":{"rendered":"https:\/\/kromacarwash.com\/proizvod\/pvc-nastavak-usisavaca\/"},"modified":"2021-10-26T14:25:45","modified_gmt":"2021-10-26T13:25:45","slug":"pvc-nastavak-usisavaca","status":"publish","type":"product","link":"https:\/\/kromacarwash.com\/bs\/p\/pvc-nastavak-usisavaca\/","title":{"rendered":"PVC nastavak usisava\u010da"},"content":{"rendered":"","protected":false},"excerpt":{"rendered":"<p>Plasti\u010dni nastavak usisava\u010da<\/p>\n","protected":false},"featured_media":263680,"template":"","meta":{"_et_pb_use_builder":"","_et_pb_old_content":"","_et_gb_content_width":"","rank_math_lock_modified_date":false},"product_cat":[263,270,264],"product_tag":[],"class_list":{"0":"post-269221","1":"product","2":"type-product","3":"status-publish","4":"has-post-thumbnail","6":"product_cat-oprema-i-rezervni-dijelovi-bs","7":"product_cat-oprema-za-usisavace-bs","8":"product_cat-rezervni-dijelovi-bs","10":"first","11":"instock","12":"taxable","13":"shipping-taxable","14":"purchasable","15":"product-type-simple"},"_links":{"self":[{"href":"https:\/\/kromacarwash.com\/bs\/wp-json\/wp\/v2\/product\/269221"}],"collection":[{"href":"https:\/\/kromacarwash.com\/bs\/wp-json\/wp\/v2\/product"}],"about":[{"href":"https:\/\/kromacarwash.com\/bs\/wp-json\/wp\/v2\/types\/product"}],"wp:featuredmedia":[{"embeddable":true,"href":"https:\/\/kromacarwash.com\/bs\/wp-json\/wp\/v2\/media\/263680"}],"wp:attachment":[{"href":"https:\/\/kromacarwash.com\/bs\/wp-json\/wp\/v2\/media?parent=269221"}],"wp:term":[{"taxonomy":"product_cat","embeddable":true,"href":"https:\/\/kromacarwash.com\/bs\/wp-json\/wp\/v2\/product_cat?post=269221"},{"taxonomy":"product_tag","embeddable":true,"href":"https:\/\/kromacarwash.com\/bs\/wp-json\/wp\/v2\/product_tag?post=269221"}],"curies":[{"name":"wp","href":"https:\/\/api.w.org\/{rel}","templated":true}]}}