{"id":269262,"date":"2021-10-26T14:26:01","date_gmt":"2021-10-26T13:26:01","guid":{"rendered":"https:\/\/kromacarwash.com\/proizvod\/magnetni-ventil-2-programa-mikroprah-burkert\/"},"modified":"2021-10-26T14:26:07","modified_gmt":"2021-10-26T13:26:07","slug":"magnetni-ventil-2-programa-mikroprah-burkert","status":"publish","type":"product","link":"https:\/\/kromacarwash.com\/bs\/p\/magnetni-ventil-2-programa-mikroprah-burkert\/","title":{"rendered":"Magnetni ventil  2. programa MIKROPRAH &#8211; B\u00fcrkert"},"content":{"rendered":"","protected":false},"excerpt":{"rendered":"<p>Elektromagnetni ventil B\u00fcrkert 2. programa &#8211; mikroprah na samposlu\u017enim autopraonicama BKF 0256 00267790 0-0,4 bar 24V DC 12W<\/p>\n","protected":false},"featured_media":262626,"template":"","meta":{"_et_pb_use_builder":"","_et_pb_old_content":"","_et_gb_content_width":"","rank_math_lock_modified_date":false},"product_cat":[263,264,276],"product_tag":[],"class_list":{"0":"post-269262","1":"product","2":"type-product","3":"status-publish","4":"has-post-thumbnail","6":"product_cat-oprema-i-rezervni-dijelovi-bs","7":"product_cat-rezervni-dijelovi-bs","8":"product_cat-ventili-bs","10":"first","11":"instock","12":"taxable","13":"shipping-taxable","14":"purchasable","15":"product-type-simple"},"_links":{"self":[{"href":"https:\/\/kromacarwash.com\/bs\/wp-json\/wp\/v2\/product\/269262"}],"collection":[{"href":"https:\/\/kromacarwash.com\/bs\/wp-json\/wp\/v2\/product"}],"about":[{"href":"https:\/\/kromacarwash.com\/bs\/wp-json\/wp\/v2\/types\/product"}],"wp:featuredmedia":[{"embeddable":true,"href":"https:\/\/kromacarwash.com\/bs\/wp-json\/wp\/v2\/media\/262626"}],"wp:attachment":[{"href":"https:\/\/kromacarwash.com\/bs\/wp-json\/wp\/v2\/media?parent=269262"}],"wp:term":[{"taxonomy":"product_cat","embeddable":true,"href":"https:\/\/kromacarwash.com\/bs\/wp-json\/wp\/v2\/product_cat?post=269262"},{"taxonomy":"product_tag","embeddable":true,"href":"https:\/\/kromacarwash.com\/bs\/wp-json\/wp\/v2\/product_tag?post=269262"}],"curies":[{"name":"wp","href":"https:\/\/api.w.org\/{rel}","templated":true}]}}