{"id":269270,"date":"2021-10-26T14:26:15","date_gmt":"2021-10-26T13:26:15","guid":{"rendered":"https:\/\/kromacarwash.com\/proizvod\/rucka-pistolja-s-konstantnim-protokom\/"},"modified":"2021-10-26T14:26:15","modified_gmt":"2021-10-26T13:26:15","slug":"rucka-pistolja-s-konstantnim-protokom","status":"publish","type":"product","link":"https:\/\/kromacarwash.com\/bs\/p\/rucka-pistolja-s-konstantnim-protokom\/","title":{"rendered":"Ru\u010dka pi\u0161tolja s konstantnim protokom"},"content":{"rendered":"","protected":false},"excerpt":{"rendered":"<p>Ru\u010dka pi\u0161tolja za pranje vozila sa konstantnim protokom vode za samoposlu\u017ene autopraonice bez bypass ventila na visokotla\u010dnoj pumpi<\/p>\n","protected":false},"featured_media":262770,"template":"","meta":{"_et_pb_use_builder":"","_et_pb_old_content":"","_et_gb_content_width":"","rank_math_lock_modified_date":false},"product_cat":[263,264,277],"product_tag":[],"class_list":{"0":"post-269270","1":"product","2":"type-product","3":"status-publish","4":"has-post-thumbnail","6":"product_cat-oprema-i-rezervni-dijelovi-bs","7":"product_cat-rezervni-dijelovi-bs","8":"product_cat-visokotlacna-oprema-bs","10":"first","11":"instock","12":"taxable","13":"shipping-taxable","14":"purchasable","15":"product-type-simple"},"_links":{"self":[{"href":"https:\/\/kromacarwash.com\/bs\/wp-json\/wp\/v2\/product\/269270"}],"collection":[{"href":"https:\/\/kromacarwash.com\/bs\/wp-json\/wp\/v2\/product"}],"about":[{"href":"https:\/\/kromacarwash.com\/bs\/wp-json\/wp\/v2\/types\/product"}],"wp:featuredmedia":[{"embeddable":true,"href":"https:\/\/kromacarwash.com\/bs\/wp-json\/wp\/v2\/media\/262770"}],"wp:attachment":[{"href":"https:\/\/kromacarwash.com\/bs\/wp-json\/wp\/v2\/media?parent=269270"}],"wp:term":[{"taxonomy":"product_cat","embeddable":true,"href":"https:\/\/kromacarwash.com\/bs\/wp-json\/wp\/v2\/product_cat?post=269270"},{"taxonomy":"product_tag","embeddable":true,"href":"https:\/\/kromacarwash.com\/bs\/wp-json\/wp\/v2\/product_tag?post=269270"}],"curies":[{"name":"wp","href":"https:\/\/api.w.org\/{rel}","templated":true}]}}