{"id":269271,"date":"2021-10-26T14:26:15","date_gmt":"2021-10-26T13:26:15","guid":{"rendered":"https:\/\/kromacarwash.com\/proizvod\/visokotlacno-crijevo-comfort-45-m\/"},"modified":"2021-10-26T14:26:16","modified_gmt":"2021-10-26T13:26:16","slug":"visokotlacno-crijevo-comfort-45-m","status":"publish","type":"product","link":"https:\/\/kromacarwash.com\/bs\/p\/visokotlacno-crijevo-comfort-45-m\/","title":{"rendered":"Visokotla\u010dno crijevo COMFORT 4,5 m"},"content":{"rendered":"","protected":false},"excerpt":{"rendered":"<p>Visokotla\u010dno crijevo COMFORT lagano du\u017eine 4,5 m<\/p>\n","protected":false},"featured_media":262746,"template":"","meta":{"_et_pb_use_builder":"","_et_pb_old_content":"","_et_gb_content_width":"","rank_math_lock_modified_date":false},"product_cat":[263,264,277],"product_tag":[],"class_list":{"0":"post-269271","1":"product","2":"type-product","3":"status-publish","4":"has-post-thumbnail","6":"product_cat-oprema-i-rezervni-dijelovi-bs","7":"product_cat-rezervni-dijelovi-bs","8":"product_cat-visokotlacna-oprema-bs","10":"first","11":"instock","12":"taxable","13":"shipping-taxable","14":"purchasable","15":"product-type-simple"},"_links":{"self":[{"href":"https:\/\/kromacarwash.com\/bs\/wp-json\/wp\/v2\/product\/269271"}],"collection":[{"href":"https:\/\/kromacarwash.com\/bs\/wp-json\/wp\/v2\/product"}],"about":[{"href":"https:\/\/kromacarwash.com\/bs\/wp-json\/wp\/v2\/types\/product"}],"wp:featuredmedia":[{"embeddable":true,"href":"https:\/\/kromacarwash.com\/bs\/wp-json\/wp\/v2\/media\/262746"}],"wp:attachment":[{"href":"https:\/\/kromacarwash.com\/bs\/wp-json\/wp\/v2\/media?parent=269271"}],"wp:term":[{"taxonomy":"product_cat","embeddable":true,"href":"https:\/\/kromacarwash.com\/bs\/wp-json\/wp\/v2\/product_cat?post=269271"},{"taxonomy":"product_tag","embeddable":true,"href":"https:\/\/kromacarwash.com\/bs\/wp-json\/wp\/v2\/product_tag?post=269271"}],"curies":[{"name":"wp","href":"https:\/\/api.w.org\/{rel}","templated":true}]}}