{"id":269283,"date":"2021-10-26T14:26:15","date_gmt":"2021-10-26T13:26:15","guid":{"rendered":"https:\/\/kromacarwash.com\/proizvod\/sipka-za-zatvaranje-vrata\/"},"modified":"2021-10-26T14:26:22","modified_gmt":"2021-10-26T13:26:22","slug":"sipka-za-zatvaranje-vrata","status":"publish","type":"product","link":"https:\/\/kromacarwash.com\/bs\/p\/sipka-za-zatvaranje-vrata\/","title":{"rendered":"\u0160ipka za zatvaranje vrata"},"content":{"rendered":"","protected":false},"excerpt":{"rendered":"<p>\u0160ipka za zatvaranje vrata na samoposlu\u017enim autopraonicam BKF<\/p>\n","protected":false},"featured_media":263968,"template":"","meta":{"_et_pb_use_builder":"","_et_pb_old_content":"","_et_gb_content_width":"","rank_math_lock_modified_date":false},"product_cat":[263,264,275],"product_tag":[],"class_list":{"0":"post-269283","1":"product","2":"type-product","3":"status-publish","4":"has-post-thumbnail","6":"product_cat-oprema-i-rezervni-dijelovi-bs","7":"product_cat-rezervni-dijelovi-bs","8":"product_cat-sustav-zatvaranja-vrata-bs","10":"first","11":"instock","12":"taxable","13":"shipping-taxable","14":"purchasable","15":"product-type-simple"},"_links":{"self":[{"href":"https:\/\/kromacarwash.com\/bs\/wp-json\/wp\/v2\/product\/269283"}],"collection":[{"href":"https:\/\/kromacarwash.com\/bs\/wp-json\/wp\/v2\/product"}],"about":[{"href":"https:\/\/kromacarwash.com\/bs\/wp-json\/wp\/v2\/types\/product"}],"wp:featuredmedia":[{"embeddable":true,"href":"https:\/\/kromacarwash.com\/bs\/wp-json\/wp\/v2\/media\/263968"}],"wp:attachment":[{"href":"https:\/\/kromacarwash.com\/bs\/wp-json\/wp\/v2\/media?parent=269283"}],"wp:term":[{"taxonomy":"product_cat","embeddable":true,"href":"https:\/\/kromacarwash.com\/bs\/wp-json\/wp\/v2\/product_cat?post=269283"},{"taxonomy":"product_tag","embeddable":true,"href":"https:\/\/kromacarwash.com\/bs\/wp-json\/wp\/v2\/product_tag?post=269283"}],"curies":[{"name":"wp","href":"https:\/\/api.w.org\/{rel}","templated":true}]}}