{"id":269294,"date":"2021-10-26T14:26:27","date_gmt":"2021-10-26T13:26:27","guid":{"rendered":"https:\/\/kromacarwash.com\/proizvod\/cetka-za-pistolj-90-mm\/"},"modified":"2021-10-26T14:26:29","modified_gmt":"2021-10-26T13:26:29","slug":"cetka-za-pistolj-90-mm","status":"publish","type":"product","link":"https:\/\/kromacarwash.com\/bs\/p\/cetka-za-pistolj-90-mm\/","title":{"rendered":"\u010cetka za pi\u0161tolj &#8211; 90 mm"},"content":{"rendered":"","protected":false},"excerpt":{"rendered":"<p>\u010cetka pi\u0161tolja za pranje vozila<\/p>\n","protected":false},"featured_media":262914,"template":"","meta":{"_et_pb_use_builder":"","_et_pb_old_content":"","_et_gb_content_width":"","rank_math_lock_modified_date":false},"product_cat":[263,271,264],"product_tag":[],"class_list":{"0":"post-269294","1":"product","2":"type-product","3":"status-publish","4":"has-post-thumbnail","6":"product_cat-oprema-i-rezervni-dijelovi-bs","7":"product_cat-pistolji-za-pjenu-i-cetke-bs","8":"product_cat-rezervni-dijelovi-bs","10":"first","11":"instock","12":"taxable","13":"shipping-taxable","14":"purchasable","15":"product-type-simple"},"_links":{"self":[{"href":"https:\/\/kromacarwash.com\/bs\/wp-json\/wp\/v2\/product\/269294"}],"collection":[{"href":"https:\/\/kromacarwash.com\/bs\/wp-json\/wp\/v2\/product"}],"about":[{"href":"https:\/\/kromacarwash.com\/bs\/wp-json\/wp\/v2\/types\/product"}],"wp:featuredmedia":[{"embeddable":true,"href":"https:\/\/kromacarwash.com\/bs\/wp-json\/wp\/v2\/media\/262914"}],"wp:attachment":[{"href":"https:\/\/kromacarwash.com\/bs\/wp-json\/wp\/v2\/media?parent=269294"}],"wp:term":[{"taxonomy":"product_cat","embeddable":true,"href":"https:\/\/kromacarwash.com\/bs\/wp-json\/wp\/v2\/product_cat?post=269294"},{"taxonomy":"product_tag","embeddable":true,"href":"https:\/\/kromacarwash.com\/bs\/wp-json\/wp\/v2\/product_tag?post=269294"}],"curies":[{"name":"wp","href":"https:\/\/api.w.org\/{rel}","templated":true}]}}