{"id":266387,"date":"2021-10-01T11:41:34","date_gmt":"2021-10-01T10:41:34","guid":{"rendered":"https:\/\/kromacarwash.com\/automatische-waschanlagen-fuer-lkw-und-busse-ceccato\/"},"modified":"2021-10-19T17:37:30","modified_gmt":"2021-10-19T16:37:30","slug":"automatische-waschanlagen-fuer-lkw-und-busse-ceccato","status":"publish","type":"page","link":"https:\/\/kromacarwash.com\/de\/automatische-waschanlagen-fuer-lkw-und-busse-ceccato\/","title":{"rendered":"Automatische Waschanlagen f\u00fcr Lkw und Busse &#8211; Ceccato"},"content":{"rendered":"<p>[et_pb_section fb_built=&#8221;1&#8243; _builder_version=&#8221;4.9.2&#8243; _module_preset=&#8221;default&#8221;][et_pb_row column_structure=&#8221;3_5,2_5&#8243; _builder_version=&#8221;4.9.2&#8243; _module_preset=&#8221;default&#8221;][et_pb_column type=&#8221;3_5&#8243; _builder_version=&#8221;4.9.2&#8243; _module_preset=&#8221;default&#8221;][et_pb_text _builder_version=&#8221;4.9.2&#8243; _module_preset=&#8221;default&#8221;]<\/p>\n<h1>Automatische Waschanlagen f\u00fcr Lkw und Busse &#8211; Ceccato<\/h1>\n<p>[\/et_pb_text][\/et_pb_column][et_pb_column type=&#8221;2_5&#8243; _builder_version=&#8221;4.9.2&#8243; _module_preset=&#8221;default&#8221;][\/et_pb_column][\/et_pb_row][\/et_pb_section][et_pb_section fb_built=&#8221;1&#8243; admin_label=&#8221;Services&#8221; _builder_version=&#8221;4.4.4&#8243; title_text_tablet=&#8221;upholsterer-41&#8243;][et_pb_row column_structure=&#8221;3_5,2_5&#8243; _builder_version=&#8221;4.9.2&#8243; custom_margin=&#8221;||||false|false&#8221; custom_margin_tablet=&#8221;-15%||||false|false&#8221; custom_margin_phone=&#8221;&#8221; custom_margin_last_edited=&#8221;on|phone&#8221;][et_pb_column type=&#8221;3_5&#8243; _builder_version=&#8221;4.9.2&#8243; border_width_all=&#8221;3px&#8221; border_color_all=&#8221;#11D8CE&#8221;][et_pb_blurb title=&#8221;Baltic&#8221; image=&#8221;https:\/\/kromacarwash.com\/wp-content\/uploads\/2021\/06\/kamioni-autobusi-ceccato-baltic.png&#8221; icon_alignment=&#8221;left&#8221; image_max_width=&#8221;100%&#8221; content_max_width=&#8221;100%&#8221; content_max_width_tablet=&#8221;100%&#8221; content_max_width_phone=&#8221;&#8221; content_max_width_last_edited=&#8221;on|tablet&#8221; _builder_version=&#8221;4.9.2&#8243; header_level=&#8221;h3&#8243; header_font_size=&#8221;35px&#8221; header_line_height=&#8221;1.2em&#8221; transform_translate=&#8221;-10%|-10%&#8221; text_orientation=&#8221;right&#8221; custom_margin=&#8221;-70px|||-30px|false|false&#8221; custom_margin_tablet=&#8221;&#8221; custom_margin_phone=&#8221;|||-10px|false|false&#8221; custom_margin_last_edited=&#8221;on|phone&#8221; animation_style=&#8221;slide&#8221; animation_direction=&#8221;bottom&#8221; animation_duration=&#8221;700ms&#8221; animation_intensity_slide=&#8221;2%&#8221; animation=&#8221;off&#8221; header_font_size_tablet=&#8221;28px&#8221; header_font_size_phone=&#8221;22px&#8221; header_font_size_last_edited=&#8221;on|phone&#8221; locked=&#8221;off&#8221;][\/et_pb_blurb][\/et_pb_column][et_pb_column type=&#8221;2_5&#8243; _builder_version=&#8221;4.9.2&#8243;][et_pb_text _builder_version=&#8221;4.9.2&#8243; text_font=&#8221;Rubik|300|||||||&#8221; header_2_font=&#8221;Rubik|300|||||||&#8221; header_2_font_size=&#8221;30px&#8221; header_2_line_height=&#8221;1.5em&#8221; header_4_font=&#8221;Rubik|700||on|||||&#8221; header_4_text_color=&#8221;#11d8ce&#8221; header_4_font_size=&#8221;12px&#8221; header_4_letter_spacing=&#8221;2px&#8221; header_4_line_height=&#8221;1.6em&#8221; header_2_font_size_tablet=&#8221;22px&#8221; header_2_font_size_phone=&#8221;20px&#8221; header_2_font_size_last_edited=&#8221;on|phone&#8221; header_4_font_size_tablet=&#8221;&#8221; header_4_font_size_phone=&#8221;&#8221; header_4_font_size_last_edited=&#8221;on|phone&#8221; locked=&#8221;off&#8221;]<\/p>\n<h4>BIS ZU 6 FAHRZEUGE PRO STUNDE<\/h4>\n<p><span>Robustes, effizientes und professionelles System f\u00fcr die gewerbliche W\u00e4sche gro\u00dfer Fahrzeuge (Lkw, Busse&#8230;), das die beste Waschleistung garantiert.<\/span><\/p>\n<p><span>Die ideale L\u00f6sung f\u00fcr die Reinigung von Nutzfahrzeugen, privaten und \u00f6ffentlichen Verkehrsbetrieben, Bau- und Landmaschinen und anderen gro\u00dfen Fahrzeugen.<\/span><\/p>\n<p><span>Sie ist standardm\u00e4\u00dfig mit einem tragenden Schlauch- und Kabelsystem und einer verzinkten Konstruktion ausgestattet.<\/span><\/p>\n<p><span>Zu den zus\u00e4tzlichen Optionen geh\u00f6ren bis zu 3 Chemikalien, eine Hochdruckwaschanlage, eine Fahrgestellwaschanlage &#8211; Bodenw\u00e4sche, Ampeln, Spritzschutz, eine Radf\u00fchrung f\u00fcr eine genauere Fahrzeugpositionierung und zus\u00e4tzliche Farben.<\/span><\/p>\n<p>[\/et_pb_text][et_pb_text _builder_version=&#8221;4.9.2&#8243; text_font=&#8221;Rubik|300|||||||&#8221; header_2_font=&#8221;Rubik|300|||||||&#8221; header_2_font_size=&#8221;30px&#8221; header_2_line_height=&#8221;1.5em&#8221; header_4_font=&#8221;Rubik|700||on|||||&#8221; header_4_text_color=&#8221;#11d8ce&#8221; header_4_font_size=&#8221;12px&#8221; header_4_letter_spacing=&#8221;2px&#8221; header_4_line_height=&#8221;1.6em&#8221; custom_margin=&#8221;50px||||false|false&#8221; header_2_font_size_tablet=&#8221;22px&#8221; header_2_font_size_phone=&#8221;20px&#8221; header_2_font_size_last_edited=&#8221;on|phone&#8221; header_4_font_size_tablet=&#8221;&#8221; header_4_font_size_phone=&#8221;&#8221; header_4_font_size_last_edited=&#8221;on|phone&#8221; locked=&#8221;off&#8221;]<\/p>\n<h4>ABMESSUNGEN<\/h4>\n<p>[\/et_pb_text][et_pb_tabs active_tab_background_color=&#8221;#11D8CE&#8221; inactive_tab_background_color=&#8221;RGBA(0,0,0,0)&#8221; active_tab_text_color=&#8221;#FFFFFF&#8221; _builder_version=&#8221;4.9.2&#8243; _module_preset=&#8221;default&#8221; tab_text_color=&#8221;#303644&#8243; custom_margin_tablet=&#8221;&#8221; custom_margin_phone=&#8221;&#8221; custom_margin_last_edited=&#8221;on|phone&#8221; border_width_all=&#8221;0px&#8221; border_width_top=&#8221;1px&#8221; border_color_top=&#8221;#11D8CE&#8221; border_width_bottom=&#8221;1px&#8221; border_color_bottom=&#8221;#11D8CE&#8221; locked=&#8221;off&#8221;][et_pb_tab title=&#8221;mod 420&#8243; _builder_version=&#8221;4.9.2&#8243; _module_preset=&#8221;default&#8221;]<\/p>\n<p>BALTIC<\/p>\n<p><img decoding=\"async\" src=\"https:\/\/kromacarwash.com\/wp-content\/uploads\/2021\/06\/automatska-autopraonica-kamioni-autobusi-ceccato-baltic-mod420-300x217.png\" width=\"300\" height=\"217\" alt=\"\" class=\"wp-image-258941 alignnone size-medium\" srcset=\"https:\/\/kromacarwash.com\/wp-content\/uploads\/2021\/06\/automatska-autopraonica-kamioni-autobusi-ceccato-baltic-mod420-300x217.png 300w, https:\/\/kromacarwash.com\/wp-content\/uploads\/2021\/06\/automatska-autopraonica-kamioni-autobusi-ceccato-baltic-mod420.png 350w\" sizes=\"(max-width: 300px) 100vw, 300px\" \/><\/p>\n<p>[\/et_pb_tab][et_pb_tab title=&#8221;mod 470&#8243; _builder_version=&#8221;4.9.2&#8243; _module_preset=&#8221;default&#8221;]<\/p>\n<p>BALTIC<\/p>\n<p><img decoding=\"async\" src=\"https:\/\/kromacarwash.com\/wp-content\/uploads\/2021\/06\/automatska-autopraonica-kamioni-autobusi-ceccato-baltic-mod470-300x217.png\" width=\"300\" height=\"217\" alt=\"\" class=\"wp-image-258949 alignnone size-medium\" srcset=\"https:\/\/kromacarwash.com\/wp-content\/uploads\/2021\/06\/automatska-autopraonica-kamioni-autobusi-ceccato-baltic-mod470-300x217.png 300w, https:\/\/kromacarwash.com\/wp-content\/uploads\/2021\/06\/automatska-autopraonica-kamioni-autobusi-ceccato-baltic-mod470.png 350w\" sizes=\"(max-width: 300px) 100vw, 300px\" \/><\/p>\n<p>[\/et_pb_tab][\/et_pb_tabs][\/et_pb_column][\/et_pb_row][et_pb_row column_structure=&#8221;3_5,2_5&#8243; _builder_version=&#8221;4.9.2&#8243; _module_preset=&#8221;default&#8221; custom_padding=&#8221;0px||0px||true|false&#8221;][et_pb_column type=&#8221;3_5&#8243; _builder_version=&#8221;4.9.2&#8243; _module_preset=&#8221;default&#8221;][\/et_pb_column][et_pb_column type=&#8221;2_5&#8243; _builder_version=&#8221;4.9.2&#8243; _module_preset=&#8221;default&#8221; background_color=&#8221;#DF3333&#8243;][et_pb_button button_url=&#8221;https:\/\/kromacarwash.com\/wp-content\/uploads\/2021\/06\/automatska-autopraonica-kamioni-autobusi-ceccato-baltic-lfo.pdf&#8221; url_new_window=&#8221;on&#8221; button_text=&#8221;SPEZIFIKATION&#8221; button_alignment=&#8221;right&#8221; button_alignment_tablet=&#8221;&#8221; button_alignment_phone=&#8221;center&#8221; button_alignment_last_edited=&#8221;on|tablet&#8221; _builder_version=&#8221;4.9.2&#8243; _module_preset=&#8221;default&#8221; custom_button=&#8221;on&#8221; button_text_size=&#8221;12px&#8221; button_bg_color=&#8221;#DF3333&#8243; button_border_width=&#8221;0px&#8221; button_border_radius=&#8221;0px&#8221; button_letter_spacing=&#8221;2px&#8221; button_font=&#8221;|700||on|||||&#8221; button_on_hover=&#8221;off&#8221; background_layout=&#8221;dark&#8221; custom_padding=&#8221;10px|40px|10px|40px|true|true&#8221; custom_padding_tablet=&#8221;&#8221; custom_padding_phone=&#8221;|0px||0px|true|true&#8221; custom_padding_last_edited=&#8221;on|phone&#8221; locked=&#8221;off&#8221;][\/et_pb_button][\/et_pb_column][\/et_pb_row][\/et_pb_section][et_pb_section fb_built=&#8221;1&#8243; admin_label=&#8221;Services&#8221; _builder_version=&#8221;4.9.2&#8243; title_text_tablet=&#8221;upholsterer-41&#8243;][et_pb_row column_structure=&#8221;3_5,2_5&#8243; _builder_version=&#8221;4.9.2&#8243; custom_margin=&#8221;80px||||false|false&#8221; custom_margin_tablet=&#8221;15%||||false|false&#8221; custom_margin_phone=&#8221;&#8221; custom_margin_last_edited=&#8221;on|phone&#8221;][et_pb_column type=&#8221;3_5&#8243; _builder_version=&#8221;4.9.2&#8243; border_width_all=&#8221;3px&#8221; border_color_all=&#8221;#11D8CE&#8221;][et_pb_blurb title=&#8221;LFO&#8221; image=&#8221;https:\/\/kromacarwash.com\/wp-content\/uploads\/2021\/06\/kamioni-autobusi-ceccato-lfo.png&#8221; image_max_width=&#8221;100%&#8221; content_max_width=&#8221;100%&#8221; content_max_width_tablet=&#8221;100%&#8221; content_max_width_phone=&#8221;&#8221; content_max_width_last_edited=&#8221;on|tablet&#8221; _builder_version=&#8221;4.9.2&#8243; header_level=&#8221;h3&#8243; header_font_size=&#8221;35px&#8221; header_line_height=&#8221;1.2em&#8221; transform_translate=&#8221;-10%|-10%&#8221; text_orientation=&#8221;right&#8221; custom_margin=&#8221;-80px|||-30px|false|false&#8221; custom_margin_tablet=&#8221;&#8221; custom_margin_phone=&#8221;|||0px|false|false&#8221; custom_margin_last_edited=&#8221;on|phone&#8221; animation_style=&#8221;slide&#8221; animation_direction=&#8221;bottom&#8221; animation_duration=&#8221;700ms&#8221; animation_intensity_slide=&#8221;2%&#8221; animation=&#8221;off&#8221; header_font_size_tablet=&#8221;28px&#8221; header_font_size_phone=&#8221;22px&#8221; header_font_size_last_edited=&#8221;on|phone&#8221; locked=&#8221;off&#8221;][\/et_pb_blurb][\/et_pb_column][et_pb_column type=&#8221;2_5&#8243; _builder_version=&#8221;4.9.2&#8243;][et_pb_text _builder_version=&#8221;4.9.2&#8243; text_font=&#8221;Rubik|300|||||||&#8221; header_2_font=&#8221;Rubik|300|||||||&#8221; header_2_font_size=&#8221;30px&#8221; header_2_line_height=&#8221;1.5em&#8221; header_4_font=&#8221;Rubik|700||on|||||&#8221; header_4_text_color=&#8221;#11d8ce&#8221; header_4_font_size=&#8221;12px&#8221; header_4_letter_spacing=&#8221;2px&#8221; header_4_line_height=&#8221;1.6em&#8221; header_2_font_size_tablet=&#8221;22px&#8221; header_2_font_size_phone=&#8221;20px&#8221; header_2_font_size_last_edited=&#8221;on|phone&#8221; header_4_font_size_tablet=&#8221;&#8221; header_4_font_size_phone=&#8221;&#8221; header_4_font_size_last_edited=&#8221;on|phone&#8221; locked=&#8221;off&#8221;]<\/p>\n<h4>BIS ZU 60 FAHRZEUGE PRO STUNDE<\/h4>\n<p><span>Baltische Qualit\u00e4t und Langlebigkeit mit der Geschwindigkeit eines Autowaschtunnels. Waschanlage f\u00fcr gro\u00dfe Fahrzeuge.<\/span><\/p>\n<p><span>Ideales System f\u00fcr gro\u00dfe Bus- und LKW-Flotten. Einfach zu bedienen und kosteng\u00fcnstig in Betrieb und Wartung. <\/span><\/p>\n<p><span>Sie ist standardm\u00e4\u00dfig mit einem tragenden Schlauch- und Kabelsystem und einer verzinkten Konstruktion ausgestattet.<\/span><\/p>\n<p><span>Zu den zus\u00e4tzlichen Optionen geh\u00f6ren bis zu 3 Chemikalien, eine Hochdruckwaschanlage, eine Fahrgestellwaschanlage &#8211; Bodenw\u00e4sche, Ampeln, Spritzschutz, eine Radf\u00fchrung f\u00fcr eine genauere Fahrzeugpositionierung und zus\u00e4tzliche Farben.<\/span><\/p>\n<p><span>Angesichts der Komplexit\u00e4t und der zahlreichen M\u00f6glichkeiten der Individualisierung der Ger\u00e4te, ist es notwendig, ein Gespr\u00e4ch zu f\u00fchren, bevor das Angebot abgeschlossen wird.<\/span><\/p>\n<p>[\/et_pb_text][et_pb_text _builder_version=&#8221;4.9.2&#8243; text_font=&#8221;Rubik|300|||||||&#8221; header_2_font=&#8221;Rubik|300|||||||&#8221; header_2_font_size=&#8221;30px&#8221; header_2_line_height=&#8221;1.5em&#8221; header_4_font=&#8221;Rubik|700||on|||||&#8221; header_4_text_color=&#8221;#11d8ce&#8221; header_4_font_size=&#8221;12px&#8221; header_4_letter_spacing=&#8221;2px&#8221; header_4_line_height=&#8221;1.6em&#8221; custom_margin=&#8221;50px||||false|false&#8221; header_2_font_size_tablet=&#8221;22px&#8221; header_2_font_size_phone=&#8221;20px&#8221; header_2_font_size_last_edited=&#8221;on|phone&#8221; header_4_font_size_tablet=&#8221;&#8221; header_4_font_size_phone=&#8221;&#8221; header_4_font_size_last_edited=&#8221;on|phone&#8221; locked=&#8221;off&#8221;]<\/p>\n<h4>ABMESSUNGEN<\/h4>\n<p>[\/et_pb_text][et_pb_tabs active_tab_background_color=&#8221;#11D8CE&#8221; inactive_tab_background_color=&#8221;RGBA(0,0,0,0)&#8221; active_tab_text_color=&#8221;#FFFFFF&#8221; _builder_version=&#8221;4.9.2&#8243; _module_preset=&#8221;default&#8221; tab_text_color=&#8221;#303644&#8243; custom_margin_tablet=&#8221;&#8221; custom_margin_phone=&#8221;&#8221; custom_margin_last_edited=&#8221;on|phone&#8221; border_width_all=&#8221;0px&#8221; border_width_top=&#8221;1px&#8221; border_color_top=&#8221;#11D8CE&#8221; border_width_bottom=&#8221;1px&#8221; border_color_bottom=&#8221;#11D8CE&#8221; locked=&#8221;off&#8221;][et_pb_tab title=&#8221;LFO 435&#8243; _builder_version=&#8221;4.9.2&#8243; _module_preset=&#8221;default&#8221;]<\/p>\n<p><strong>4<\/strong> B\u00fcrsten<\/p>\n<p><img decoding=\"async\" src=\"https:\/\/kromacarwash.com\/wp-content\/uploads\/2021\/06\/kamioni-autobusi-ceccato-lfo-435-635-300x217.png\" width=\"300\" height=\"217\" alt=\"\" class=\"wp-image-258971 alignnone size-medium\" srcset=\"https:\/\/kromacarwash.com\/wp-content\/uploads\/2021\/06\/kamioni-autobusi-ceccato-lfo-435-635-300x217.png 300w, https:\/\/kromacarwash.com\/wp-content\/uploads\/2021\/06\/kamioni-autobusi-ceccato-lfo-435-635.png 350w\" sizes=\"(max-width: 300px) 100vw, 300px\" \/><\/p>\n<p>[\/et_pb_tab][et_pb_tab title=&#8221;LFO 445&#8243; _builder_version=&#8221;4.9.2&#8243; _module_preset=&#8221;default&#8221;]<\/p>\n<p><strong>4<\/strong> B\u00fcrsten<\/p>\n<p><img decoding=\"async\" src=\"https:\/\/kromacarwash.com\/wp-content\/uploads\/2021\/06\/kamioni-autobusi-ceccato-lfo-445-645-300x217.png\" width=\"300\" height=\"217\" alt=\"\" class=\"wp-image-258979 alignnone size-medium\" srcset=\"https:\/\/kromacarwash.com\/wp-content\/uploads\/2021\/06\/kamioni-autobusi-ceccato-lfo-445-645-300x217.png 300w, https:\/\/kromacarwash.com\/wp-content\/uploads\/2021\/06\/kamioni-autobusi-ceccato-lfo-445-645.png 350w\" sizes=\"(max-width: 300px) 100vw, 300px\" \/><\/p>\n<p>[\/et_pb_tab][et_pb_tab title=&#8221;LFO 535&#8243; _builder_version=&#8221;4.9.2&#8243; _module_preset=&#8221;default&#8221;]<\/p>\n<p><strong>5<\/strong> B\u00fcrsten <\/p>\n<p><img decoding=\"async\" src=\"https:\/\/kromacarwash.com\/wp-content\/uploads\/2021\/06\/kamioni-autobusi-ceccato-lfo-535-735-300x217.png\" width=\"300\" height=\"217\" alt=\"\" class=\"wp-image-258987 alignnone size-medium\" srcset=\"https:\/\/kromacarwash.com\/wp-content\/uploads\/2021\/06\/kamioni-autobusi-ceccato-lfo-535-735-300x217.png 300w, https:\/\/kromacarwash.com\/wp-content\/uploads\/2021\/06\/kamioni-autobusi-ceccato-lfo-535-735.png 350w\" sizes=\"(max-width: 300px) 100vw, 300px\" \/><\/p>\n<p>[\/et_pb_tab][et_pb_tab title=&#8221;LFO 545&#8243; _builder_version=&#8221;4.9.2&#8243; _module_preset=&#8221;default&#8221;]<\/p>\n<p><strong>5<\/strong> B\u00fcrsten<\/p>\n<p><img decoding=\"async\" src=\"https:\/\/kromacarwash.com\/wp-content\/uploads\/2021\/06\/kamioni-autobusi-ceccato-lfo-545-745-300x217.png\" width=\"300\" height=\"217\" alt=\"\" class=\"wp-image-258995 alignnone size-medium\" srcset=\"https:\/\/kromacarwash.com\/wp-content\/uploads\/2021\/06\/kamioni-autobusi-ceccato-lfo-545-745-300x217.png 300w, https:\/\/kromacarwash.com\/wp-content\/uploads\/2021\/06\/kamioni-autobusi-ceccato-lfo-545-745.png 350w\" sizes=\"(max-width: 300px) 100vw, 300px\" \/><\/p>\n<p>[\/et_pb_tab][et_pb_tab title=&#8221;LFO 635&#8243; _builder_version=&#8221;4.9.2&#8243; _module_preset=&#8221;default&#8221;]<\/p>\n<p><strong>6<\/strong> B\u00fcrsten<\/p>\n<p><img decoding=\"async\" src=\"https:\/\/kromacarwash.com\/wp-content\/uploads\/2021\/06\/kamioni-autobusi-ceccato-lfo-435-635-300x217.png\" width=\"300\" height=\"217\" alt=\"\" class=\"wp-image-258971 alignnone size-medium\" srcset=\"https:\/\/kromacarwash.com\/wp-content\/uploads\/2021\/06\/kamioni-autobusi-ceccato-lfo-435-635-300x217.png 300w, https:\/\/kromacarwash.com\/wp-content\/uploads\/2021\/06\/kamioni-autobusi-ceccato-lfo-435-635.png 350w\" sizes=\"(max-width: 300px) 100vw, 300px\" \/><\/p>\n<p>[\/et_pb_tab][et_pb_tab title=&#8221;LFO 645&#8243; _builder_version=&#8221;4.9.2&#8243; _module_preset=&#8221;default&#8221;]<\/p>\n<p><strong>6<\/strong> B\u00fcrsten<\/p>\n<p><img decoding=\"async\" src=\"https:\/\/kromacarwash.com\/wp-content\/uploads\/2021\/06\/kamioni-autobusi-ceccato-lfo-445-645-300x217.png\" width=\"300\" height=\"217\" alt=\"\" class=\"wp-image-258979 alignnone size-medium\" srcset=\"https:\/\/kromacarwash.com\/wp-content\/uploads\/2021\/06\/kamioni-autobusi-ceccato-lfo-445-645-300x217.png 300w, https:\/\/kromacarwash.com\/wp-content\/uploads\/2021\/06\/kamioni-autobusi-ceccato-lfo-445-645.png 350w\" sizes=\"(max-width: 300px) 100vw, 300px\" \/><\/p>\n<p>[\/et_pb_tab][et_pb_tab title=&#8221;LFO 735&#8243; _builder_version=&#8221;4.9.2&#8243; _module_preset=&#8221;default&#8221;]<\/p>\n<p><strong>7<\/strong> B\u00fcrsten <\/p>\n<p><img decoding=\"async\" src=\"https:\/\/kromacarwash.com\/wp-content\/uploads\/2021\/06\/kamioni-autobusi-ceccato-lfo-535-735-300x217.png\" width=\"300\" height=\"217\" alt=\"\" class=\"wp-image-258987 alignnone size-medium\" srcset=\"https:\/\/kromacarwash.com\/wp-content\/uploads\/2021\/06\/kamioni-autobusi-ceccato-lfo-535-735-300x217.png 300w, https:\/\/kromacarwash.com\/wp-content\/uploads\/2021\/06\/kamioni-autobusi-ceccato-lfo-535-735.png 350w\" sizes=\"(max-width: 300px) 100vw, 300px\" \/><\/p>\n<p>[\/et_pb_tab][et_pb_tab title=&#8221;LFO 745&#8243; _builder_version=&#8221;4.9.2&#8243; _module_preset=&#8221;default&#8221;]<\/p>\n<p><strong>7<\/strong> B\u00fcrsten <\/p>\n<p><img decoding=\"async\" src=\"https:\/\/kromacarwash.com\/wp-content\/uploads\/2021\/06\/kamioni-autobusi-ceccato-lfo-545-745-300x217.png\" width=\"300\" height=\"217\" alt=\"\" class=\"wp-image-258995 alignnone size-medium\" srcset=\"https:\/\/kromacarwash.com\/wp-content\/uploads\/2021\/06\/kamioni-autobusi-ceccato-lfo-545-745-300x217.png 300w, https:\/\/kromacarwash.com\/wp-content\/uploads\/2021\/06\/kamioni-autobusi-ceccato-lfo-545-745.png 350w\" sizes=\"(max-width: 300px) 100vw, 300px\" \/><\/p>\n<p>[\/et_pb_tab][\/et_pb_tabs][\/et_pb_column][\/et_pb_row][et_pb_row column_structure=&#8221;3_5,2_5&#8243; _builder_version=&#8221;4.9.2&#8243; _module_preset=&#8221;default&#8221; custom_padding=&#8221;0px||0px||true|false&#8221;][et_pb_column type=&#8221;3_5&#8243; _builder_version=&#8221;4.9.2&#8243; _module_preset=&#8221;default&#8221;][\/et_pb_column][et_pb_column type=&#8221;2_5&#8243; _builder_version=&#8221;4.9.2&#8243; _module_preset=&#8221;default&#8221; background_color=&#8221;#DF3333&#8243;][et_pb_button button_url=&#8221;https:\/\/kromacarwash.com\/wp-content\/uploads\/2021\/06\/automatska-autopraonica-kamioni-autobusi-ceccato-baltic-lfo.pdf&#8221; url_new_window=&#8221;on&#8221; button_text=&#8221;SPEZIFIKATION&#8221; button_alignment=&#8221;right&#8221; button_alignment_tablet=&#8221;&#8221; button_alignment_phone=&#8221;center&#8221; button_alignment_last_edited=&#8221;on|tablet&#8221; _builder_version=&#8221;4.9.2&#8243; _module_preset=&#8221;default&#8221; custom_button=&#8221;on&#8221; button_text_size=&#8221;12px&#8221; button_bg_color=&#8221;#DF3333&#8243; button_border_width=&#8221;0px&#8221; button_border_radius=&#8221;0px&#8221; button_letter_spacing=&#8221;2px&#8221; button_font=&#8221;|700||on|||||&#8221; button_on_hover=&#8221;off&#8221; background_layout=&#8221;dark&#8221; custom_padding=&#8221;10px|40px|10px|40px|true|true&#8221; custom_padding_tablet=&#8221;&#8221; custom_padding_phone=&#8221;|0px||0px|true|true&#8221; custom_padding_last_edited=&#8221;on|phone&#8221; locked=&#8221;off&#8221;][\/et_pb_button][\/et_pb_column][\/et_pb_row][et_pb_row _builder_version=&#8221;4.9.7&#8243; _module_preset=&#8221;default&#8221; locked=&#8221;off&#8221;][et_pb_column type=&#8221;4_4&#8243; _builder_version=&#8221;4.9.7&#8243; _module_preset=&#8221;default&#8221;][et_pb_button button_url=&#8221;\/de\/reference\/&#8221; url_new_window=&#8221;on&#8221; button_text=&#8221;REFERENZEN SEHEN&#8221; button_alignment=&#8221;right&#8221; button_alignment_tablet=&#8221;center&#8221; button_alignment_phone=&#8221;center&#8221; button_alignment_last_edited=&#8221;on|tablet&#8221; _builder_version=&#8221;4.9.10&#8243; custom_button=&#8221;on&#8221; button_text_size=&#8221;12px&#8221; button_text_color=&#8221;#303644&#8243; button_border_width=&#8221;0px&#8221; button_border_radius=&#8221;0px&#8221; button_letter_spacing=&#8221;2px&#8221; button_font=&#8221;|700||on|||||&#8221; button_on_hover=&#8221;off&#8221; custom_padding=&#8221;|||0px|false|false&#8221; hover_enabled=&#8221;0&#8243; locked=&#8221;off&#8221; sticky_enabled=&#8221;0&#8243;][\/et_pb_button][\/et_pb_column][\/et_pb_row][\/et_pb_section]<\/p>\n","protected":false},"excerpt":{"rendered":"<p>Automatische Waschanlagen f\u00fcr Lkw und Busse &#8211; CeccatoBIS ZU 6 FAHRZEUGE PRO STUNDE Robustes, effizientes und professionelles System f\u00fcr die gewerbliche W\u00e4sche gro\u00dfer Fahrzeuge (Lkw, Busse&#8230;), das die beste Waschleistung garantiert. Die ideale L\u00f6sung f\u00fcr die Reinigung von Nutzfahrzeugen, privaten und \u00f6ffentlichen Verkehrsbetrieben, Bau- und Landmaschinen und anderen gro\u00dfen Fahrzeugen. Sie ist standardm\u00e4\u00dfig mit einem [&hellip;]<\/p>\n","protected":false},"author":13,"featured_media":0,"parent":0,"menu_order":0,"comment_status":"closed","ping_status":"closed","template":"","meta":{"_et_pb_use_builder":"on","_et_pb_old_content":"","_et_gb_content_width":"","rank_math_lock_modified_date":false,"footnotes":""},"class_list":["post-266387","page","type-page","status-publish","hentry"],"_links":{"self":[{"href":"https:\/\/kromacarwash.com\/de\/wp-json\/wp\/v2\/pages\/266387"}],"collection":[{"href":"https:\/\/kromacarwash.com\/de\/wp-json\/wp\/v2\/pages"}],"about":[{"href":"https:\/\/kromacarwash.com\/de\/wp-json\/wp\/v2\/types\/page"}],"author":[{"embeddable":true,"href":"https:\/\/kromacarwash.com\/de\/wp-json\/wp\/v2\/users\/13"}],"replies":[{"embeddable":true,"href":"https:\/\/kromacarwash.com\/de\/wp-json\/wp\/v2\/comments?post=266387"}],"version-history":[{"count":2,"href":"https:\/\/kromacarwash.com\/de\/wp-json\/wp\/v2\/pages\/266387\/revisions"}],"predecessor-version":[{"id":267127,"href":"https:\/\/kromacarwash.com\/de\/wp-json\/wp\/v2\/pages\/266387\/revisions\/267127"}],"wp:attachment":[{"href":"https:\/\/kromacarwash.com\/de\/wp-json\/wp\/v2\/media?parent=266387"}],"curies":[{"name":"wp","href":"https:\/\/api.w.org\/{rel}","templated":true}]}}