{"id":266399,"date":"2021-10-01T12:12:19","date_gmt":"2021-10-01T11:12:19","guid":{"rendered":"https:\/\/kromacarwash.com\/waschmaschinen-fuer-besondere-zwecke\/"},"modified":"2021-12-04T13:23:25","modified_gmt":"2021-12-04T12:23:25","slug":"waschmaschinen-fuer-besondere-zwecke","status":"publish","type":"page","link":"https:\/\/kromacarwash.com\/de\/waschmaschinen-fuer-besondere-zwecke\/","title":{"rendered":"Waschmaschinen f\u00fcr besondere Zwecke"},"content":{"rendered":"<p>[et_pb_section fb_built=&#8221;1&#8243; _builder_version=&#8221;4.9.2&#8243; _module_preset=&#8221;default&#8221;][et_pb_row _builder_version=&#8221;4.9.2&#8243; _module_preset=&#8221;default&#8221;][et_pb_column type=&#8221;4_4&#8243; _builder_version=&#8221;4.9.2&#8243; _module_preset=&#8221;default&#8221;][et_pb_text _builder_version=&#8221;4.9.10&#8243; _module_preset=&#8221;default&#8221;]<\/p>\n<h1>Besondere Zwecke<\/h1>\n<p>[\/et_pb_text][\/et_pb_column][\/et_pb_row][\/et_pb_section][et_pb_section fb_built=&#8221;1&#8243; admin_label=&#8221;Services&#8221; _builder_version=&#8221;4.4.4&#8243; title_text_tablet=&#8221;upholsterer-41&#8243;][et_pb_row column_structure=&#8221;3_5,2_5&#8243; _builder_version=&#8221;4.9.2&#8243; custom_margin_tablet=&#8221;&#8221; custom_margin_phone=&#8221;&#8221; custom_margin_last_edited=&#8221;on|phone&#8221;][et_pb_column type=&#8221;3_5&#8243; _builder_version=&#8221;4.9.2&#8243; border_width_all=&#8221;3px&#8221; border_color_all=&#8221;#11D8CE&#8221;][et_pb_blurb title=&#8221;Ceccato Portal&#8221; image=&#8221;https:\/\/kromacarwash.com\/wp-content\/uploads\/2021\/06\/specijalne-namjene-portalna-praonica-za-vlakove-ceccato-gantry.png&#8221; icon_alignment=&#8221;left&#8221; image_max_width=&#8221;100%&#8221; content_max_width=&#8221;100%&#8221; content_max_width_tablet=&#8221;100%&#8221; content_max_width_phone=&#8221;&#8221; content_max_width_last_edited=&#8221;on|tablet&#8221; _builder_version=&#8221;4.9.2&#8243; header_level=&#8221;h3&#8243; header_font_size=&#8221;35px&#8221; header_line_height=&#8221;1.2em&#8221; transform_translate=&#8221;-10%|-10%&#8221; text_orientation=&#8221;right&#8221; custom_margin=&#8221;-70px|||-30px|false|false&#8221; custom_margin_tablet=&#8221;&#8221; custom_margin_phone=&#8221;|||-10px|false|false&#8221; custom_margin_last_edited=&#8221;on|phone&#8221; animation_style=&#8221;slide&#8221; animation_direction=&#8221;bottom&#8221; animation_duration=&#8221;700ms&#8221; animation_intensity_slide=&#8221;2%&#8221; animation=&#8221;off&#8221; header_font_size_tablet=&#8221;28px&#8221; header_font_size_phone=&#8221;22px&#8221; header_font_size_last_edited=&#8221;on|phone&#8221; locked=&#8221;off&#8221;][\/et_pb_blurb][\/et_pb_column][et_pb_column type=&#8221;2_5&#8243; _builder_version=&#8221;4.9.2&#8243;][et_pb_text _builder_version=&#8221;4.9.7&#8243; text_font=&#8221;Rubik|300|||||||&#8221; header_2_font=&#8221;Rubik|300|||||||&#8221; header_2_font_size=&#8221;30px&#8221; header_2_line_height=&#8221;1.5em&#8221; header_4_font=&#8221;Rubik|700||on|||||&#8221; header_4_text_color=&#8221;#11d8ce&#8221; header_4_font_size=&#8221;12px&#8221; header_4_letter_spacing=&#8221;2px&#8221; header_4_line_height=&#8221;1.6em&#8221; header_2_font_size_tablet=&#8221;22px&#8221; header_2_font_size_phone=&#8221;20px&#8221; header_2_font_size_last_edited=&#8221;on|phone&#8221; header_4_font_size_tablet=&#8221;&#8221; header_4_font_size_phone=&#8221;&#8221; header_4_font_size_last_edited=&#8221;on|phone&#8221; locked=&#8221;off&#8221;]<\/p>\n<p>Automatische Portalwaschanlage zum Waschen von Z\u00fcgen. Hohe Waschqualit\u00e4t und einfache Installation und Bedienung.<\/p>\n<p>Die ideale L\u00f6sung f\u00fcr das Waschen von Stadt- und Vorortz\u00fcgen oder k\u00fcrzeren Kompositionen.<\/p>\n<p>Die Anzahl und Konfiguration der B\u00fcrsten h\u00e4ngt von der Art der zu waschenden Z\u00fcge ab. M\u00f6gliche Kombination von B\u00fcrstenw\u00e4sche und Hochdruck f\u00fcr h\u00f6chste Waschqualit\u00e4t.<\/p>\n<p>Das Portal kann so programmiert werden, dass jedes Fahrzeug anders gewaschen wird, um maximale Effizienz und Geschwindigkeit zu erreichen.<\/p>\n<p>In Anbetracht der Komplexit\u00e4t und der umfangreichen M\u00f6glichkeiten zur Individualisierung der Ausstattung ist es notwendig, ein Gespr\u00e4ch zu f\u00fchren, bevor das Angebot endg\u00fcltig festgelegt wird.<\/p>\n<p>[\/et_pb_text][et_pb_blurb use_icon=&#8221;on&#8221; font_icon=&#8221;%%61%%&#8221; icon_color=&#8221;#DF3333&#8243; icon_placement=&#8221;left&#8221; content_max_width=&#8221;100%&#8221; use_icon_font_size=&#8221;on&#8221; icon_font_size=&#8221;20px&#8221; _builder_version=&#8221;4.9.2&#8243; header_font=&#8221;Rubik|600|||||||&#8221; header_font_size=&#8221;14px&#8221; header_line_height=&#8221;1.4em&#8221; body_font=&#8221;Rubik|300|||||||&#8221; custom_margin=&#8221;||5px||false|false&#8221; animation=&#8221;off&#8221; locked=&#8221;off&#8221;]<\/p>\n<p>Seite des Zuges<\/p>\n<p>[\/et_pb_blurb][et_pb_blurb use_icon=&#8221;on&#8221; font_icon=&#8221;%%61%%&#8221; icon_color=&#8221;#DF3333&#8243; icon_placement=&#8221;left&#8221; content_max_width=&#8221;100%&#8221; use_icon_font_size=&#8221;on&#8221; icon_font_size=&#8221;20px&#8221; _builder_version=&#8221;4.9.2&#8243; header_font=&#8221;Rubik|600|||||||&#8221; header_font_size=&#8221;14px&#8221; header_line_height=&#8221;1.4em&#8221; body_font=&#8221;Rubik|300|||||||&#8221; custom_margin=&#8221;||5px||false|false&#8221; animation=&#8221;off&#8221; locked=&#8221;off&#8221;]<\/p>\n<p>Vorderseite und R\u00fcckseite des Zuges<\/p>\n<p>[\/et_pb_blurb][et_pb_blurb use_icon=&#8221;on&#8221; font_icon=&#8221;%%61%%&#8221; icon_color=&#8221;#DF3333&#8243; icon_placement=&#8221;left&#8221; content_max_width=&#8221;100%&#8221; use_icon_font_size=&#8221;on&#8221; icon_font_size=&#8221;20px&#8221; _builder_version=&#8221;4.9.2&#8243; header_font=&#8221;Rubik|600|||||||&#8221; header_font_size=&#8221;14px&#8221; header_line_height=&#8221;1.4em&#8221; body_font=&#8221;Rubik|300|||||||&#8221; custom_margin=&#8221;||5px||false|false&#8221; animation=&#8221;off&#8221; locked=&#8221;off&#8221;]<\/p>\n<p>B\u00f6gen f\u00fcr Chemikalienauftrag, Wasser und Trocknung<\/p>\n<p>[\/et_pb_blurb][et_pb_text _builder_version=&#8221;4.9.2&#8243; text_font=&#8221;Rubik|300|||||||&#8221; header_2_font=&#8221;Rubik|300|||||||&#8221; header_2_font_size=&#8221;30px&#8221; header_2_line_height=&#8221;1.5em&#8221; header_4_font=&#8221;Rubik|700||on|||||&#8221; header_4_text_color=&#8221;#11d8ce&#8221; header_4_font_size=&#8221;12px&#8221; header_4_letter_spacing=&#8221;2px&#8221; header_4_line_height=&#8221;1.6em&#8221; custom_margin=&#8221;50px||||false|false&#8221; header_2_font_size_tablet=&#8221;22px&#8221; header_2_font_size_phone=&#8221;20px&#8221; header_2_font_size_last_edited=&#8221;on|phone&#8221; header_4_font_size_tablet=&#8221;&#8221; header_4_font_size_phone=&#8221;&#8221; header_4_font_size_last_edited=&#8221;on|phone&#8221; locked=&#8221;off&#8221;]<\/p>\n<h4>Anwendung<\/h4>\n<p>[\/et_pb_text][et_pb_gallery gallery_ids=&#8221;260096,260104,260112,260120,260128,260136&#8243; fullwidth=&#8221;on&#8221; _builder_version=&#8221;4.9.2&#8243; _module_preset=&#8221;default&#8221; background_enable_color=&#8221;off&#8221;][\/et_pb_gallery][\/et_pb_column][\/et_pb_row][\/et_pb_section][et_pb_section fb_built=&#8221;1&#8243; admin_label=&#8221;Services&#8221; _builder_version=&#8221;4.4.4&#8243; title_text_tablet=&#8221;upholsterer-41&#8243;][et_pb_row column_structure=&#8221;3_5,2_5&#8243; _builder_version=&#8221;4.9.2&#8243; custom_margin=&#8221;||||false|false&#8221; custom_margin_tablet=&#8221;&#8221; custom_margin_phone=&#8221;&#8221; custom_margin_last_edited=&#8221;on|desktop&#8221;][et_pb_column type=&#8221;3_5&#8243; _builder_version=&#8221;4.9.2&#8243; border_width_all=&#8221;3px&#8221; border_color_all=&#8221;#11D8CE&#8221;][et_pb_blurb title=&#8221;Ceccato Drive-Through&#8221; image=&#8221;https:\/\/kromacarwash.com\/wp-content\/uploads\/2021\/06\/specijalne-namjene-za-vlakove-ceccato-drive-through.png&#8221; icon_alignment=&#8221;left&#8221; image_max_width=&#8221;100%&#8221; content_max_width=&#8221;100%&#8221; content_max_width_tablet=&#8221;100%&#8221; content_max_width_phone=&#8221;&#8221; content_max_width_last_edited=&#8221;on|tablet&#8221; _builder_version=&#8221;4.9.2&#8243; header_level=&#8221;h3&#8243; header_font_size=&#8221;35px&#8221; header_line_height=&#8221;1.2em&#8221; transform_translate=&#8221;-10%|-10%&#8221; text_orientation=&#8221;right&#8221; custom_margin=&#8221;-70px|||-30px|false|false&#8221; custom_margin_tablet=&#8221;&#8221; custom_margin_phone=&#8221;|||-10px|false|false&#8221; custom_margin_last_edited=&#8221;on|phone&#8221; animation_style=&#8221;slide&#8221; animation_direction=&#8221;bottom&#8221; animation_duration=&#8221;700ms&#8221; animation_intensity_slide=&#8221;2%&#8221; animation=&#8221;off&#8221; header_font_size_tablet=&#8221;28px&#8221; header_font_size_phone=&#8221;22px&#8221; header_font_size_last_edited=&#8221;on|phone&#8221; locked=&#8221;off&#8221;][\/et_pb_blurb][\/et_pb_column][et_pb_column type=&#8221;2_5&#8243; _builder_version=&#8221;4.9.2&#8243;][et_pb_text _builder_version=&#8221;4.9.2&#8243; text_font=&#8221;Rubik|300|||||||&#8221; header_2_font=&#8221;Rubik|300|||||||&#8221; header_2_font_size=&#8221;30px&#8221; header_2_line_height=&#8221;1.5em&#8221; header_4_font=&#8221;Rubik|700||on|||||&#8221; header_4_text_color=&#8221;#11d8ce&#8221; header_4_font_size=&#8221;12px&#8221; header_4_letter_spacing=&#8221;2px&#8221; header_4_line_height=&#8221;1.6em&#8221; header_2_font_size_tablet=&#8221;22px&#8221; header_2_font_size_phone=&#8221;20px&#8221; header_2_font_size_last_edited=&#8221;on|phone&#8221; header_4_font_size_tablet=&#8221;&#8221; header_4_font_size_phone=&#8221;&#8221; header_4_font_size_last_edited=&#8221;on|phone&#8221; locked=&#8221;off&#8221;]<\/p>\n<p>V\u00f6llig individuelles Zugwaschsystem, das nach den Bed\u00fcrfnissen des Benutzers konfiguriert wird.<\/p>\n<p>F\u00fcr Standorte mit einer h\u00f6heren Waschfrequenz. Konzipiert f\u00fcr \u00dcberlandz\u00fcge, U-Bahnen, Stra\u00dfenbahnen und Schienenfahrzeuge im Allgemeinen.<\/p>\n<p>Die Anlage besteht aus einer Reihe von modularen Stationen, die f\u00fcr die Reinigung bestimmter Bereiche vorgesehen sind:<\/p>\n<p>[\/et_pb_text][et_pb_text _builder_version=&#8221;4.9.2&#8243; text_font=&#8221;Rubik|300|||||||&#8221; header_2_font=&#8221;Rubik|300|||||||&#8221; header_2_font_size=&#8221;30px&#8221; header_2_line_height=&#8221;1.5em&#8221; header_4_font=&#8221;Rubik|700||on|||||&#8221; header_4_text_color=&#8221;#11d8ce&#8221; header_4_font_size=&#8221;12px&#8221; header_4_letter_spacing=&#8221;2px&#8221; header_4_line_height=&#8221;1.6em&#8221; custom_margin=&#8221;50px||||false|false&#8221; header_2_font_size_tablet=&#8221;22px&#8221; header_2_font_size_phone=&#8221;20px&#8221; header_2_font_size_last_edited=&#8221;on|phone&#8221; header_4_font_size_tablet=&#8221;&#8221; header_4_font_size_phone=&#8221;&#8221; header_4_font_size_last_edited=&#8221;on|phone&#8221; locked=&#8221;off&#8221;]<\/p>\n<h4>Einzelheiten<\/h4>\n<p>[\/et_pb_text][et_pb_image src=&#8221;https:\/\/kromacarwash.com\/wp-content\/uploads\/2021\/06\/specijalne-namjene-za-vlakove-ceccato-drive-through-detalj.jpg&#8221; title_text=&#8221;specijalne-namjene-za-vlakove-ceccato-drive-through-detalj&#8221; _builder_version=&#8221;4.9.2&#8243; _module_preset=&#8221;default&#8221;][\/et_pb_image][et_pb_text _builder_version=&#8221;4.9.2&#8243; text_font=&#8221;Rubik|300|||||||&#8221; header_2_font=&#8221;Rubik|300|||||||&#8221; header_2_font_size=&#8221;30px&#8221; header_2_line_height=&#8221;1.5em&#8221; header_4_font=&#8221;Rubik|700||on|||||&#8221; header_4_text_color=&#8221;#11d8ce&#8221; header_4_font_size=&#8221;12px&#8221; header_4_letter_spacing=&#8221;2px&#8221; header_4_line_height=&#8221;1.6em&#8221; custom_margin=&#8221;50px||||false|false&#8221; header_2_font_size_tablet=&#8221;22px&#8221; header_2_font_size_phone=&#8221;20px&#8221; header_2_font_size_last_edited=&#8221;on|phone&#8221; header_4_font_size_tablet=&#8221;&#8221; header_4_font_size_phone=&#8221;&#8221; header_4_font_size_last_edited=&#8221;on|phone&#8221; locked=&#8221;off&#8221;]<\/p>\n<h4>Anwendung<\/h4>\n<p>[\/et_pb_text][et_pb_gallery gallery_ids=&#8221;260189,260173,260181,260197,260205&#8243; fullwidth=&#8221;on&#8221; _builder_version=&#8221;4.9.2&#8243; _module_preset=&#8221;default&#8221; background_enable_color=&#8221;off&#8221;][\/et_pb_gallery][\/et_pb_column][\/et_pb_row][\/et_pb_section][et_pb_section fb_built=&#8221;1&#8243; admin_label=&#8221;Services&#8221; _builder_version=&#8221;4.4.4&#8243; title_text_tablet=&#8221;upholsterer-41&#8243;][et_pb_row column_structure=&#8221;3_5,2_5&#8243; _builder_version=&#8221;4.9.2&#8243; custom_margin=&#8221;||||false|false&#8221; custom_margin_tablet=&#8221;-15%||||false|false&#8221; custom_margin_phone=&#8221;&#8221; custom_margin_last_edited=&#8221;on|phone&#8221;][et_pb_column type=&#8221;3_5&#8243; _builder_version=&#8221;4.9.2&#8243; border_width_all=&#8221;3px&#8221; border_color_all=&#8221;#11D8CE&#8221;][et_pb_blurb title=&#8221;Tammermatic Rainbow Ultima&#8221; image=&#8221;https:\/\/kromacarwash.com\/wp-content\/uploads\/2021\/06\/specijalne-namjene-portali-tammermatic-1.jpg&#8221; image_max_width=&#8221;100%&#8221; content_max_width=&#8221;100%&#8221; content_max_width_tablet=&#8221;100%&#8221; content_max_width_phone=&#8221;&#8221; content_max_width_last_edited=&#8221;on|tablet&#8221; _builder_version=&#8221;4.9.2&#8243; header_level=&#8221;h3&#8243; header_font_size=&#8221;35px&#8221; header_line_height=&#8221;1.2em&#8221; transform_translate=&#8221;-10%|-10%&#8221; text_orientation=&#8221;right&#8221; custom_margin_tablet=&#8221;&#8221; custom_margin_phone=&#8221;|||0px|false|false&#8221; custom_margin_last_edited=&#8221;on|phone&#8221; animation_style=&#8221;slide&#8221; animation_direction=&#8221;bottom&#8221; animation_duration=&#8221;700ms&#8221; animation_intensity_slide=&#8221;2%&#8221; animation=&#8221;off&#8221; header_font_size_tablet=&#8221;28px&#8221; header_font_size_phone=&#8221;22px&#8221; header_font_size_last_edited=&#8221;on|phone&#8221; locked=&#8221;off&#8221;][\/et_pb_blurb][\/et_pb_column][et_pb_column type=&#8221;2_5&#8243; _builder_version=&#8221;4.9.2&#8243;][et_pb_text _builder_version=&#8221;4.9.2&#8243; text_font=&#8221;Rubik|300|||||||&#8221; header_2_font=&#8221;Rubik|300|||||||&#8221; header_2_font_size=&#8221;30px&#8221; header_2_line_height=&#8221;1.5em&#8221; header_4_font=&#8221;Rubik|700||on|||||&#8221; header_4_text_color=&#8221;#11d8ce&#8221; header_4_font_size=&#8221;12px&#8221; header_4_letter_spacing=&#8221;2px&#8221; header_4_line_height=&#8221;1.6em&#8221; header_2_font_size_tablet=&#8221;22px&#8221; header_2_font_size_phone=&#8221;20px&#8221; header_2_font_size_last_edited=&#8221;on|phone&#8221; header_4_font_size_tablet=&#8221;&#8221; header_4_font_size_phone=&#8221;&#8221; header_4_font_size_last_edited=&#8221;on|phone&#8221; locked=&#8221;off&#8221;]<\/p>\n<p>Die erstklassige Verarbeitung und die hochwertigsten Komponenten, die in den Tammermatic-Portalen verbaut werden, garantieren eine lange Lebensdauer und einen sehr geringen Bedarf an Wartungseingriffen, selbst bei Maschinen, die st\u00e4ndig mit maximaler Kapazit\u00e4t arbeiten.<\/p>\n<p>Das Rainbow Ultima Fleet Washer Nutzfahrzeug-Waschportal ist eines der fortschrittlichsten auf dem Markt. Es ist f\u00fcr Standorte mit h\u00f6chster Waschkapazit\u00e4t und anspruchsvoller W\u00e4sche von Fahrzeugen mit unkonventionellen Formen wie M\u00fcllwagen oder Muldenkippern gedacht. Es kombiniert die ber\u00fchrungslose Hochdruckw\u00e4sche mit der B\u00fcrstenw\u00e4sche und sorgt f\u00fcr hervorragende Waschergebnisse bei Fahrzeugen aller Formen.<\/p>\n<p>Die Anlage ist mit einer Vorw\u00e4sche ausgestattet, die mit station\u00e4ren und oszillierenden Hochdruckd\u00fcsen durchgef\u00fchrt wird, die den Konturen des Fahrzeugs folgen. Oszillierende D\u00fcsen sind besonders wichtig f\u00fcr die W\u00e4sche von Fahrzeugen mit unkonventionellen Formen wie Zisternen, Traktoren oder M\u00fcllwagen. Wenn auf dem Gel\u00e4nde nur Standard-Lkw und Busse \u00fcberwacht werden, kann das Portal nur mit station\u00e4ren D\u00fcsen ausgestattet werden.<\/p>\n<p>Die Hochdruckw\u00e4sche ist besonders wichtig, um Sand und andere grobe Partikel zu entfernen, die bei der B\u00fcrstenw\u00e4sche die Fahrzeugkarosserie besch\u00e4digen k\u00f6nnten. ie D\u00fcsen k\u00f6nnen nach Gr\u00f6\u00dfe konfiguriert werden, so dass breitere Strahld\u00fcsen f\u00fcr Fahrzeuge mit Standardform empfohlen werden, w\u00e4hrend schmalere D\u00fcsen f\u00fcr Fahrzeuge mit unkonventionellen Formen zu empfehlen sind.<\/p>\n<p>[\/et_pb_text][et_pb_text _builder_version=&#8221;4.9.2&#8243; text_font=&#8221;Rubik|300|||||||&#8221; header_2_font=&#8221;Rubik|300|||||||&#8221; header_2_font_size=&#8221;30px&#8221; header_2_line_height=&#8221;1.5em&#8221; header_4_font=&#8221;Rubik|700||on|||||&#8221; header_4_text_color=&#8221;#11d8ce&#8221; header_4_font_size=&#8221;12px&#8221; header_4_letter_spacing=&#8221;2px&#8221; header_4_line_height=&#8221;1.6em&#8221; custom_margin=&#8221;50px||||false|false&#8221; custom_margin_tablet=&#8221;&#8221; custom_margin_phone=&#8221;&#8221; custom_margin_last_edited=&#8221;on|phone&#8221; header_2_font_size_tablet=&#8221;22px&#8221; header_2_font_size_phone=&#8221;20px&#8221; header_2_font_size_last_edited=&#8221;on|phone&#8221; header_4_font_size_tablet=&#8221;&#8221; header_4_font_size_phone=&#8221;&#8221; header_4_font_size_last_edited=&#8221;on|phone&#8221; locked=&#8221;off&#8221;]<\/p>\n<h4>ANWENDUNG<\/h4>\n<p>[\/et_pb_text][et_pb_gallery gallery_ids=&#8221;260227,260235,260243,260251&#8243; fullwidth=&#8221;on&#8221; _builder_version=&#8221;4.9.2&#8243; _module_preset=&#8221;default&#8221; background_enable_color=&#8221;off&#8221;][\/et_pb_gallery][\/et_pb_column][\/et_pb_row][\/et_pb_section][et_pb_section fb_built=&#8221;1&#8243; admin_label=&#8221;Services&#8221; _builder_version=&#8221;4.4.4&#8243; title_text_tablet=&#8221;upholsterer-41&#8243;][et_pb_row column_structure=&#8221;3_5,2_5&#8243; _builder_version=&#8221;4.9.2&#8243; custom_margin=&#8221;||||false|false&#8221; custom_margin_tablet=&#8221;-15%||||false|false&#8221; custom_margin_phone=&#8221;&#8221; custom_margin_last_edited=&#8221;on|phone&#8221;][et_pb_column type=&#8221;3_5&#8243; _builder_version=&#8221;4.9.2&#8243; border_width_all=&#8221;3px&#8221; border_color_all=&#8221;#11D8CE&#8221;][et_pb_blurb title=&#8221;Speedy Wash TANK EZ&#8221; image=&#8221;https:\/\/kromacarwash.com\/wp-content\/uploads\/2021\/06\/automatska-autopraonica-cisterne-smetlarski-kamioni-bitimec-speedy-wash-mod-tank-EZ.png&#8221; image_max_width=&#8221;100%&#8221; content_max_width=&#8221;100%&#8221; content_max_width_tablet=&#8221;100%&#8221; content_max_width_phone=&#8221;&#8221; content_max_width_last_edited=&#8221;on|tablet&#8221; _builder_version=&#8221;4.9.2&#8243; header_level=&#8221;h3&#8243; header_font_size=&#8221;35px&#8221; header_line_height=&#8221;1.2em&#8221; transform_translate=&#8221;-10%|-10%&#8221; text_orientation=&#8221;right&#8221; custom_margin_tablet=&#8221;&#8221; custom_margin_phone=&#8221;|||0px|false|false&#8221; custom_margin_last_edited=&#8221;on|phone&#8221; animation_style=&#8221;slide&#8221; animation_direction=&#8221;bottom&#8221; animation_duration=&#8221;700ms&#8221; animation_intensity_slide=&#8221;2%&#8221; animation=&#8221;off&#8221; header_font_size_tablet=&#8221;28px&#8221; header_font_size_phone=&#8221;22px&#8221; header_font_size_last_edited=&#8221;on|phone&#8221; locked=&#8221;off&#8221;][\/et_pb_blurb][\/et_pb_column][et_pb_column type=&#8221;2_5&#8243; _builder_version=&#8221;4.9.2&#8243;][et_pb_text _builder_version=&#8221;4.9.2&#8243; text_font=&#8221;Rubik|300|||||||&#8221; header_2_font=&#8221;Rubik|300|||||||&#8221; header_2_font_size=&#8221;30px&#8221; header_2_line_height=&#8221;1.5em&#8221; header_4_font=&#8221;Rubik|700||on|||||&#8221; header_4_text_color=&#8221;#11d8ce&#8221; header_4_font_size=&#8221;12px&#8221; header_4_letter_spacing=&#8221;2px&#8221; header_4_line_height=&#8221;1.6em&#8221; header_2_font_size_tablet=&#8221;22px&#8221; header_2_font_size_phone=&#8221;20px&#8221; header_2_font_size_last_edited=&#8221;on|phone&#8221; header_4_font_size_tablet=&#8221;&#8221; header_4_font_size_phone=&#8221;&#8221; header_4_font_size_last_edited=&#8221;on|phone&#8221; locked=&#8221;off&#8221;]<\/p>\n<p>Ger\u00e4t f\u00fcr die anspruchsvolle Reinigung von unregelm\u00e4\u00dfig geformten Fahrzeugen wie z. B. Zisternen.<\/p>\n<p>Die B\u00fcrste mit gro\u00dfem Durchmesser (1600 mm) ist ideal f\u00fcr die Reinigung von Zisternen und anderen Fahrzeugen mit ungew\u00f6hnlichen Abmessungen, wie M\u00fcllwagen, Milchwagen, Kipper, M\u00e4hdrescher, usw.<\/p>\n<p>Das EZ Drive-System erm\u00f6glicht einen schnellen und effizienten Betrieb und eine einfache Bedienung.<\/p>\n<p>[\/et_pb_text][et_pb_text _builder_version=&#8221;4.9.2&#8243; text_font=&#8221;Rubik|300|||||||&#8221; header_2_font=&#8221;Rubik|300|||||||&#8221; header_2_font_size=&#8221;30px&#8221; header_2_line_height=&#8221;1.5em&#8221; header_4_font=&#8221;Rubik|700||on|||||&#8221; header_4_text_color=&#8221;#11d8ce&#8221; header_4_font_size=&#8221;12px&#8221; header_4_letter_spacing=&#8221;2px&#8221; header_4_line_height=&#8221;1.6em&#8221; custom_margin=&#8221;50px||||false|false&#8221; custom_margin_tablet=&#8221;&#8221; custom_margin_phone=&#8221;&#8221; custom_margin_last_edited=&#8221;on|phone&#8221; header_2_font_size_tablet=&#8221;22px&#8221; header_2_font_size_phone=&#8221;20px&#8221; header_2_font_size_last_edited=&#8221;on|phone&#8221; header_4_font_size_tablet=&#8221;&#8221; header_4_font_size_phone=&#8221;&#8221; header_4_font_size_last_edited=&#8221;on|phone&#8221; locked=&#8221;off&#8221;]<\/p>\n<h4>ANWENDUNG<\/h4>\n<p>[\/et_pb_text][et_pb_gallery gallery_ids=&#8221;259893,259901,259909,259917,259925,259933,259941,259949,259957,259965,259973,259981,259989,259997,260005&#8243; fullwidth=&#8221;on&#8221; _builder_version=&#8221;4.9.2&#8243; _module_preset=&#8221;default&#8221; background_enable_color=&#8221;off&#8221;][\/et_pb_gallery][\/et_pb_column][\/et_pb_row][et_pb_row _builder_version=&#8221;4.9.7&#8243; _module_preset=&#8221;default&#8221; locked=&#8221;off&#8221;][et_pb_column type=&#8221;4_4&#8243; _builder_version=&#8221;4.9.7&#8243; _module_preset=&#8221;default&#8221;][et_pb_button button_url=&#8221;https:\/\/kromacarwash.com\/de\/referenzen\/&#8221; url_new_window=&#8221;on&#8221; button_text=&#8221;REFERENZEN SEHEN&#8221; button_alignment=&#8221;right&#8221; button_alignment_tablet=&#8221;center&#8221; button_alignment_phone=&#8221;center&#8221; button_alignment_last_edited=&#8221;on|tablet&#8221; _builder_version=&#8221;4.9.7&#8243; custom_button=&#8221;on&#8221; button_text_size=&#8221;12px&#8221; button_text_color=&#8221;#303644&#8243; button_border_width=&#8221;0px&#8221; button_border_radius=&#8221;0px&#8221; button_letter_spacing=&#8221;2px&#8221; button_font=&#8221;|700||on|||||&#8221; button_on_hover=&#8221;off&#8221; custom_padding=&#8221;|||0px|false|false&#8221; locked=&#8221;off&#8221;][\/et_pb_button][\/et_pb_column][\/et_pb_row][\/et_pb_section]<\/p>\n","protected":false},"excerpt":{"rendered":"<p>Besondere ZweckeAutomatische Portalwaschanlage zum Waschen von Z\u00fcgen. Hohe Waschqualit\u00e4t und einfache Installation und Bedienung. Die ideale L\u00f6sung f\u00fcr das Waschen von Stadt- und Vorortz\u00fcgen oder k\u00fcrzeren Kompositionen. Die Anzahl und Konfiguration der B\u00fcrsten h\u00e4ngt von der Art der zu waschenden Z\u00fcge ab. M\u00f6gliche Kombination von B\u00fcrstenw\u00e4sche und Hochdruck f\u00fcr h\u00f6chste Waschqualit\u00e4t. Das Portal kann so [&hellip;]<\/p>\n","protected":false},"author":13,"featured_media":0,"parent":0,"menu_order":0,"comment_status":"closed","ping_status":"closed","template":"","meta":{"_et_pb_use_builder":"on","_et_pb_old_content":"","_et_gb_content_width":"","rank_math_lock_modified_date":false,"footnotes":""},"class_list":["post-266399","page","type-page","status-publish","hentry"],"_links":{"self":[{"href":"https:\/\/kromacarwash.com\/de\/wp-json\/wp\/v2\/pages\/266399"}],"collection":[{"href":"https:\/\/kromacarwash.com\/de\/wp-json\/wp\/v2\/pages"}],"about":[{"href":"https:\/\/kromacarwash.com\/de\/wp-json\/wp\/v2\/types\/page"}],"author":[{"embeddable":true,"href":"https:\/\/kromacarwash.com\/de\/wp-json\/wp\/v2\/users\/13"}],"replies":[{"embeddable":true,"href":"https:\/\/kromacarwash.com\/de\/wp-json\/wp\/v2\/comments?post=266399"}],"version-history":[{"count":12,"href":"https:\/\/kromacarwash.com\/de\/wp-json\/wp\/v2\/pages\/266399\/revisions"}],"predecessor-version":[{"id":271251,"href":"https:\/\/kromacarwash.com\/de\/wp-json\/wp\/v2\/pages\/266399\/revisions\/271251"}],"wp:attachment":[{"href":"https:\/\/kromacarwash.com\/de\/wp-json\/wp\/v2\/media?parent=266399"}],"curies":[{"name":"wp","href":"https:\/\/api.w.org\/{rel}","templated":true}]}}