{"id":266402,"date":"2021-10-01T12:19:36","date_gmt":"2021-10-01T11:19:36","guid":{"rendered":"https:\/\/kromacarwash.com\/hallen-fuer-automatische-autowaschanlagen\/"},"modified":"2021-10-19T17:45:17","modified_gmt":"2021-10-19T16:45:17","slug":"hallen-fuer-automatische-autowaschanlagen","status":"publish","type":"page","link":"https:\/\/kromacarwash.com\/de\/hallen-fuer-automatische-autowaschanlagen\/","title":{"rendered":"Hallen f\u00fcr automatische Autowaschanlagen"},"content":{"rendered":"<p>[et_pb_section fb_built=&#8221;1&#8243; _builder_version=&#8221;4.9.2&#8243; _module_preset=&#8221;default&#8221;][et_pb_row _builder_version=&#8221;4.9.2&#8243; _module_preset=&#8221;default&#8221;][et_pb_column type=&#8221;4_4&#8243; _builder_version=&#8221;4.9.2&#8243; _module_preset=&#8221;default&#8221;][et_pb_text _builder_version=&#8221;4.9.2&#8243; _module_preset=&#8221;default&#8221;]<\/p>\n<h1>Hallen f\u00fcr automatische Autowaschanlagen<\/h1>\n<p>[\/et_pb_text][\/et_pb_column][\/et_pb_row][et_pb_row column_structure=&#8221;1_2,1_2&#8243; use_custom_gutter=&#8221;on&#8221; gutter_width=&#8221;4&#8243; _builder_version=&#8221;4.9.7&#8243;][et_pb_column type=&#8221;1_2&#8243; _builder_version=&#8221;4.4.4&#8243;][et_pb_text _builder_version=&#8221;4.9.7&#8243; text_font=&#8221;Rubik|300|||||||&#8221; header_2_font=&#8221;Rubik|300|||||||&#8221; header_2_font_size=&#8221;30px&#8221; header_2_line_height=&#8221;1.5em&#8221; header_4_font=&#8221;Rubik|700||on|||||&#8221; header_4_text_color=&#8221;#11d8ce&#8221; header_4_font_size=&#8221;12px&#8221; header_4_letter_spacing=&#8221;2px&#8221; header_4_line_height=&#8221;1.6em&#8221; header_2_font_size_tablet=&#8221;22px&#8221; header_2_font_size_phone=&#8221;20px&#8221; header_2_font_size_last_edited=&#8221;on|phone&#8221; header_4_font_size_tablet=&#8221;&#8221; header_4_font_size_phone=&#8221;&#8221; header_4_font_size_last_edited=&#8221;on|phone&#8221; locked=&#8221;off&#8221;]<\/p>\n<p><span>Das Unternehmen Kroma d.o.o. bietet auch Standardhallen f\u00fcr automatische Portal- oder Tunnelwaschanlagen an. <\/span><\/p>\n<p><span>F\u00fcr die Investoren besorgen wir alle notwendigen Atteste und erstellen einen statischen Kostenvoranschlag f\u00fcr die Halle entsprechend den Bedingungen auf der Baustelle.<\/span><\/p>\n<p><span>Die verchromte Halle f\u00fcr automatische Autowaschanlagen besteht aus einer feuerverzinkten Stahlkonstruktion, die mit Sandwichpaneelen nach den Bed\u00fcrfnissen und W\u00fcnschen der Investoren verkleidet wird. Kroma f\u00fchrt auch komplette Blecharbeiten aus, einschlie\u00dflich Dachrinnen, mit der M\u00f6glichkeit, nach Vereinbarung Elektroarbeiten auszuf\u00fchren.<\/span><\/p>\n<p><span>Wir liefern auch Tore (Segment- oder Rolltore) und Tischlerarbeiten nach den W\u00fcnschen des Investors.<\/span><\/p>\n<p>[\/et_pb_text][\/et_pb_column][et_pb_column type=&#8221;1_2&#8243; _builder_version=&#8221;4.4.4&#8243;][et_pb_text _builder_version=&#8221;4.9.7&#8243; text_font=&#8221;Rubik|300|||||||&#8221; header_2_font=&#8221;Rubik|300|||||||&#8221; header_2_font_size=&#8221;30px&#8221; header_2_line_height=&#8221;1.5em&#8221; header_4_font=&#8221;Rubik|700||on|||||&#8221; header_4_text_color=&#8221;#11d8ce&#8221; header_4_font_size=&#8221;12px&#8221; header_4_letter_spacing=&#8221;2px&#8221; header_4_line_height=&#8221;1.6em&#8221; header_2_font_size_tablet=&#8221;22px&#8221; header_2_font_size_phone=&#8221;20px&#8221; header_2_font_size_last_edited=&#8221;on|phone&#8221; header_4_font_size_tablet=&#8221;&#8221; header_4_font_size_phone=&#8221;&#8221; header_4_font_size_last_edited=&#8221;on|phone&#8221; locked=&#8221;off&#8221;]<\/p>\n<p class=\"m_-8549974883693981427MsoPlainText\"><span>Zahlreiche M\u00f6glichkeiten der Hallenindividualisierung wie z.B.:<\/span><\/p>\n<p>[\/et_pb_text][et_pb_blurb use_icon=&#8221;on&#8221; font_icon=&#8221;%%61%%&#8221; icon_color=&#8221;#DF3333&#8243; icon_placement=&#8221;left&#8221; content_max_width=&#8221;100%&#8221; use_icon_font_size=&#8221;on&#8221; icon_font_size=&#8221;20px&#8221; _builder_version=&#8221;4.9.7&#8243; header_font=&#8221;Rubik|600|||||||&#8221; header_font_size=&#8221;14px&#8221; header_line_height=&#8221;1.4em&#8221; body_font=&#8221;Rubik|300|||||||&#8221; custom_margin=&#8221;||5px||false|false&#8221; animation=&#8221;off&#8221; locked=&#8221;off&#8221;]<\/p>\n<p><span>Verschiedene Arten von Sandwichpaneelen, je nach Verwendungszweck des Geb\u00e4udes, wie z.B. Paneele mit Edelstahlwand f\u00fcr das Innere der Halle, in der das Waschen stattfindet<\/span><\/p>\n<p>[\/et_pb_blurb][et_pb_blurb use_icon=&#8221;on&#8221; font_icon=&#8221;%%61%%&#8221; icon_color=&#8221;#DF3333&#8243; icon_placement=&#8221;left&#8221; content_max_width=&#8221;100%&#8221; use_icon_font_size=&#8221;on&#8221; icon_font_size=&#8221;20px&#8221; _builder_version=&#8221;4.9.7&#8243; header_font=&#8221;Rubik|600|||||||&#8221; header_font_size=&#8221;14px&#8221; header_line_height=&#8221;1.4em&#8221; body_font=&#8221;Rubik|300|||||||&#8221; custom_margin=&#8221;||5px||false|false&#8221; animation=&#8221;off&#8221; locked=&#8221;off&#8221;]<\/p>\n<p><span>Lieferung von Sandwichpaneelen und Blechelementen in allen RAL-Farben m\u00f6glich<\/span><\/p>\n<p>[\/et_pb_blurb][et_pb_blurb use_icon=&#8221;on&#8221; font_icon=&#8221;%%61%%&#8221; icon_color=&#8221;#DF3333&#8243; icon_placement=&#8221;left&#8221; content_max_width=&#8221;100%&#8221; use_icon_font_size=&#8221;on&#8221; icon_font_size=&#8221;20px&#8221; _builder_version=&#8221;4.9.7&#8243; header_font=&#8221;Rubik|600|||||||&#8221; header_font_size=&#8221;14px&#8221; header_line_height=&#8221;1.4em&#8221; body_font=&#8221;Rubik|300|||||||&#8221; custom_margin=&#8221;||5px||false|false&#8221; animation=&#8221;off&#8221; locked=&#8221;off&#8221;]<\/p>\n<p><span>M\u00f6glichkeit der Erweiterung der Halle um einen Technikraum oder Maschinenraum<\/span><\/p>\n<p>[\/et_pb_blurb][et_pb_blurb use_icon=&#8221;on&#8221; font_icon=&#8221;%%61%%&#8221; icon_color=&#8221;#DF3333&#8243; icon_placement=&#8221;left&#8221; content_max_width=&#8221;100%&#8221; use_icon_font_size=&#8221;on&#8221; icon_font_size=&#8221;20px&#8221; _builder_version=&#8221;4.9.7&#8243; header_font=&#8221;Rubik|600|||||||&#8221; header_font_size=&#8221;14px&#8221; header_line_height=&#8221;1.4em&#8221; body_font=&#8221;Rubik|300|||||||&#8221; custom_margin=&#8221;||5px||false|false&#8221; animation=&#8221;off&#8221; locked=&#8221;off&#8221;]<\/p>\n<p><span>M\u00f6glichkeit, vor dem Raum eine \u00dcberdachung f\u00fcr die Fahrzeugvorbereitung und Vorw\u00e4sche etc. anzubringen.<\/span><\/p>\n<p>[\/et_pb_blurb][\/et_pb_column][\/et_pb_row][\/et_pb_section][et_pb_section fb_built=&#8221;1&#8243; make_equal=&#8221;on&#8221; use_custom_gutter=&#8221;on&#8221; gutter_width=&#8221;1&#8243; specialty=&#8221;on&#8221; padding_top_1=&#8221;0px&#8221; admin_label=&#8221;Work Section&#8221; _builder_version=&#8221;3.22&#8243; custom_padding=&#8221;60px||110px|&#8221; locked=&#8221;off&#8221;][et_pb_column type=&#8221;1_2&#8243; _builder_version=&#8221;3.25&#8243; custom_padding=&#8221;|||&#8221; padding_top__hover=&#8221;0px&#8221; parallax__hover=&#8221;off&#8221; parallax_method__hover=&#8221;on&#8221; custom_padding__hover=&#8221;|||&#8221;][et_pb_image src=&#8221;https:\/\/kromacarwash.com\/wp-content\/uploads\/2021\/06\/hale1.jpg&#8221; title_text=&#8221;hale1&#8243; show_in_lightbox=&#8221;on&#8221; align_tablet=&#8221;center&#8221; align_phone=&#8221;&#8221; align_last_edited=&#8221;on|desktop&#8221; _builder_version=&#8221;4.9.7&#8243; animation_style=&#8221;flip&#8221; box_shadow_style=&#8221;preset7&#8243; box_shadow_horizontal=&#8221;0px&#8221; box_shadow_vertical=&#8221;0px&#8221; box_shadow_spread=&#8221;10px&#8221; box_shadow_color=&#8221;#ffffff&#8221;][\/et_pb_image][\/et_pb_column][et_pb_column type=&#8221;1_2&#8243; specialty_columns=&#8221;2&#8243; _builder_version=&#8221;3.25&#8243; custom_padding=&#8221;|||&#8221; parallax__hover=&#8221;off&#8221; parallax_method__hover=&#8221;on&#8221; custom_padding__hover=&#8221;|||&#8221;][et_pb_row_inner column_structure=&#8221;1_2,1_2&#8243; _builder_version=&#8221;3.25&#8243; custom_padding=&#8221;0px||0px|&#8221;][et_pb_column_inner type=&#8221;1_2&#8243; saved_specialty_column_type=&#8221;1_2&#8243; _builder_version=&#8221;3.25&#8243; custom_padding=&#8221;|||&#8221; parallax__hover=&#8221;off&#8221; parallax_method__hover=&#8221;on&#8221; custom_padding__hover=&#8221;|||&#8221;][et_pb_image src=&#8221;https:\/\/kromacarwash.com\/wp-content\/uploads\/2021\/06\/hale2.jpg&#8221; title_text=&#8221;hale2&#8243; show_in_lightbox=&#8221;on&#8221; align_tablet=&#8221;center&#8221; align_phone=&#8221;&#8221; align_last_edited=&#8221;on|desktop&#8221; _builder_version=&#8221;4.9.7&#8243; animation_style=&#8221;flip&#8221; animation_direction=&#8221;right&#8221; box_shadow_style=&#8221;preset7&#8243; box_shadow_horizontal=&#8221;0px&#8221; box_shadow_vertical=&#8221;0px&#8221; box_shadow_spread=&#8221;10px&#8221; box_shadow_color=&#8221;#ffffff&#8221;][\/et_pb_image][\/et_pb_column_inner][et_pb_column_inner type=&#8221;1_2&#8243; saved_specialty_column_type=&#8221;1_2&#8243; _builder_version=&#8221;3.25&#8243; custom_padding=&#8221;|||&#8221; parallax__hover=&#8221;off&#8221; parallax_method__hover=&#8221;on&#8221; custom_padding__hover=&#8221;|||&#8221;][et_pb_image src=&#8221;https:\/\/kromacarwash.com\/wp-content\/uploads\/2021\/06\/hale4.jpg&#8221; title_text=&#8221;hale4&#8243; show_in_lightbox=&#8221;on&#8221; align_tablet=&#8221;center&#8221; align_phone=&#8221;&#8221; align_last_edited=&#8221;on|desktop&#8221; _builder_version=&#8221;4.9.7&#8243; animation_style=&#8221;flip&#8221; animation_direction=&#8221;right&#8221; box_shadow_style=&#8221;preset7&#8243; box_shadow_horizontal=&#8221;0px&#8221; box_shadow_vertical=&#8221;0px&#8221; box_shadow_spread=&#8221;10px&#8221; box_shadow_color=&#8221;#ffffff&#8221;][\/et_pb_image][\/et_pb_column_inner][\/et_pb_row_inner][et_pb_row_inner _builder_version=&#8221;3.25&#8243; custom_padding=&#8221;0px||0px|&#8221;][et_pb_column_inner saved_specialty_column_type=&#8221;1_2&#8243; _builder_version=&#8221;3.25&#8243; custom_padding=&#8221;|||&#8221; parallax__hover=&#8221;off&#8221; parallax_method__hover=&#8221;on&#8221; custom_padding__hover=&#8221;|||&#8221;][et_pb_image src=&#8221;https:\/\/kromacarwash.com\/wp-content\/uploads\/2021\/06\/hale3.jpg&#8221; title_text=&#8221;hale3&#8243; show_in_lightbox=&#8221;on&#8221; align_tablet=&#8221;center&#8221; align_phone=&#8221;&#8221; align_last_edited=&#8221;on|desktop&#8221; _builder_version=&#8221;4.9.7&#8243; animation_style=&#8221;flip&#8221; animation_direction=&#8221;right&#8221; box_shadow_style=&#8221;preset7&#8243; box_shadow_horizontal=&#8221;0px&#8221; box_shadow_vertical=&#8221;0px&#8221; box_shadow_spread=&#8221;10px&#8221; box_shadow_color=&#8221;#ffffff&#8221;][\/et_pb_image][\/et_pb_column_inner][\/et_pb_row_inner][et_pb_row_inner _builder_version=&#8221;4.9.7&#8243; _module_preset=&#8221;default&#8221; locked=&#8221;off&#8221;][et_pb_column_inner saved_specialty_column_type=&#8221;1_2&#8243; _builder_version=&#8221;4.9.7&#8243; _module_preset=&#8221;default&#8221;][et_pb_button button_url=&#8221;\/de\/reference\/&#8221; url_new_window=&#8221;on&#8221; button_text=&#8221;REFERENZEN SEHEN&#8221; button_alignment=&#8221;right&#8221; button_alignment_tablet=&#8221;center&#8221; button_alignment_phone=&#8221;center&#8221; button_alignment_last_edited=&#8221;on|tablet&#8221; _builder_version=&#8221;4.9.10&#8243; custom_button=&#8221;on&#8221; button_text_size=&#8221;12px&#8221; button_text_color=&#8221;#303644&#8243; button_border_width=&#8221;0px&#8221; button_border_radius=&#8221;0px&#8221; button_letter_spacing=&#8221;2px&#8221; button_font=&#8221;|700||on|||||&#8221; button_on_hover=&#8221;off&#8221; custom_padding=&#8221;|||0px|false|false&#8221; hover_enabled=&#8221;0&#8243; locked=&#8221;off&#8221; sticky_enabled=&#8221;0&#8243;][\/et_pb_button][\/et_pb_column_inner][\/et_pb_row_inner][\/et_pb_column][\/et_pb_section]<\/p>\n","protected":false},"excerpt":{"rendered":"<p>Hallen f\u00fcr automatische AutowaschanlagenDas Unternehmen Kroma d.o.o. bietet auch Standardhallen f\u00fcr automatische Portal- oder Tunnelwaschanlagen an. F\u00fcr die Investoren besorgen wir alle notwendigen Atteste und erstellen einen statischen Kostenvoranschlag f\u00fcr die Halle entsprechend den Bedingungen auf der Baustelle. Die verchromte Halle f\u00fcr automatische Autowaschanlagen besteht aus einer feuerverzinkten Stahlkonstruktion, die mit Sandwichpaneelen nach den Bed\u00fcrfnissen [&hellip;]<\/p>\n","protected":false},"author":13,"featured_media":0,"parent":0,"menu_order":0,"comment_status":"closed","ping_status":"closed","template":"","meta":{"_et_pb_use_builder":"on","_et_pb_old_content":"","_et_gb_content_width":"","rank_math_lock_modified_date":false,"footnotes":""},"class_list":["post-266402","page","type-page","status-publish","hentry"],"_links":{"self":[{"href":"https:\/\/kromacarwash.com\/de\/wp-json\/wp\/v2\/pages\/266402"}],"collection":[{"href":"https:\/\/kromacarwash.com\/de\/wp-json\/wp\/v2\/pages"}],"about":[{"href":"https:\/\/kromacarwash.com\/de\/wp-json\/wp\/v2\/types\/page"}],"author":[{"embeddable":true,"href":"https:\/\/kromacarwash.com\/de\/wp-json\/wp\/v2\/users\/13"}],"replies":[{"embeddable":true,"href":"https:\/\/kromacarwash.com\/de\/wp-json\/wp\/v2\/comments?post=266402"}],"version-history":[{"count":3,"href":"https:\/\/kromacarwash.com\/de\/wp-json\/wp\/v2\/pages\/266402\/revisions"}],"predecessor-version":[{"id":267135,"href":"https:\/\/kromacarwash.com\/de\/wp-json\/wp\/v2\/pages\/266402\/revisions\/267135"}],"wp:attachment":[{"href":"https:\/\/kromacarwash.com\/de\/wp-json\/wp\/v2\/media?parent=266402"}],"curies":[{"name":"wp","href":"https:\/\/api.w.org\/{rel}","templated":true}]}}