{"id":273841,"date":"2024-01-30T13:48:37","date_gmt":"2024-01-30T11:48:37","guid":{"rendered":"https:\/\/kromacarwash.com\/solarne-elektrane\/"},"modified":"2024-02-02T12:48:09","modified_gmt":"2024-02-02T10:48:09","slug":"solarne-elektrane","status":"publish","type":"page","link":"https:\/\/kromacarwash.com\/de\/solarne-elektrane\/","title":{"rendered":"Photovoltaikanlagen"},"content":{"rendered":"<p>[et_pb_section fb_built=&#8221;1&#8243; admin_label=&#8221;Header&#8221; _builder_version=&#8221;4.20.2&#8243; background_enable_color=&#8221;off&#8221; use_background_color_gradient=&#8221;on&#8221; background_color_gradient_type=&#8221;circular&#8221; background_color_gradient_direction_radial=&#8221;bottom&#8221; background_color_gradient_stops=&#8221;rgba(17,216,206,0.19) 20%|#11d8ce 100%&#8221; background_color_gradient_start=&#8221;rgba(17,216,206,0.19)&#8221; background_color_gradient_start_position=&#8221;20%&#8221; background_color_gradient_end=&#8221;#11d8ce&#8221; background_enable_image=&#8221;off&#8221; custom_padding=&#8221;10vw||0px||false|false&#8221; global_colors_info=&#8221;{}&#8221;][et_pb_row column_structure=&#8221;1_2,1_2&#8243; custom_padding_last_edited=&#8221;on|desktop&#8221; disabled_on=&#8221;off|off|off&#8221; _builder_version=&#8221;4.20.2&#8243; use_background_color_gradient=&#8221;on&#8221; background_color_gradient_type=&#8221;circular&#8221; background_color_gradient_stops=&#8221;#303644 30%|#171923 87%&#8221; background_color_gradient_start=&#8221;#303644&#8243; background_color_gradient_start_position=&#8221;30%&#8221; background_color_gradient_end=&#8221;#171923&#8243; background_color_gradient_end_position=&#8221;87%&#8221; background_image=&#8221;https:\/\/kromacarwash.com\/wp-content\/uploads\/2024\/01\/368447048_771731961500078_4003700011935223091_n.jpg&#8221; background_size=&#8221;contain&#8221; background_position=&#8221;top_left&#8221; width=&#8221;90%&#8221; max_width=&#8221;none&#8221; module_alignment=&#8221;left&#8221; custom_margin_tablet=&#8221;|auto||0px|false|false&#8221; custom_margin_last_edited=&#8221;off|desktop&#8221; custom_padding=&#8221;10vw|20px|18vw|20px|false|true&#8221; custom_padding_tablet=&#8221;16vw||16vw||true|false&#8221; custom_padding_phone=&#8221;||||false|false&#8221; background_last_edited=&#8221;on|phone&#8221; parallax_phone=&#8221;off&#8221; background_position_phone=&#8221;top_center&#8221; background_blend_tablet=&#8221;multiply&#8221; background_blend_phone=&#8221;normal&#8221; border_color_all=&#8221;#303644&#8243; border_width_right=&#8221;8vw&#8221; locked=&#8221;off&#8221; global_colors_info=&#8221;{}&#8221;][et_pb_column type=&#8221;1_2&#8243; _builder_version=&#8221;4.16&#8243; global_colors_info=&#8221;{}&#8221;][\/et_pb_column][et_pb_column type=&#8221;1_2&#8243; _builder_version=&#8221;4.16&#8243; global_colors_info=&#8221;{}&#8221;][et_pb_text _builder_version=&#8221;4.20.2&#8243; header_font=&#8221;Rubik||||||||&#8221; header_text_align=&#8221;left&#8221; header_text_color=&#8221;#303644&#8243; header_line_height=&#8221;1.1em&#8221; background_layout=&#8221;dark&#8221; custom_margin=&#8221;|||100px|false|false&#8221; custom_margin_tablet=&#8221;|||60px|false|false&#8221; custom_margin_phone=&#8221;|||20px|false|false&#8221; custom_margin_last_edited=&#8221;on|tablet&#8221; custom_padding_tablet=&#8221;&#8221; custom_padding_phone=&#8221;&#8221; custom_padding_last_edited=&#8221;on|desktop&#8221; hover_enabled=&#8221;0&#8243; header_font_size_tablet=&#8221;60px&#8221; header_font_size_phone=&#8221;35px&#8221; header_font_size_last_edited=&#8221;on|phone&#8221; header_line_height_tablet=&#8221;&#8221; header_line_height_phone=&#8221;1em&#8221; header_line_height_last_edited=&#8221;on|phone&#8221; global_colors_info=&#8221;{}&#8221; sticky_enabled=&#8221;0&#8243;]<\/p>\n<h3 style=\"text-align: right;\"><span style=\"color: #ffffff;\">Photovoltaikanlagen<\/span><\/h3>\n<p>[\/et_pb_text][et_pb_image _builder_version=&#8221;4.20.2&#8243; _module_preset=&#8221;default&#8221; global_colors_info=&#8221;{}&#8221;][\/et_pb_image][et_pb_image _builder_version=&#8221;4.20.2&#8243; _module_preset=&#8221;default&#8221; global_colors_info=&#8221;{}&#8221;][\/et_pb_image][et_pb_image _builder_version=&#8221;4.20.2&#8243; _module_preset=&#8221;default&#8221; global_colors_info=&#8221;{}&#8221;][\/et_pb_image][\/et_pb_column][\/et_pb_row][et_pb_row column_structure=&#8221;1_2,1_2&#8243; make_equal=&#8221;on&#8221; _builder_version=&#8221;4.20.2&#8243; positioning=&#8221;absolute&#8221; position_origin_a=&#8221;bottom_left&#8221; position_origin_a_tablet=&#8221;&#8221; position_origin_a_phone=&#8221;&#8221; position_origin_a_last_edited=&#8221;on|desktop&#8221; position_origin_f_tablet=&#8221;&#8221; position_origin_f_phone=&#8221;&#8221; position_origin_f_last_edited=&#8221;on|desktop&#8221; position_origin_r_tablet=&#8221;&#8221; position_origin_r_phone=&#8221;&#8221; position_origin_r_last_edited=&#8221;on|desktop&#8221; width=&#8221;90%&#8221; max_width=&#8221;none&#8221; custom_margin=&#8221;|auto||0px|false|false&#8221; custom_padding=&#8221;0px||0px|10vw|true|false&#8221; positioning_tablet=&#8221;none&#8221; positioning_phone=&#8221;&#8221; positioning_last_edited=&#8221;on|tablet&#8221; box_shadow_style=&#8221;preset4&#8243; box_shadow_horizontal=&#8221;30vw&#8221; box_shadow_vertical=&#8221;0px&#8221; box_shadow_color=&#8221;#ffffff&#8221; locked=&#8221;off&#8221; global_colors_info=&#8221;{}&#8221;][et_pb_column type=&#8221;1_2&#8243; _builder_version=&#8221;4.16&#8243; custom_padding=&#8221;||||false|false&#8221; global_colors_info=&#8221;{}&#8221;][\/et_pb_column][et_pb_column type=&#8221;1_2&#8243; _builder_version=&#8221;4.16&#8243; background_color=&#8221;#DF3333&#8243; custom_padding=&#8221;60px|4%|60px|4%|true|true&#8221; custom_padding_tablet=&#8221;&#8221; custom_padding_phone=&#8221;|15%||15%|true|true&#8221; custom_padding_last_edited=&#8221;on|phone&#8221; global_colors_info=&#8221;{}&#8221;][et_pb_text _builder_version=&#8221;4.20.2&#8243; text_font=&#8221;Rubik|300|||||||&#8221; text_text_color=&#8221;#FFFFFF&#8221; header_3_font=&#8221;Prata||||||||&#8221; header_3_font_size=&#8221;30px&#8221; header_3_line_height=&#8221;1.3em&#8221; background_layout=&#8221;dark&#8221; custom_margin=&#8221;||4px||false|false&#8221; header_3_font_size_tablet=&#8221;22px&#8221; header_3_font_size_phone=&#8221;20px&#8221; header_3_font_size_last_edited=&#8221;on|phone&#8221; locked=&#8221;off&#8221; global_colors_info=&#8221;{}&#8221;]<\/p>\n<p style=\"color: #ffffff; text-align: left;\">Im Einklang mit den in den letzten Jahren beobachteten Trends in der Autowaschbranche, von denen der \u00dcbergang zu erneuerbaren Energiequellen der wichtigste ist, haben wir Teams f\u00fcr die Montage von Photovoltaikanlagen ausgebildet und ausger\u00fcstet.<\/p>\n<p style=\"color: #fff;\">Unsere Techniker installieren alle Arten von Photovoltaikanlagen auf allen Arten von D\u00e4chern. Wir f\u00fchren eine komplette Montage der Hardware, einschlie\u00dflich der F\u00fchrungen und der Paneele, sowie den Anschluss der gesamten Elektroinstallation, einschlie\u00dflich des Anschlusses an das Netz der Anlage durch.<\/p>\n<p style=\"color: #fff;\">Wir sind in der Lage, Komplettl\u00f6sungen anzubieten und zu liefern, welche die Planung des Photovoltaik-Kraftwerkes, die Lieferung der Ausr\u00fcstung und die Montage des kompletten Systems beinhalten!<\/p>\n<p>[\/et_pb_text][\/et_pb_column][\/et_pb_row][\/et_pb_section][et_pb_section fb_built=&#8221;1&#8243; admin_label=&#8221;About&#8221; _builder_version=&#8221;4.16&#8243; global_colors_info=&#8221;{}&#8221;][et_pb_row column_structure=&#8221;1_2,1_2&#8243; _builder_version=&#8221;4.20.2&#8243; _module_preset=&#8221;default&#8221; global_colors_info=&#8221;{}&#8221;][et_pb_column type=&#8221;1_2&#8243; _builder_version=&#8221;4.20.2&#8243; _module_preset=&#8221;default&#8221; global_colors_info=&#8221;{}&#8221;][et_pb_image src=&#8221;https:\/\/kromacarwash.com\/wp-content\/uploads\/2024\/01\/30e61b12-6a6b-42fa-9694-45fa92cb2a75-1024&#215;576.jpg&#8221; title_text=&#8221;30e61b12-6a6b-42fa-9694-45fa92cb2a75&#8243; _builder_version=&#8221;4.20.2&#8243; _module_preset=&#8221;default&#8221; global_colors_info=&#8221;{}&#8221;][\/et_pb_image][et_pb_image src=&#8221;https:\/\/kromacarwash.com\/wp-content\/uploads\/2024\/01\/3b9b5ccf-d46c-40a5-9232-9e0b7b256d01.jpg&#8221; title_text=&#8221;3b9b5ccf-d46c-40a5-9232-9e0b7b256d01&#8243; _builder_version=&#8221;4.20.2&#8243; _module_preset=&#8221;default&#8221; global_colors_info=&#8221;{}&#8221;][\/et_pb_image][et_pb_image src=&#8221;https:\/\/kromacarwash.com\/wp-content\/uploads\/2024\/01\/368242931_766776091995665_4974794978845512838_n-1024&#215;767.jpg&#8221; title_text=&#8221;368242931_766776091995665_4974794978845512838_n&#8221; _builder_version=&#8221;4.20.2&#8243; _module_preset=&#8221;default&#8221; global_colors_info=&#8221;{}&#8221;][\/et_pb_image][et_pb_image src=&#8221;https:\/\/kromacarwash.com\/wp-content\/uploads\/2024\/01\/391713740_802826708390603_2376291964785618740_n-e1706188584955-1024&#215;699.jpg&#8221; title_text=&#8221;391713740_802826708390603_2376291964785618740_n&#8221; _builder_version=&#8221;4.20.2&#8243; _module_preset=&#8221;default&#8221; global_colors_info=&#8221;{}&#8221;][\/et_pb_image][et_pb_image src=&#8221;https:\/\/kromacarwash.com\/wp-content\/uploads\/2024\/01\/337418736_236698625420912_6216074523513850459_n-1024&#215;767.jpg&#8221; title_text=&#8221;337418736_236698625420912_6216074523513850459_n&#8221; _builder_version=&#8221;4.20.2&#8243; _module_preset=&#8221;default&#8221; global_colors_info=&#8221;{}&#8221;][\/et_pb_image][et_pb_image src=&#8221;https:\/\/kromacarwash.com\/wp-content\/uploads\/2024\/01\/348839364_6224955334264989_8854910885855883302_n-1024&#215;576.jpg&#8221; title_text=&#8221;348839364_6224955334264989_8854910885855883302_n&#8221; _builder_version=&#8221;4.20.2&#8243; _module_preset=&#8221;default&#8221; global_colors_info=&#8221;{}&#8221;][\/et_pb_image][et_pb_image src=&#8221;https:\/\/kromacarwash.com\/wp-content\/uploads\/2024\/01\/368353166_771732088166732_4616228781323751927_n-1024&#215;576.jpg&#8221; title_text=&#8221;368353166_771732088166732_4616228781323751927_n&#8221; _builder_version=&#8221;4.20.2&#8243; _module_preset=&#8221;default&#8221; global_colors_info=&#8221;{}&#8221;][\/et_pb_image][\/et_pb_column][et_pb_column type=&#8221;1_2&#8243; _builder_version=&#8221;4.20.2&#8243; _module_preset=&#8221;default&#8221; global_colors_info=&#8221;{}&#8221;][et_pb_image src=&#8221;https:\/\/kromacarwash.com\/wp-content\/uploads\/2024\/01\/5f75bbdc-9118-44c1-af62-c79fcea829b9.jpg&#8221; title_text=&#8221;5f75bbdc-9118-44c1-af62-c79fcea829b9&#8243; _builder_version=&#8221;4.20.2&#8243; _module_preset=&#8221;default&#8221; global_colors_info=&#8221;{}&#8221;][\/et_pb_image][et_pb_image src=&#8221;https:\/\/kromacarwash.com\/wp-content\/uploads\/2024\/01\/3fa53267-4175-4c94-8191-c60d6f80decc.jpg&#8221; title_text=&#8221;3fa53267-4175-4c94-8191-c60d6f80decc&#8221; _builder_version=&#8221;4.20.2&#8243; _module_preset=&#8221;default&#8221; global_colors_info=&#8221;{}&#8221;][\/et_pb_image][et_pb_image src=&#8221;https:\/\/kromacarwash.com\/wp-content\/uploads\/2024\/01\/368032086_766776028662338_1192686019556602046_n.jpg&#8221; title_text=&#8221;368032086_766776028662338_1192686019556602046_n&#8221; _builder_version=&#8221;4.20.2&#8243; _module_preset=&#8221;default&#8221; global_colors_info=&#8221;{}&#8221;][\/et_pb_image][et_pb_image src=&#8221;https:\/\/kromacarwash.com\/wp-content\/uploads\/2024\/01\/337408830_552503580303243_3355619898121604920_n-1024&#215;577.jpg&#8221; title_text=&#8221;337408830_552503580303243_3355619898121604920_n&#8221; _builder_version=&#8221;4.20.2&#8243; _module_preset=&#8221;default&#8221; global_colors_info=&#8221;{}&#8221;][\/et_pb_image][et_pb_image src=&#8221;https:\/\/kromacarwash.com\/wp-content\/uploads\/2024\/01\/348663724_1416068055628474_1078195708373913610_n-1024&#215;767.jpg&#8221; title_text=&#8221;348663724_1416068055628474_1078195708373913610_n&#8221; _builder_version=&#8221;4.20.2&#8243; _module_preset=&#8221;default&#8221; global_colors_info=&#8221;{}&#8221;][\/et_pb_image][et_pb_image src=&#8221;https:\/\/kromacarwash.com\/wp-content\/uploads\/2024\/01\/358387233_743333061006635_4459514141338714161_n-1024&#215;576.jpg&#8221; title_text=&#8221;358387233_743333061006635_4459514141338714161_n&#8221; _builder_version=&#8221;4.20.2&#8243; _module_preset=&#8221;default&#8221; global_colors_info=&#8221;{}&#8221;][\/et_pb_image][et_pb_image src=&#8221;https:\/\/kromacarwash.com\/wp-content\/uploads\/2024\/01\/1-e1706188664399-1024&#215;719.jpg&#8221; title_text=&#8221;1&#8243; _builder_version=&#8221;4.20.2&#8243; _module_preset=&#8221;default&#8221; global_colors_info=&#8221;{}&#8221;][\/et_pb_image][\/et_pb_column][\/et_pb_row][\/et_pb_section]<\/p>\n","protected":false},"excerpt":{"rendered":"<p>PhotovoltaikanlagenIm Einklang mit den in den letzten Jahren beobachteten Trends in der Autowaschbranche, von denen der \u00dcbergang zu erneuerbaren Energiequellen der wichtigste ist, haben wir Teams f\u00fcr die Montage von Photovoltaikanlagen ausgebildet und ausger\u00fcstet. Unsere Techniker installieren alle Arten von Photovoltaikanlagen auf allen Arten von D\u00e4chern. Wir f\u00fchren eine komplette Montage der Hardware, einschlie\u00dflich der [&hellip;]<\/p>\n","protected":false},"author":6,"featured_media":273276,"parent":0,"menu_order":0,"comment_status":"closed","ping_status":"closed","template":"","meta":{"_et_pb_use_builder":"on","_et_pb_old_content":"","_et_gb_content_width":"","rank_math_lock_modified_date":false,"footnotes":""},"class_list":["post-273841","page","type-page","status-publish","has-post-thumbnail","hentry"],"_links":{"self":[{"href":"https:\/\/kromacarwash.com\/de\/wp-json\/wp\/v2\/pages\/273841"}],"collection":[{"href":"https:\/\/kromacarwash.com\/de\/wp-json\/wp\/v2\/pages"}],"about":[{"href":"https:\/\/kromacarwash.com\/de\/wp-json\/wp\/v2\/types\/page"}],"author":[{"embeddable":true,"href":"https:\/\/kromacarwash.com\/de\/wp-json\/wp\/v2\/users\/6"}],"replies":[{"embeddable":true,"href":"https:\/\/kromacarwash.com\/de\/wp-json\/wp\/v2\/comments?post=273841"}],"version-history":[{"count":8,"href":"https:\/\/kromacarwash.com\/de\/wp-json\/wp\/v2\/pages\/273841\/revisions"}],"predecessor-version":[{"id":274066,"href":"https:\/\/kromacarwash.com\/de\/wp-json\/wp\/v2\/pages\/273841\/revisions\/274066"}],"wp:featuredmedia":[{"embeddable":true,"href":"https:\/\/kromacarwash.com\/de\/wp-json\/wp\/v2\/media\/273276"}],"wp:attachment":[{"href":"https:\/\/kromacarwash.com\/de\/wp-json\/wp\/v2\/media?parent=273841"}],"curies":[{"name":"wp","href":"https:\/\/api.w.org\/{rel}","templated":true}]}}