{"id":269512,"date":"2021-11-02T11:49:34","date_gmt":"2021-11-02T10:49:34","guid":{"rendered":"https:\/\/kromacarwash.com\/proizvod\/kupplungen-fuer-schuetz-dilm9\/"},"modified":"2021-11-02T11:49:34","modified_gmt":"2021-11-02T10:49:34","slug":"kupplungen-fuer-schuetz-dilm9","status":"publish","type":"product","link":"https:\/\/kromacarwash.com\/de\/p\/kupplungen-fuer-schuetz-dilm9\/","title":{"rendered":"Kupplungen f\u00fcr Sch\u00fctz DILM9"},"content":{"rendered":"","protected":false},"excerpt":{"rendered":"<p>Verbindungen f\u00fcr Sch\u00fctz DILM9<\/p>\n","protected":false},"featured_media":263530,"template":"","meta":{"_et_pb_use_builder":"","_et_pb_old_content":"","_et_gb_content_width":"","rank_math_lock_modified_date":false},"product_cat":[199,195,183],"product_tag":[],"class_list":{"0":"post-269512","1":"product","2":"type-product","3":"status-publish","4":"has-post-thumbnail","6":"product_cat-ausrustung-und-ersatzteile","7":"product_cat-elektronische-geraete-und-sensoren","8":"product_cat-ersatzteile","10":"first","11":"instock","12":"taxable","13":"shipping-taxable","14":"purchasable","15":"product-type-simple"},"_links":{"self":[{"href":"https:\/\/kromacarwash.com\/de\/wp-json\/wp\/v2\/product\/269512"}],"collection":[{"href":"https:\/\/kromacarwash.com\/de\/wp-json\/wp\/v2\/product"}],"about":[{"href":"https:\/\/kromacarwash.com\/de\/wp-json\/wp\/v2\/types\/product"}],"wp:featuredmedia":[{"embeddable":true,"href":"https:\/\/kromacarwash.com\/de\/wp-json\/wp\/v2\/media\/263530"}],"wp:attachment":[{"href":"https:\/\/kromacarwash.com\/de\/wp-json\/wp\/v2\/media?parent=269512"}],"wp:term":[{"taxonomy":"product_cat","embeddable":true,"href":"https:\/\/kromacarwash.com\/de\/wp-json\/wp\/v2\/product_cat?post=269512"},{"taxonomy":"product_tag","embeddable":true,"href":"https:\/\/kromacarwash.com\/de\/wp-json\/wp\/v2\/product_tag?post=269512"}],"curies":[{"name":"wp","href":"https:\/\/api.w.org\/{rel}","templated":true}]}}