{"id":269528,"date":"2021-11-02T11:49:34","date_gmt":"2021-11-02T10:49:34","guid":{"rendered":"https:\/\/kromacarwash.com\/proizvod\/bodenbuerstenhalter\/"},"modified":"2021-11-02T11:49:39","modified_gmt":"2021-11-02T10:49:39","slug":"bodenbuerstenhalter","status":"publish","type":"product","link":"https:\/\/kromacarwash.com\/de\/p\/bodenbuerstenhalter\/","title":{"rendered":"Bodenb\u00fcrstenhalter"},"content":{"rendered":"","protected":false},"excerpt":{"rendered":"<p>Edelstahl-Bodenkorb f\u00fcr B\u00fcrste.<\/p>\n","protected":false},"featured_media":262972,"template":"","meta":{"_et_pb_use_builder":"","_et_pb_old_content":"","_et_gb_content_width":"","rank_math_lock_modified_date":false},"product_cat":[192,199,183],"product_tag":[],"class_list":{"0":"post-269528","1":"product","2":"type-product","3":"status-publish","4":"has-post-thumbnail","6":"product_cat-ausruestung-fuer-waschplaetze","7":"product_cat-ausrustung-und-ersatzteile","8":"product_cat-ersatzteile","10":"first","11":"instock","12":"taxable","13":"shipping-taxable","14":"purchasable","15":"product-type-simple"},"_links":{"self":[{"href":"https:\/\/kromacarwash.com\/de\/wp-json\/wp\/v2\/product\/269528"}],"collection":[{"href":"https:\/\/kromacarwash.com\/de\/wp-json\/wp\/v2\/product"}],"about":[{"href":"https:\/\/kromacarwash.com\/de\/wp-json\/wp\/v2\/types\/product"}],"wp:featuredmedia":[{"embeddable":true,"href":"https:\/\/kromacarwash.com\/de\/wp-json\/wp\/v2\/media\/262972"}],"wp:attachment":[{"href":"https:\/\/kromacarwash.com\/de\/wp-json\/wp\/v2\/media?parent=269528"}],"wp:term":[{"taxonomy":"product_cat","embeddable":true,"href":"https:\/\/kromacarwash.com\/de\/wp-json\/wp\/v2\/product_cat?post=269528"},{"taxonomy":"product_tag","embeddable":true,"href":"https:\/\/kromacarwash.com\/de\/wp-json\/wp\/v2\/product_tag?post=269528"}],"curies":[{"name":"wp","href":"https:\/\/api.w.org\/{rel}","templated":true}]}}