{"id":269539,"date":"2021-11-02T11:49:40","date_gmt":"2021-11-02T10:49:40","guid":{"rendered":"https:\/\/kromacarwash.com\/proizvod\/treuekarte-und-verschluesselter-schluesselleser\/"},"modified":"2021-11-02T11:49:42","modified_gmt":"2021-11-02T10:49:42","slug":"treuekarte-und-verschluesselter-schluesselleser","status":"publish","type":"product","link":"https:\/\/kromacarwash.com\/de\/p\/treuekarte-und-verschluesselter-schluesselleser\/","title":{"rendered":"Treuekarte und verschl\u00fcsselter Schl\u00fcsselleser"},"content":{"rendered":"","protected":false},"excerpt":{"rendered":"<p>Kundenkarten- und Schl\u00fcssel-Leser<\/p>\n","protected":false},"featured_media":263650,"template":"","meta":{"_et_pb_use_builder":"","_et_pb_old_content":"","_et_gb_content_width":"","rank_math_lock_modified_date":false},"product_cat":[194,199,183],"product_tag":[],"class_list":{"0":"post-269539","1":"product","2":"type-product","3":"status-publish","4":"has-post-thumbnail","6":"product_cat-abrechnungssystem","7":"product_cat-ausrustung-und-ersatzteile","8":"product_cat-ersatzteile","10":"first","11":"instock","12":"taxable","13":"shipping-taxable","14":"purchasable","15":"product-type-simple"},"_links":{"self":[{"href":"https:\/\/kromacarwash.com\/de\/wp-json\/wp\/v2\/product\/269539"}],"collection":[{"href":"https:\/\/kromacarwash.com\/de\/wp-json\/wp\/v2\/product"}],"about":[{"href":"https:\/\/kromacarwash.com\/de\/wp-json\/wp\/v2\/types\/product"}],"wp:featuredmedia":[{"embeddable":true,"href":"https:\/\/kromacarwash.com\/de\/wp-json\/wp\/v2\/media\/263650"}],"wp:attachment":[{"href":"https:\/\/kromacarwash.com\/de\/wp-json\/wp\/v2\/media?parent=269539"}],"wp:term":[{"taxonomy":"product_cat","embeddable":true,"href":"https:\/\/kromacarwash.com\/de\/wp-json\/wp\/v2\/product_cat?post=269539"},{"taxonomy":"product_tag","embeddable":true,"href":"https:\/\/kromacarwash.com\/de\/wp-json\/wp\/v2\/product_tag?post=269539"}],"curies":[{"name":"wp","href":"https:\/\/api.w.org\/{rel}","templated":true}]}}