{"id":269552,"date":"2021-11-02T11:49:46","date_gmt":"2021-11-02T10:49:46","guid":{"rendered":"https:\/\/kromacarwash.com\/proizvod\/buerstenluftinjektor\/"},"modified":"2021-11-02T11:49:47","modified_gmt":"2021-11-02T10:49:47","slug":"buerstenluftinjektor","status":"publish","type":"product","link":"https:\/\/kromacarwash.com\/de\/p\/buerstenluftinjektor\/","title":{"rendered":"B\u00fcrstenluftinjektor"},"content":{"rendered":"","protected":false},"excerpt":{"rendered":"<p>Luftinjektor f\u00fcr B\u00fcrsten<\/p>\n","protected":false},"featured_media":263738,"template":"","meta":{"_et_pb_use_builder":"","_et_pb_old_content":"","_et_gb_content_width":"","rank_math_lock_modified_date":false},"product_cat":[199,183,185],"product_tag":[],"class_list":{"0":"post-269552","1":"product","2":"type-product","3":"status-publish","4":"has-post-thumbnail","6":"product_cat-ausrustung-und-ersatzteile","7":"product_cat-ersatzteile","8":"product_cat-schaumpistolen-und-buersten","10":"first","11":"instock","12":"taxable","13":"shipping-taxable","14":"purchasable","15":"product-type-simple"},"_links":{"self":[{"href":"https:\/\/kromacarwash.com\/de\/wp-json\/wp\/v2\/product\/269552"}],"collection":[{"href":"https:\/\/kromacarwash.com\/de\/wp-json\/wp\/v2\/product"}],"about":[{"href":"https:\/\/kromacarwash.com\/de\/wp-json\/wp\/v2\/types\/product"}],"wp:featuredmedia":[{"embeddable":true,"href":"https:\/\/kromacarwash.com\/de\/wp-json\/wp\/v2\/media\/263738"}],"wp:attachment":[{"href":"https:\/\/kromacarwash.com\/de\/wp-json\/wp\/v2\/media?parent=269552"}],"wp:term":[{"taxonomy":"product_cat","embeddable":true,"href":"https:\/\/kromacarwash.com\/de\/wp-json\/wp\/v2\/product_cat?post=269552"},{"taxonomy":"product_tag","embeddable":true,"href":"https:\/\/kromacarwash.com\/de\/wp-json\/wp\/v2\/product_tag?post=269552"}],"curies":[{"name":"wp","href":"https:\/\/api.w.org\/{rel}","templated":true}]}}