{"id":269572,"date":"2021-11-02T11:49:54","date_gmt":"2021-11-02T10:49:54","guid":{"rendered":"https:\/\/kromacarwash.com\/proizvod\/rep-set-fuer-cat-340-dichtungen\/"},"modified":"2021-11-02T11:49:54","modified_gmt":"2021-11-02T10:49:54","slug":"rep-set-fuer-cat-340-dichtungen","status":"publish","type":"product","link":"https:\/\/kromacarwash.com\/de\/p\/rep-set-fuer-cat-340-dichtungen\/","title":{"rendered":"Rep.set f\u00fcr CAT 340 Dichtungen"},"content":{"rendered":"","protected":false},"excerpt":{"rendered":"<p>Reparatursatz f\u00fcr Dichtungen f\u00fcr VT-Pumpe CAT 340<\/p>\n","protected":false},"featured_media":263866,"template":"","meta":{"_et_pb_use_builder":"","_et_pb_old_content":"","_et_gb_content_width":"","rank_math_lock_modified_date":false},"product_cat":[199,183,187],"product_tag":[],"class_list":{"0":"post-269572","1":"product","2":"type-product","3":"status-publish","4":"has-post-thumbnail","6":"product_cat-ausrustung-und-ersatzteile","7":"product_cat-ersatzteile","8":"product_cat-pumpen-und-zubehoer","10":"first","11":"instock","12":"taxable","13":"shipping-taxable","14":"purchasable","15":"product-type-simple"},"_links":{"self":[{"href":"https:\/\/kromacarwash.com\/de\/wp-json\/wp\/v2\/product\/269572"}],"collection":[{"href":"https:\/\/kromacarwash.com\/de\/wp-json\/wp\/v2\/product"}],"about":[{"href":"https:\/\/kromacarwash.com\/de\/wp-json\/wp\/v2\/types\/product"}],"wp:featuredmedia":[{"embeddable":true,"href":"https:\/\/kromacarwash.com\/de\/wp-json\/wp\/v2\/media\/263866"}],"wp:attachment":[{"href":"https:\/\/kromacarwash.com\/de\/wp-json\/wp\/v2\/media?parent=269572"}],"wp:term":[{"taxonomy":"product_cat","embeddable":true,"href":"https:\/\/kromacarwash.com\/de\/wp-json\/wp\/v2\/product_cat?post=269572"},{"taxonomy":"product_tag","embeddable":true,"href":"https:\/\/kromacarwash.com\/de\/wp-json\/wp\/v2\/product_tag?post=269572"}],"curies":[{"name":"wp","href":"https:\/\/api.w.org\/{rel}","templated":true}]}}