{"id":269606,"date":"2021-11-02T11:50:00","date_gmt":"2021-11-02T10:50:00","guid":{"rendered":"https:\/\/kromacarwash.com\/proizvod\/tuerschliessstangenhalter\/"},"modified":"2021-11-02T11:50:05","modified_gmt":"2021-11-02T10:50:05","slug":"tuerschliessstangenhalter","status":"publish","type":"product","link":"https:\/\/kromacarwash.com\/de\/p\/tuerschliessstangenhalter\/","title":{"rendered":"T\u00fcrschlie\u00dfstangenhalter"},"content":{"rendered":"","protected":false},"excerpt":{"rendered":"<p>T\u00fcrschlie\u00dfstangenhalter bei BKF-SB-Waschanlagen<\/p>\n","protected":false},"featured_media":263986,"template":"","meta":{"_et_pb_use_builder":"","_et_pb_old_content":"","_et_gb_content_width":"","rank_math_lock_modified_date":false},"product_cat":[199,183,196],"product_tag":[],"class_list":{"0":"post-269606","1":"product","2":"type-product","3":"status-publish","4":"has-post-thumbnail","6":"product_cat-ausrustung-und-ersatzteile","7":"product_cat-ersatzteile","8":"product_cat-tuerschliesssystem-de","10":"first","11":"instock","12":"taxable","13":"shipping-taxable","14":"purchasable","15":"product-type-simple"},"_links":{"self":[{"href":"https:\/\/kromacarwash.com\/de\/wp-json\/wp\/v2\/product\/269606"}],"collection":[{"href":"https:\/\/kromacarwash.com\/de\/wp-json\/wp\/v2\/product"}],"about":[{"href":"https:\/\/kromacarwash.com\/de\/wp-json\/wp\/v2\/types\/product"}],"wp:featuredmedia":[{"embeddable":true,"href":"https:\/\/kromacarwash.com\/de\/wp-json\/wp\/v2\/media\/263986"}],"wp:attachment":[{"href":"https:\/\/kromacarwash.com\/de\/wp-json\/wp\/v2\/media?parent=269606"}],"wp:term":[{"taxonomy":"product_cat","embeddable":true,"href":"https:\/\/kromacarwash.com\/de\/wp-json\/wp\/v2\/product_cat?post=269606"},{"taxonomy":"product_tag","embeddable":true,"href":"https:\/\/kromacarwash.com\/de\/wp-json\/wp\/v2\/product_tag?post=269606"}],"curies":[{"name":"wp","href":"https:\/\/api.w.org\/{rel}","templated":true}]}}