{"id":269609,"date":"2021-11-02T11:50:00","date_gmt":"2021-11-02T10:50:00","guid":{"rendered":"https:\/\/kromacarwash.com\/proizvod\/tuerdrueckerzylinder\/"},"modified":"2021-11-02T11:50:06","modified_gmt":"2021-11-02T10:50:06","slug":"tuerdrueckerzylinder","status":"publish","type":"product","link":"https:\/\/kromacarwash.com\/de\/p\/tuerdrueckerzylinder\/","title":{"rendered":"T\u00fcrdr\u00fcckerzylinder"},"content":{"rendered":"","protected":false},"excerpt":{"rendered":"<p>T\u00fcrschlie\u00dfzylinder f\u00fcr BKF-Selbstbedienungswaschanlagen<\/p>\n","protected":false},"featured_media":264010,"template":"","meta":{"_et_pb_use_builder":"","_et_pb_old_content":"","_et_gb_content_width":"","rank_math_lock_modified_date":false},"product_cat":[199,183,196],"product_tag":[],"class_list":{"0":"post-269609","1":"product","2":"type-product","3":"status-publish","4":"has-post-thumbnail","6":"product_cat-ausrustung-und-ersatzteile","7":"product_cat-ersatzteile","8":"product_cat-tuerschliesssystem-de","10":"first","11":"instock","12":"taxable","13":"shipping-taxable","14":"purchasable","15":"product-type-simple"},"_links":{"self":[{"href":"https:\/\/kromacarwash.com\/de\/wp-json\/wp\/v2\/product\/269609"}],"collection":[{"href":"https:\/\/kromacarwash.com\/de\/wp-json\/wp\/v2\/product"}],"about":[{"href":"https:\/\/kromacarwash.com\/de\/wp-json\/wp\/v2\/types\/product"}],"wp:featuredmedia":[{"embeddable":true,"href":"https:\/\/kromacarwash.com\/de\/wp-json\/wp\/v2\/media\/264010"}],"wp:attachment":[{"href":"https:\/\/kromacarwash.com\/de\/wp-json\/wp\/v2\/media?parent=269609"}],"wp:term":[{"taxonomy":"product_cat","embeddable":true,"href":"https:\/\/kromacarwash.com\/de\/wp-json\/wp\/v2\/product_cat?post=269609"},{"taxonomy":"product_tag","embeddable":true,"href":"https:\/\/kromacarwash.com\/de\/wp-json\/wp\/v2\/product_tag?post=269609"}],"curies":[{"name":"wp","href":"https:\/\/api.w.org\/{rel}","templated":true}]}}