{"id":269748,"date":"2021-10-26T12:30:03","date_gmt":"2021-11-02T10:37:51","guid":{"rendered":"https:\/\/kromacarwash.com\/proizvod\/superpowder-plus-ld-2\/"},"modified":"2021-11-02T11:37:51","modified_gmt":"2021-11-02T10:37:51","slug":"superpowder-plus-ld","status":"publish","type":"product","link":"https:\/\/kromacarwash.com\/de\/p\/superpowder-plus-ld\/","title":{"rendered":"SuperPowder PLUS LD"},"content":{"rendered":"","protected":false},"excerpt":{"rendered":"<p>Hohe Konzentration an Tensiden mit roten und blauen Partikeln f\u00fcr eine gr\u00fcndliche Reinigung. Mikropulver erzeugt einen reichhaltigen Schaum mit hoher Schmutzl\u00f6sekraft und einem angenehmen erfrischenden Duft. Rote Farben Nur zur Verwendung in Hochdruck-Selbstbedienungswaschanlagen. Schonend f\u00fcr das Material. Enth\u00e4lt Komponenten zum Schutz der Fahrzeugoberfl\u00e4che vor Korrosion. Silikatfrei &#8211; keine chemischen R\u00fcckst\u00e4nde auf Lack, Glas oder Kunststoff.<\/p>\n<ul>\n<li class = p1\" \"> <strong> Verpackung &#8211; 20kg (Volumen 30 Liter) <\/strong> <\/li>\n","protected":false},"featured_media":261048,"template":"","meta":{"_et_pb_use_builder":"","_et_pb_old_content":"","_et_gb_content_width":"","rank_math_lock_modified_date":false},"product_cat":[182,198],"product_tag":[],"class_list":{"0":"post-269748","1":"product","2":"type-product","3":"status-publish","4":"has-post-thumbnail","6":"product_cat-mikropulver-fuer-selbstbedienungswaschanlagen","7":"product_cat-professionelle-reinigungsprodukte","9":"first","10":"instock","11":"taxable","12":"shipping-taxable","13":"purchasable","14":"product-type-simple"},"_links":{"self":[{"href":"https:\/\/kromacarwash.com\/de\/wp-json\/wp\/v2\/product\/269748"}],"collection":[{"href":"https:\/\/kromacarwash.com\/de\/wp-json\/wp\/v2\/product"}],"about":[{"href":"https:\/\/kromacarwash.com\/de\/wp-json\/wp\/v2\/types\/product"}],"wp:featuredmedia":[{"embeddable":true,"href":"https:\/\/kromacarwash.com\/de\/wp-json\/wp\/v2\/media\/261048"}],"wp:attachment":[{"href":"https:\/\/kromacarwash.com\/de\/wp-json\/wp\/v2\/media?parent=269748"}],"wp:term":[{"taxonomy":"product_cat","embeddable":true,"href":"https:\/\/kromacarwash.com\/de\/wp-json\/wp\/v2\/product_cat?post=269748"},{"taxonomy":"product_tag","embeddable":true,"href":"https:\/\/kromacarwash.com\/de\/wp-json\/wp\/v2\/product_tag?post=269748"}],"curies":[{"name":"wp","href":"https:\/\/api.w.org\/{rel}","templated":true}]}}