{"id":267527,"date":"2021-10-21T13:44:12","date_gmt":"2021-10-21T12:44:12","guid":{"rendered":"https:\/\/kromacarwash.com\/fwa-kamionski-portali-za-pranje\/"},"modified":"2021-10-21T13:47:14","modified_gmt":"2021-10-21T12:47:14","slug":"fwa-kamionski-portali-za-pranje","status":"publish","type":"page","link":"https:\/\/kromacarwash.com\/sr\/fwa-kamionski-portali-za-pranje\/","title":{"rendered":"FWA kamionski portali za pranje"},"content":{"rendered":"<p>[et_pb_section fb_built=&#8221;1&#8243; admin_label=&#8221;Header&#8221; _builder_version=&#8221;4.9.2&#8243; background_enable_color=&#8221;off&#8221; use_background_color_gradient=&#8221;on&#8221; background_color_gradient_start=&#8221;rgba(17,216,206,0.19)&#8221; background_color_gradient_end=&#8221;#11d8ce&#8221; background_color_gradient_type=&#8221;radial&#8221; background_color_gradient_direction_radial=&#8221;bottom&#8221; background_color_gradient_start_position=&#8221;20%&#8221; background_enable_image=&#8221;off&#8221; custom_padding=&#8221;10vw||0px||false|false&#8221;][et_pb_row column_structure=&#8221;1_2,1_2&#8243; custom_padding_last_edited=&#8221;on|phone&#8221; disabled_on=&#8221;off|off|off&#8221; _builder_version=&#8221;4.9.2&#8243; background_enable_color=&#8221;off&#8221; background_enable_image=&#8221;off&#8221; background_video_mp4=&#8221;https:\/\/kromacarwash.com\/wp-content\/uploads\/2021\/06\/WhatsApp-Video-2021-05-13-at-20.49.06.mp4&#8243; width=&#8221;90%&#8221; max_width=&#8221;none&#8221; module_alignment=&#8221;left&#8221; custom_margin_tablet=&#8221;|auto||0px|false|false&#8221; custom_margin_last_edited=&#8221;off|desktop&#8221; custom_padding=&#8221;6vw|120px|24vw|120px|false|true&#8221; custom_padding_tablet=&#8221;6vw|0px|24vw|0px|false|true&#8221; custom_padding_phone=&#8221;6vw||38vw|20px|false|false&#8221; background_last_edited=&#8221;off|desktop&#8221; parallax_phone=&#8221;off&#8221; background_blend_tablet=&#8221;multiply&#8221; background_blend_phone=&#8221;overlay&#8221; border_color_all=&#8221;#303644&#8243; border_width_right=&#8221;8vw&#8221; locked=&#8221;off&#8221; background__hover_enabled=&#8221;on|desktop&#8221;][et_pb_column type=&#8221;1_2&#8243; _builder_version=&#8221;4.9.2&#8243;][et_pb_text _builder_version=&#8221;4.9.2&#8243; header_text_color=&#8221;#303644&#8243; background_layout=&#8221;dark&#8221; custom_margin_tablet=&#8221;|||60px|false|false&#8221; custom_margin_phone=&#8221;|||20px|false|false&#8221; custom_margin_last_edited=&#8221;on|tablet&#8221; custom_padding_tablet=&#8221;&#8221; custom_padding_phone=&#8221;&#8221; custom_padding_last_edited=&#8221;on|desktop&#8221; header_font_size_tablet=&#8221;60px&#8221; header_font_size_phone=&#8221;35px&#8221; header_font_size_last_edited=&#8221;on|phone&#8221; header_line_height_tablet=&#8221;&#8221; header_line_height_phone=&#8221;1em&#8221; header_line_height_last_edited=&#8221;on|phone&#8221;]<\/p>\n<h1><span style=\"color: #ffffff;\">FWA portali za kamione i autobuse<\/span><\/h1>\n<p>[\/et_pb_text][\/et_pb_column][et_pb_column type=&#8221;1_2&#8243; _builder_version=&#8221;4.9.2&#8243;][\/et_pb_column][\/et_pb_row][et_pb_row column_structure=&#8221;1_2,1_2&#8243; make_equal=&#8221;on&#8221; _builder_version=&#8221;4.9.2&#8243; positioning=&#8221;absolute&#8221; position_origin_a=&#8221;bottom_left&#8221; position_origin_a_tablet=&#8221;&#8221; position_origin_a_phone=&#8221;&#8221; position_origin_a_last_edited=&#8221;on|desktop&#8221; position_origin_f_tablet=&#8221;&#8221; position_origin_f_phone=&#8221;&#8221; position_origin_f_last_edited=&#8221;on|desktop&#8221; position_origin_r_tablet=&#8221;&#8221; position_origin_r_phone=&#8221;&#8221; position_origin_r_last_edited=&#8221;on|desktop&#8221; width=&#8221;90%&#8221; max_width=&#8221;none&#8221; custom_margin=&#8221;|auto||0px|false|false&#8221; custom_padding=&#8221;0px||0px|10vw|true|false&#8221; positioning_tablet=&#8221;none&#8221; positioning_phone=&#8221;&#8221; positioning_last_edited=&#8221;on|tablet&#8221; box_shadow_style=&#8221;preset4&#8243; box_shadow_horizontal=&#8221;30vw&#8221; box_shadow_vertical=&#8221;0px&#8221; box_shadow_color=&#8221;#ffffff&#8221; locked=&#8221;off&#8221;][et_pb_column type=&#8221;1_2&#8243; _builder_version=&#8221;4.4.4&#8243; custom_padding=&#8221;||||false|false&#8221;][\/et_pb_column][et_pb_column type=&#8221;1_2&#8243; _builder_version=&#8221;4.9.2&#8243; background_color=&#8221;#DF3333&#8243; custom_padding=&#8221;60px|4%|60px|4%|true|true&#8221; custom_padding_tablet=&#8221;&#8221; custom_padding_phone=&#8221;|15%||15%|true|true&#8221; custom_padding_last_edited=&#8221;on|phone&#8221;][et_pb_text _builder_version=&#8221;4.9.2&#8243; text_font=&#8221;Rubik|300|||||||&#8221; text_text_color=&#8221;#FFFFFF&#8221; header_3_font=&#8221;Prata||||||||&#8221; header_3_font_size=&#8221;30px&#8221; header_3_line_height=&#8221;1.3em&#8221; background_layout=&#8221;dark&#8221; custom_margin=&#8221;||4px||false|false&#8221; header_3_font_size_tablet=&#8221;22px&#8221; header_3_font_size_phone=&#8221;20px&#8221; header_3_font_size_last_edited=&#8221;on|phone&#8221; locked=&#8221;off&#8221;]<\/p>\n<p><span style=\"color: #ffffff;\">FWA kamionski portali izra\u0111eni od inoxa idealni su ure\u0111aji za uslu\u017eno pranje razli\u010ditih vrsta teretnih vozila ili pranje privatnih flota za preduze\u0107a sa ve\u0107im brojem teretnih vozila.<\/span><\/p>\n<p>[\/et_pb_text][\/et_pb_column][\/et_pb_row][\/et_pb_section][et_pb_section fb_built=&#8221;1&#8243; admin_label=&#8221;Services&#8221; _builder_version=&#8221;4.9.2&#8243;][et_pb_row column_structure=&#8221;2_5,3_5&#8243; _builder_version=&#8221;4.9.2&#8243;][et_pb_column type=&#8221;2_5&#8243; _builder_version=&#8221;4.9.2&#8243; custom_padding_tablet=&#8221;|0px|||false|false&#8221; custom_padding_phone=&#8221;&#8221; custom_padding_last_edited=&#8221;on|phone&#8221;][et_pb_image src=&#8221;https:\/\/kromacarwash.com\/wp-content\/uploads\/2021\/06\/automatska-autopraonica-kamioni-autobusi-fwa-portal-1.jpg&#8221; title_text=&#8221;automatska-autopraonica-kamioni-autobusi-fwa-portal-1&#8243; show_in_lightbox=&#8221;on&#8221; align_tablet=&#8221;center&#8221; align_phone=&#8221;&#8221; align_last_edited=&#8221;on|desktop&#8221; _builder_version=&#8221;4.9.2&#8243; animation_style=&#8221;flip&#8221;][\/et_pb_image][et_pb_image src=&#8221;https:\/\/kromacarwash.com\/wp-content\/uploads\/2021\/06\/automatska-autopraonica-kamioni-autobusi-fwa-portal-2.jpg&#8221; title_text=&#8221;automatska-autopraonica-kamioni-autobusi-fwa-portal-2&#8243; show_in_lightbox=&#8221;on&#8221; align_tablet=&#8221;center&#8221; align_phone=&#8221;&#8221; align_last_edited=&#8221;on|desktop&#8221; _builder_version=&#8221;4.9.2&#8243; animation_style=&#8221;flip&#8221; animation_direction=&#8221;left&#8221;][\/et_pb_image][\/et_pb_column][et_pb_column type=&#8221;3_5&#8243; _builder_version=&#8221;4.9.2&#8243; custom_padding=&#8221;|5%||5%|false|false&#8221; custom_padding_tablet=&#8221;|13%||13%|false|false&#8221; custom_padding_phone=&#8221;|0%||0%|false|false&#8221; custom_padding_last_edited=&#8221;on|phone&#8221;][et_pb_text _builder_version=&#8221;4.9.7&#8243; text_font=&#8221;Rubik|300|||||||&#8221; header_2_font=&#8221;Rubik|300|||||||&#8221; header_2_font_size=&#8221;30px&#8221; header_2_line_height=&#8221;1.5em&#8221; header_4_font=&#8221;Rubik|700||on|||||&#8221; header_4_text_color=&#8221;#11d8ce&#8221; header_4_font_size=&#8221;12px&#8221; header_4_letter_spacing=&#8221;2px&#8221; header_4_line_height=&#8221;1.6em&#8221; header_2_font_size_tablet=&#8221;22px&#8221; header_2_font_size_phone=&#8221;20px&#8221; header_2_font_size_last_edited=&#8221;on|phone&#8221; header_4_font_size_tablet=&#8221;&#8221; header_4_font_size_phone=&#8221;&#8221; header_4_font_size_last_edited=&#8221;on|phone&#8221; locked=&#8221;off&#8221;]<\/p>\n<p>Ure\u0111aj karakteri\u0161e jednostavan na\u010din odr\u017eavanja, visoka izdr\u017eljivost i dug \u017eivotni vek, \u010detke koje \u0107e brzo i efikasno oprati vozilo oko ogledala i drugih izbo\u010dina na vozilu.<\/p>\n<p>FWA kamionski portali mogu se ugraditi u ve\u0107inu postoje\u0107ih hala za pranje. Programe pranja je vrlo lako prilagoditi za razli\u010dite vrste i veli\u010dine vozila, dok daje izvrsne rezultate pranja zadr\u017eavaju\u0107i pri tom tro\u0161kove na minimumu. Sistem je dostupan u razli\u010ditim modelima, zavisno od potreba investitora.<\/p>\n<p>[\/et_pb_text][et_pb_text _builder_version=&#8221;4.9.2&#8243; text_font=&#8221;Rubik|300|||||||&#8221; header_2_font=&#8221;Rubik|300|||||||&#8221; header_2_font_size=&#8221;30px&#8221; header_2_line_height=&#8221;1.5em&#8221; header_4_font=&#8221;Rubik|700||on|||||&#8221; header_4_text_color=&#8221;#11d8ce&#8221; header_4_font_size=&#8221;12px&#8221; header_4_letter_spacing=&#8221;2px&#8221; header_4_line_height=&#8221;1.6em&#8221; custom_margin=&#8221;50px||||false|false&#8221; header_2_font_size_tablet=&#8221;22px&#8221; header_2_font_size_phone=&#8221;20px&#8221; header_2_font_size_last_edited=&#8221;on|phone&#8221; header_4_font_size_tablet=&#8221;&#8221; header_4_font_size_phone=&#8221;&#8221; header_4_font_size_last_edited=&#8221;on|phone&#8221; locked=&#8221;off&#8221;]<\/p>\n<p><strong>Karakteristike FWA portala:<\/strong><\/p>\n<p>[\/et_pb_text][et_pb_blurb use_icon=&#8221;on&#8221; font_icon=&#8221;%%61%%&#8221; icon_color=&#8221;#DF3333&#8243; icon_placement=&#8221;left&#8221; content_max_width=&#8221;100%&#8221; use_icon_font_size=&#8221;on&#8221; icon_font_size=&#8221;20px&#8221; _builder_version=&#8221;4.9.2&#8243; header_font=&#8221;Rubik|600|||||||&#8221; header_font_size=&#8221;14px&#8221; header_line_height=&#8221;1.4em&#8221; body_font=&#8221;Rubik|300|||||||&#8221; custom_margin=&#8221;||5px||false|false&#8221; animation=&#8221;off&#8221; locked=&#8221;off&#8221;]<\/p>\n<p>Materijal izrade konstrukcije i obloga: INOX<\/p>\n<p>[\/et_pb_blurb][et_pb_blurb use_icon=&#8221;on&#8221; font_icon=&#8221;%%61%%&#8221; icon_color=&#8221;#DF3333&#8243; icon_placement=&#8221;left&#8221; content_max_width=&#8221;100%&#8221; use_icon_font_size=&#8221;on&#8221; icon_font_size=&#8221;20px&#8221; _builder_version=&#8221;4.9.2&#8243; header_font=&#8221;Rubik|600|||||||&#8221; header_font_size=&#8221;14px&#8221; header_line_height=&#8221;1.4em&#8221; body_font=&#8221;Rubik|300|||||||&#8221; custom_margin=&#8221;||5px||false|false&#8221; animation=&#8221;off&#8221; locked=&#8221;off&#8221;]<\/p>\n<p>Sistem pranja: ure\u0111aj koji se kre\u0107e po du\u017eini vozila koje stoji, a kre\u0107e se po ugra\u0111enim pocinkovanim \u0161inama<\/p>\n<p>[\/et_pb_blurb][et_pb_blurb use_icon=&#8221;on&#8221; font_icon=&#8221;%%61%%&#8221; icon_color=&#8221;#DF3333&#8243; icon_placement=&#8221;left&#8221; content_max_width=&#8221;100%&#8221; use_icon_font_size=&#8221;on&#8221; icon_font_size=&#8221;20px&#8221; _builder_version=&#8221;4.9.2&#8243; header_font=&#8221;Rubik|600|||||||&#8221; header_font_size=&#8221;14px&#8221; header_line_height=&#8221;1.4em&#8221; body_font=&#8221;Rubik|300|||||||&#8221; custom_margin=&#8221;||5px||false|false&#8221; animation=&#8221;off&#8221; locked=&#8221;off&#8221;]<\/p>\n<p>Horizontalna i dve vertikalne \u010detke<\/p>\n<p>[\/et_pb_blurb][et_pb_blurb use_icon=&#8221;on&#8221; font_icon=&#8221;%%61%%&#8221; icon_color=&#8221;#DF3333&#8243; icon_placement=&#8221;left&#8221; content_max_width=&#8221;100%&#8221; use_icon_font_size=&#8221;on&#8221; icon_font_size=&#8221;20px&#8221; _builder_version=&#8221;4.9.2&#8243; header_font=&#8221;Rubik|600|||||||&#8221; header_font_size=&#8221;14px&#8221; header_line_height=&#8221;1.4em&#8221; body_font=&#8221;Rubik|300|||||||&#8221; custom_margin=&#8221;||5px||false|false&#8221; animation=&#8221;off&#8221; locked=&#8221;off&#8221;]<\/p>\n<p>Vertikalne \u010detke u stanju mirovanja za\u0161ti\u0107ene od udara vetra i direktnog izlaganja suncu INOX oblogom<\/p>\n<p>[\/et_pb_blurb][et_pb_blurb use_icon=&#8221;on&#8221; font_icon=&#8221;%%61%%&#8221; icon_color=&#8221;#DF3333&#8243; icon_placement=&#8221;left&#8221; content_max_width=&#8221;100%&#8221; use_icon_font_size=&#8221;on&#8221; icon_font_size=&#8221;20px&#8221; _builder_version=&#8221;4.9.2&#8243; header_font=&#8221;Rubik|600|||||||&#8221; header_font_size=&#8221;14px&#8221; header_line_height=&#8221;1.4em&#8221; body_font=&#8221;Rubik|300|||||||&#8221; custom_margin=&#8221;||5px||false|false&#8221; animation=&#8221;off&#8221; locked=&#8221;off&#8221;]<\/p>\n<p>Upravljanje ure\u0111ajem za pranje putem LED displeja<\/p>\n<p>[\/et_pb_blurb][et_pb_blurb use_icon=&#8221;on&#8221; font_icon=&#8221;%%61%%&#8221; icon_color=&#8221;#DF3333&#8243; icon_placement=&#8221;left&#8221; content_max_width=&#8221;100%&#8221; use_icon_font_size=&#8221;on&#8221; icon_font_size=&#8221;20px&#8221; _builder_version=&#8221;4.9.2&#8243; header_font=&#8221;Rubik|300|||||||&#8221; header_font_size=&#8221;14px&#8221; header_line_height=&#8221;1.4em&#8221; body_font=&#8221;Rubik|300|||||||&#8221; animation=&#8221;off&#8221; locked=&#8221;off&#8221;]<\/p>\n<p>3 integrisana programa rada uz mogu\u0107nost optimizacije i prilago\u0111avanja individualnim zahtevima<\/p>\n<p>[\/et_pb_blurb][et_pb_blurb use_icon=&#8221;on&#8221; font_icon=&#8221;%%61%%&#8221; icon_color=&#8221;#DF3333&#8243; icon_placement=&#8221;left&#8221; content_max_width=&#8221;100%&#8221; use_icon_font_size=&#8221;on&#8221; icon_font_size=&#8221;20px&#8221; _builder_version=&#8221;4.9.2&#8243; header_font=&#8221;Rubik|300|||||||&#8221; header_font_size=&#8221;14px&#8221; header_line_height=&#8221;1.4em&#8221; body_font=&#8221;Rubik|300|||||||&#8221; animation=&#8221;off&#8221; locked=&#8221;off&#8221;]<\/p>\n<p>Mogu\u0107nost jedne vode za pranje, a druge (npr. osmozne) za ispiranje<\/p>\n<p>[\/et_pb_blurb][et_pb_blurb use_icon=&#8221;on&#8221; font_icon=&#8221;%%61%%&#8221; icon_color=&#8221;#DF3333&#8243; icon_placement=&#8221;left&#8221; content_max_width=&#8221;100%&#8221; use_icon_font_size=&#8221;on&#8221; icon_font_size=&#8221;20px&#8221; _builder_version=&#8221;4.9.2&#8243; header_font=&#8221;Rubik|300|||||||&#8221; header_font_size=&#8221;14px&#8221; header_line_height=&#8221;1.4em&#8221; body_font=&#8221;Rubik|300|||||||&#8221; animation=&#8221;off&#8221; locked=&#8221;off&#8221;]<\/p>\n<p>Pranje sa recikliranom i\/ili sve\u017eom vodom<\/p>\n<p>[\/et_pb_blurb][et_pb_blurb use_icon=&#8221;on&#8221; font_icon=&#8221;%%61%%&#8221; icon_color=&#8221;#DF3333&#8243; icon_placement=&#8221;left&#8221; content_max_width=&#8221;100%&#8221; use_icon_font_size=&#8221;on&#8221; icon_font_size=&#8221;20px&#8221; _builder_version=&#8221;4.9.2&#8243; header_font=&#8221;Rubik|300|||||||&#8221; header_font_size=&#8221;14px&#8221; header_line_height=&#8221;1.4em&#8221; body_font=&#8221;Rubik|300|||||||&#8221; animation=&#8221;off&#8221; locked=&#8221;off&#8221;]<\/p>\n<p>Dijagnostika putem LED displeja \u2013 otkrivanje stanja i kvarova ure\u0111aja za pranje, kao i ta\u010dna analitika broja pranja, raslojeno po programima za pranje<\/p>\n<p>[\/et_pb_blurb][et_pb_blurb use_icon=&#8221;on&#8221; font_icon=&#8221;%%61%%&#8221; icon_color=&#8221;#DF3333&#8243; icon_placement=&#8221;left&#8221; content_max_width=&#8221;100%&#8221; use_icon_font_size=&#8221;on&#8221; icon_font_size=&#8221;20px&#8221; _builder_version=&#8221;4.9.7&#8243; header_font=&#8221;Rubik|300|||||||&#8221; header_font_size=&#8221;14px&#8221; header_line_height=&#8221;1.4em&#8221; body_font=&#8221;Rubik|300|||||||&#8221; animation=&#8221;off&#8221; locked=&#8221;off&#8221;]<\/p>\n<p>Sistem doziranja dve hemikalije za pranje i pomo\u0107 pri ispiranju \u2013 dozirne pumpe 230V za doziranje te\u010dnog \u0161ampona za pranje i sredstva za pomo\u0107 pri ispiranju ili voska<\/p>\n<p>[\/et_pb_blurb][et_pb_blurb use_icon=&#8221;on&#8221; font_icon=&#8221;%%61%%&#8221; icon_color=&#8221;#DF3333&#8243; icon_placement=&#8221;left&#8221; content_max_width=&#8221;100%&#8221; use_icon_font_size=&#8221;on&#8221; icon_font_size=&#8221;20px&#8221; _builder_version=&#8221;4.9.2&#8243; header_font=&#8221;Rubik|300|||||||&#8221; header_font_size=&#8221;14px&#8221; header_line_height=&#8221;1.4em&#8221; body_font=&#8221;Rubik|300|||||||&#8221; animation=&#8221;off&#8221; locked=&#8221;off&#8221;]<\/p>\n<p>Mogu\u0107nost rada sa max. 3 hemikalije 3 kemikalije<\/p>\n<p>[\/et_pb_blurb][et_pb_blurb use_icon=&#8221;on&#8221; font_icon=&#8221;%%61%%&#8221; icon_color=&#8221;#DF3333&#8243; icon_placement=&#8221;left&#8221; content_max_width=&#8221;100%&#8221; use_icon_font_size=&#8221;on&#8221; icon_font_size=&#8221;20px&#8221; _builder_version=&#8221;4.9.2&#8243; header_font=&#8221;Rubik|300|||||||&#8221; header_font_size=&#8221;14px&#8221; header_line_height=&#8221;1.4em&#8221; body_font=&#8221;Rubik|300|||||||&#8221; animation=&#8221;off&#8221; locked=&#8221;off&#8221;]<\/p>\n<p>Opcija : Omek\u0161iva\u010d vode \u2013 sistem izvla\u010denja kamenca iz vode za pranje i ispiranje. Automatski dvostruki DUPLEX sistem protoka minimalno 4 m3\/sat, sa tankom soli od 200 litara.<\/p>\n<p>[\/et_pb_blurb][\/et_pb_column][\/et_pb_row][et_pb_row column_structure=&#8221;2_5,3_5&#8243; use_custom_gutter=&#8221;on&#8221; _builder_version=&#8221;3.25&#8243; use_custom_width=&#8221;on&#8221; custom_width_px=&#8221;1440px&#8221; locked=&#8221;off&#8221;][et_pb_column type=&#8221;2_5&#8243; _builder_version=&#8221;3.25&#8243; custom_padding=&#8221;|||&#8221; custom_padding__hover=&#8221;|||&#8221;][et_pb_image src=&#8221;https:\/\/kromacarwash.com\/wp-content\/uploads\/2021\/06\/Samoposluz\u030cna-autopraona-FWA-zagreb-starky-servis-featured.jpg&#8221; title_text=&#8221;Samoposluz\u030cna-autopraona-FWA-zagreb-starky-servis-featured&#8221; show_in_lightbox=&#8221;on&#8221; force_fullwidth=&#8221;on&#8221; align_tablet=&#8221;center&#8221; align_phone=&#8221;&#8221; align_last_edited=&#8221;on|desktop&#8221; _builder_version=&#8221;4.9.2&#8243; animation_style=&#8221;slide&#8221; animation_direction=&#8221;right&#8221; animation_intensity_slide=&#8221;5%&#8221; animation_starting_opacity=&#8221;100%&#8221; locked=&#8221;off&#8221;][\/et_pb_image][et_pb_image src=&#8221;https:\/\/kromacarwash.com\/wp-content\/uploads\/2021\/06\/Samoposluz\u030cna-autopraona-FWA-zagreb-starky-servis-pranje-kamiona-hala.jpg&#8221; title_text=&#8221;Samoposluz\u030cna-autopraona-FWA-zagreb-starky-servis-pranje-kamiona-hala&#8221; show_in_lightbox=&#8221;on&#8221; force_fullwidth=&#8221;on&#8221; align_tablet=&#8221;center&#8221; align_phone=&#8221;&#8221; align_last_edited=&#8221;on|desktop&#8221; _builder_version=&#8221;4.9.2&#8243; animation_style=&#8221;slide&#8221; animation_direction=&#8221;right&#8221; animation_intensity_slide=&#8221;5%&#8221; animation_starting_opacity=&#8221;100%&#8221; locked=&#8221;off&#8221;][\/et_pb_image][et_pb_image src=&#8221;https:\/\/kromacarwash.com\/wp-content\/uploads\/2021\/06\/Samoposluz\u030cna-autopraona-FWA-zagreb-starky-servis-pranje.jpg&#8221; title_text=&#8221;Samoposluz\u030cna-autopraona-FWA-zagreb-starky-servis-pranje&#8221; show_in_lightbox=&#8221;on&#8221; force_fullwidth=&#8221;on&#8221; align_tablet=&#8221;center&#8221; align_phone=&#8221;&#8221; align_last_edited=&#8221;on|desktop&#8221; _builder_version=&#8221;4.9.2&#8243; min_height=&#8221;342px&#8221; custom_margin=&#8221;|||&#8221; animation_style=&#8221;slide&#8221; animation_intensity_slide=&#8221;5%&#8221; animation_starting_opacity=&#8221;100%&#8221; locked=&#8221;off&#8221;][\/et_pb_image][\/et_pb_column][et_pb_column type=&#8221;3_5&#8243; _builder_version=&#8221;3.25&#8243; custom_padding=&#8221;|||&#8221; custom_padding__hover=&#8221;|||&#8221;][et_pb_image src=&#8221;https:\/\/kromacarwash.com\/wp-content\/uploads\/2021\/06\/Samoposluz\u030cna-autopraona-FWA-zagreb-starky-servis-pranje-kamiona.jpg&#8221; title_text=&#8221;Samoposluz\u030cna-autopraona-FWA-zagreb-starky-servis-pranje-kamiona&#8221; show_in_lightbox=&#8221;on&#8221; force_fullwidth=&#8221;on&#8221; align_tablet=&#8221;center&#8221; align_phone=&#8221;&#8221; align_last_edited=&#8221;on|desktop&#8221; disabled_on=&#8221;on|on|off&#8221; _builder_version=&#8221;4.9.2&#8243; animation_style=&#8221;slide&#8221; animation_direction=&#8221;left&#8221; animation_intensity_slide=&#8221;5%&#8221; animation_starting_opacity=&#8221;100%&#8221;][\/et_pb_image][et_pb_image src=&#8221;https:\/\/kromacarwash.com\/wp-content\/uploads\/2021\/06\/Samoposluz\u030cna-autopraona-FWA-zagreb-starky-servis-profil-pranje.jpg&#8221; title_text=&#8221;Samoposluz\u030cna-autopraona-FWA-zagreb-starky-servis-profil-pranje&#8221; show_in_lightbox=&#8221;on&#8221; force_fullwidth=&#8221;on&#8221; align_tablet=&#8221;center&#8221; align_phone=&#8221;&#8221; align_last_edited=&#8221;on|desktop&#8221; disabled_on=&#8221;on|on|off&#8221; _builder_version=&#8221;4.9.2&#8243; animation_style=&#8221;slide&#8221; animation_direction=&#8221;left&#8221; animation_intensity_slide=&#8221;5%&#8221; animation_starting_opacity=&#8221;100%&#8221;][\/et_pb_image][\/et_pb_column][\/et_pb_row][et_pb_row _builder_version=&#8221;4.9.7&#8243; _module_preset=&#8221;default&#8221; locked=&#8221;off&#8221;][et_pb_column type=&#8221;4_4&#8243; _builder_version=&#8221;4.9.7&#8243; _module_preset=&#8221;default&#8221;][et_pb_button button_url=&#8221;\/reference\/&#8221; url_new_window=&#8221;on&#8221; button_text=&#8221;POGLEDAJTE REFERENCE&#8221; button_alignment=&#8221;right&#8221; button_alignment_tablet=&#8221;center&#8221; button_alignment_phone=&#8221;center&#8221; button_alignment_last_edited=&#8221;on|tablet&#8221; _builder_version=&#8221;4.9.10&#8243; custom_button=&#8221;on&#8221; button_text_size=&#8221;12px&#8221; button_text_color=&#8221;#303644&#8243; button_border_width=&#8221;0px&#8221; button_border_radius=&#8221;0px&#8221; button_letter_spacing=&#8221;2px&#8221; button_font=&#8221;|700||on|||||&#8221; button_on_hover=&#8221;off&#8221; custom_padding=&#8221;|||0px|false|false&#8221; hover_enabled=&#8221;0&#8243; locked=&#8221;off&#8221; sticky_enabled=&#8221;0&#8243;][\/et_pb_button][\/et_pb_column][\/et_pb_row][\/et_pb_section]<\/p>\n","protected":false},"excerpt":{"rendered":"<p>FWA portali za kamione i autobuseFWA kamionski portali izra\u0111eni od inoxa idealni su ure\u0111aji za uslu\u017eno pranje razli\u010ditih vrsta teretnih vozila ili pranje privatnih flota za preduze\u0107a sa ve\u0107im brojem teretnih vozila.Ure\u0111aj karakteri\u0161e jednostavan na\u010din odr\u017eavanja, visoka izdr\u017eljivost i dug \u017eivotni vek, \u010detke koje \u0107e brzo i efikasno oprati vozilo oko ogledala i drugih izbo\u010dina [&hellip;]<\/p>\n","protected":false},"author":13,"featured_media":0,"parent":0,"menu_order":0,"comment_status":"closed","ping_status":"closed","template":"","meta":{"_et_pb_use_builder":"on","_et_pb_old_content":"","_et_gb_content_width":"","rank_math_lock_modified_date":false,"footnotes":""},"class_list":["post-267527","page","type-page","status-publish","hentry"],"_links":{"self":[{"href":"https:\/\/kromacarwash.com\/sr\/wp-json\/wp\/v2\/pages\/267527"}],"collection":[{"href":"https:\/\/kromacarwash.com\/sr\/wp-json\/wp\/v2\/pages"}],"about":[{"href":"https:\/\/kromacarwash.com\/sr\/wp-json\/wp\/v2\/types\/page"}],"author":[{"embeddable":true,"href":"https:\/\/kromacarwash.com\/sr\/wp-json\/wp\/v2\/users\/13"}],"replies":[{"embeddable":true,"href":"https:\/\/kromacarwash.com\/sr\/wp-json\/wp\/v2\/comments?post=267527"}],"version-history":[{"count":3,"href":"https:\/\/kromacarwash.com\/sr\/wp-json\/wp\/v2\/pages\/267527\/revisions"}],"predecessor-version":[{"id":267530,"href":"https:\/\/kromacarwash.com\/sr\/wp-json\/wp\/v2\/pages\/267527\/revisions\/267530"}],"wp:attachment":[{"href":"https:\/\/kromacarwash.com\/sr\/wp-json\/wp\/v2\/media?parent=267527"}],"curies":[{"name":"wp","href":"https:\/\/api.w.org\/{rel}","templated":true}]}}