{"id":267533,"date":"2021-10-21T14:35:54","date_gmt":"2021-10-21T13:35:54","guid":{"rendered":"https:\/\/kromacarwash.com\/uredjaji-za-pranje-posebne-namene\/"},"modified":"2021-10-21T14:37:02","modified_gmt":"2021-10-21T13:37:02","slug":"uredjaji-za-pranje-posebne-namene","status":"publish","type":"page","link":"https:\/\/kromacarwash.com\/sr\/uredjaji-za-pranje-posebne-namene\/","title":{"rendered":"Ure\u0111aji za pranje &#8211; posebne namene"},"content":{"rendered":"<p>[et_pb_section fb_built=&#8221;1&#8243; _builder_version=&#8221;4.9.2&#8243; _module_preset=&#8221;default&#8221;][et_pb_row _builder_version=&#8221;4.9.2&#8243; _module_preset=&#8221;default&#8221;][et_pb_column type=&#8221;4_4&#8243; _builder_version=&#8221;4.9.2&#8243; _module_preset=&#8221;default&#8221;][et_pb_text _builder_version=&#8221;4.9.10&#8243; _module_preset=&#8221;default&#8221;]<\/p>\n<h1>Posebne namene<\/h1>\n<p>[\/et_pb_text][\/et_pb_column][\/et_pb_row][\/et_pb_section][et_pb_section fb_built=&#8221;1&#8243; admin_label=&#8221;Services&#8221; _builder_version=&#8221;4.4.4&#8243; title_text_tablet=&#8221;upholsterer-41&#8243;][et_pb_row column_structure=&#8221;3_5,2_5&#8243; _builder_version=&#8221;4.9.2&#8243; custom_margin_tablet=&#8221;&#8221; custom_margin_phone=&#8221;&#8221; custom_margin_last_edited=&#8221;on|phone&#8221;][et_pb_column type=&#8221;3_5&#8243; _builder_version=&#8221;4.9.2&#8243; border_width_all=&#8221;3px&#8221; border_color_all=&#8221;#11D8CE&#8221;][et_pb_blurb title=&#8221;Ceccato Gantry&#8221; image=&#8221;https:\/\/kromacarwash.com\/wp-content\/uploads\/2021\/06\/specijalne-namjene-portalna-praonica-za-vlakove-ceccato-gantry.png&#8221; icon_alignment=&#8221;left&#8221; image_max_width=&#8221;100%&#8221; content_max_width=&#8221;100%&#8221; content_max_width_tablet=&#8221;100%&#8221; content_max_width_phone=&#8221;&#8221; content_max_width_last_edited=&#8221;on|tablet&#8221; _builder_version=&#8221;4.9.2&#8243; header_level=&#8221;h3&#8243; header_font_size=&#8221;35px&#8221; header_line_height=&#8221;1.2em&#8221; transform_translate=&#8221;-10%|-10%&#8221; text_orientation=&#8221;right&#8221; custom_margin=&#8221;-70px|||-30px|false|false&#8221; custom_margin_tablet=&#8221;&#8221; custom_margin_phone=&#8221;|||-10px|false|false&#8221; custom_margin_last_edited=&#8221;on|phone&#8221; animation_style=&#8221;slide&#8221; animation_direction=&#8221;bottom&#8221; animation_duration=&#8221;700ms&#8221; animation_intensity_slide=&#8221;2%&#8221; animation=&#8221;off&#8221; header_font_size_tablet=&#8221;28px&#8221; header_font_size_phone=&#8221;22px&#8221; header_font_size_last_edited=&#8221;on|phone&#8221; locked=&#8221;off&#8221;][\/et_pb_blurb][\/et_pb_column][et_pb_column type=&#8221;2_5&#8243; _builder_version=&#8221;4.9.2&#8243;][et_pb_text _builder_version=&#8221;4.9.7&#8243; text_font=&#8221;Rubik|300|||||||&#8221; header_2_font=&#8221;Rubik|300|||||||&#8221; header_2_font_size=&#8221;30px&#8221; header_2_line_height=&#8221;1.5em&#8221; header_4_font=&#8221;Rubik|700||on|||||&#8221; header_4_text_color=&#8221;#11d8ce&#8221; header_4_font_size=&#8221;12px&#8221; header_4_letter_spacing=&#8221;2px&#8221; header_4_line_height=&#8221;1.6em&#8221; header_2_font_size_tablet=&#8221;22px&#8221; header_2_font_size_phone=&#8221;20px&#8221; header_2_font_size_last_edited=&#8221;on|phone&#8221; header_4_font_size_tablet=&#8221;&#8221; header_4_font_size_phone=&#8221;&#8221; header_4_font_size_last_edited=&#8221;on|phone&#8221; locked=&#8221;off&#8221;]<\/p>\n<p><span>Portalna automatska perionica za pranje vozova. Visok kvalitet pranja i jednostavnost monta\u017ee i rukovanja.<\/span><\/p>\n<p><span>Visok kvalitet pranja i jednostavnost monta\u017ee i rukovanja.<\/span><\/p>\n<p><span>Broj i konfiguracija \u010detki zavise od vrste vozova koja se pere. Mogu\u0107a kombinacija pranja \u010detkama i visokim pritiskom za najve\u0107i kvalitet pranja. <\/span><\/p>\n<p><span>Gantry se mo\u017ee programirati tako da svako vozilo pere na druga\u010diji na\u010din kako bi se postigla maksimalna efikasnost i brzina rada.<\/span><\/p>\n<p><span>Obzirom na kompleksnost i \u0161iroke mogu\u0107nosti individualizacije opreme potrebno je odraditi sastanak pre finalizacije ponude.<\/span><\/p>\n<p>[\/et_pb_text][et_pb_blurb use_icon=&#8221;on&#8221; font_icon=&#8221;%%61%%&#8221; icon_color=&#8221;#DF3333&#8243; icon_placement=&#8221;left&#8221; content_max_width=&#8221;100%&#8221; use_icon_font_size=&#8221;on&#8221; icon_font_size=&#8221;20px&#8221; _builder_version=&#8221;4.9.2&#8243; header_font=&#8221;Rubik|600|||||||&#8221; header_font_size=&#8221;14px&#8221; header_line_height=&#8221;1.4em&#8221; body_font=&#8221;Rubik|300|||||||&#8221; custom_margin=&#8221;||5px||false|false&#8221; animation=&#8221;off&#8221; locked=&#8221;off&#8221;]<\/p>\n<p>Bo\u010dne strane voza<\/p>\n<p>[\/et_pb_blurb][et_pb_blurb use_icon=&#8221;on&#8221; font_icon=&#8221;%%61%%&#8221; icon_color=&#8221;#DF3333&#8243; icon_placement=&#8221;left&#8221; content_max_width=&#8221;100%&#8221; use_icon_font_size=&#8221;on&#8221; icon_font_size=&#8221;20px&#8221; _builder_version=&#8221;4.9.2&#8243; header_font=&#8221;Rubik|600|||||||&#8221; header_font_size=&#8221;14px&#8221; header_line_height=&#8221;1.4em&#8221; body_font=&#8221;Rubik|300|||||||&#8221; custom_margin=&#8221;||5px||false|false&#8221; animation=&#8221;off&#8221; locked=&#8221;off&#8221;]<\/p>\n<p><span>Prednji i zadnji deo voza<\/span><\/p>\n<p>[\/et_pb_blurb][et_pb_blurb use_icon=&#8221;on&#8221; font_icon=&#8221;%%61%%&#8221; icon_color=&#8221;#DF3333&#8243; icon_placement=&#8221;left&#8221; content_max_width=&#8221;100%&#8221; use_icon_font_size=&#8221;on&#8221; icon_font_size=&#8221;20px&#8221; _builder_version=&#8221;4.9.2&#8243; header_font=&#8221;Rubik|600|||||||&#8221; header_font_size=&#8221;14px&#8221; header_line_height=&#8221;1.4em&#8221; body_font=&#8221;Rubik|300|||||||&#8221; custom_margin=&#8221;||5px||false|false&#8221; animation=&#8221;off&#8221; locked=&#8221;off&#8221;]<\/p>\n<p>Lukovi za nano\u0161enje hemikalija, vodu i su\u0161enje<\/p>\n<p>[\/et_pb_blurb][et_pb_text _builder_version=&#8221;4.9.2&#8243; text_font=&#8221;Rubik|300|||||||&#8221; header_2_font=&#8221;Rubik|300|||||||&#8221; header_2_font_size=&#8221;30px&#8221; header_2_line_height=&#8221;1.5em&#8221; header_4_font=&#8221;Rubik|700||on|||||&#8221; header_4_text_color=&#8221;#11d8ce&#8221; header_4_font_size=&#8221;12px&#8221; header_4_letter_spacing=&#8221;2px&#8221; header_4_line_height=&#8221;1.6em&#8221; custom_margin=&#8221;50px||||false|false&#8221; header_2_font_size_tablet=&#8221;22px&#8221; header_2_font_size_phone=&#8221;20px&#8221; header_2_font_size_last_edited=&#8221;on|phone&#8221; header_4_font_size_tablet=&#8221;&#8221; header_4_font_size_phone=&#8221;&#8221; header_4_font_size_last_edited=&#8221;on|phone&#8221; locked=&#8221;off&#8221;]<\/p>\n<h4>primena<\/h4>\n<p>[\/et_pb_text][et_pb_gallery gallery_ids=&#8221;260096,260104,260112,260120,260128,260136&#8243; fullwidth=&#8221;on&#8221; _builder_version=&#8221;4.9.2&#8243; _module_preset=&#8221;default&#8221; background_enable_color=&#8221;off&#8221;][\/et_pb_gallery][\/et_pb_column][\/et_pb_row][\/et_pb_section][et_pb_section fb_built=&#8221;1&#8243; admin_label=&#8221;Services&#8221; _builder_version=&#8221;4.4.4&#8243; title_text_tablet=&#8221;upholsterer-41&#8243;][et_pb_row column_structure=&#8221;3_5,2_5&#8243; _builder_version=&#8221;4.9.2&#8243; custom_margin=&#8221;||||false|false&#8221; custom_margin_tablet=&#8221;&#8221; custom_margin_phone=&#8221;&#8221; custom_margin_last_edited=&#8221;on|desktop&#8221;][et_pb_column type=&#8221;3_5&#8243; _builder_version=&#8221;4.9.2&#8243; border_width_all=&#8221;3px&#8221; border_color_all=&#8221;#11D8CE&#8221;][et_pb_blurb title=&#8221;Ceccato Drive-Through&#8221; image=&#8221;https:\/\/kromacarwash.com\/wp-content\/uploads\/2021\/06\/specijalne-namjene-za-vlakove-ceccato-drive-through.png&#8221; icon_alignment=&#8221;left&#8221; image_max_width=&#8221;100%&#8221; content_max_width=&#8221;100%&#8221; content_max_width_tablet=&#8221;100%&#8221; content_max_width_phone=&#8221;&#8221; content_max_width_last_edited=&#8221;on|tablet&#8221; _builder_version=&#8221;4.9.2&#8243; header_level=&#8221;h3&#8243; header_font_size=&#8221;35px&#8221; header_line_height=&#8221;1.2em&#8221; transform_translate=&#8221;-10%|-10%&#8221; text_orientation=&#8221;right&#8221; custom_margin=&#8221;-70px|||-30px|false|false&#8221; custom_margin_tablet=&#8221;&#8221; custom_margin_phone=&#8221;|||-10px|false|false&#8221; custom_margin_last_edited=&#8221;on|phone&#8221; animation_style=&#8221;slide&#8221; animation_direction=&#8221;bottom&#8221; animation_duration=&#8221;700ms&#8221; animation_intensity_slide=&#8221;2%&#8221; animation=&#8221;off&#8221; header_font_size_tablet=&#8221;28px&#8221; header_font_size_phone=&#8221;22px&#8221; header_font_size_last_edited=&#8221;on|phone&#8221; locked=&#8221;off&#8221;][\/et_pb_blurb][\/et_pb_column][et_pb_column type=&#8221;2_5&#8243; _builder_version=&#8221;4.9.2&#8243;][et_pb_text _builder_version=&#8221;4.9.2&#8243; text_font=&#8221;Rubik|300|||||||&#8221; header_2_font=&#8221;Rubik|300|||||||&#8221; header_2_font_size=&#8221;30px&#8221; header_2_line_height=&#8221;1.5em&#8221; header_4_font=&#8221;Rubik|700||on|||||&#8221; header_4_text_color=&#8221;#11d8ce&#8221; header_4_font_size=&#8221;12px&#8221; header_4_letter_spacing=&#8221;2px&#8221; header_4_line_height=&#8221;1.6em&#8221; header_2_font_size_tablet=&#8221;22px&#8221; header_2_font_size_phone=&#8221;20px&#8221; header_2_font_size_last_edited=&#8221;on|phone&#8221; header_4_font_size_tablet=&#8221;&#8221; header_4_font_size_phone=&#8221;&#8221; header_4_font_size_last_edited=&#8221;on|phone&#8221; locked=&#8221;off&#8221;]<\/p>\n<p><span>U potpunosti individualizovan sistem pranja vozova konfigurisan u skladu sa potrebama korisnika.<\/span><\/p>\n<p><span>Za lokacije sa ve\u0107om frekvencijom pranja. Dizajniran za povr\u0161inske vozove, podzemne \u017eeleznice, tramvaje i \u017eelezni\u010dka vozila uop\u0161te. <\/span><\/p>\n<p><span>Konfigurisan je kao niz modularnih stanica namenjenih pranju odre\u0111enih podru\u010dja:<\/span><\/p>\n<p>[\/et_pb_text][et_pb_text _builder_version=&#8221;4.9.2&#8243; text_font=&#8221;Rubik|300|||||||&#8221; header_2_font=&#8221;Rubik|300|||||||&#8221; header_2_font_size=&#8221;30px&#8221; header_2_line_height=&#8221;1.5em&#8221; header_4_font=&#8221;Rubik|700||on|||||&#8221; header_4_text_color=&#8221;#11d8ce&#8221; header_4_font_size=&#8221;12px&#8221; header_4_letter_spacing=&#8221;2px&#8221; header_4_line_height=&#8221;1.6em&#8221; custom_margin=&#8221;50px||||false|false&#8221; header_2_font_size_tablet=&#8221;22px&#8221; header_2_font_size_phone=&#8221;20px&#8221; header_2_font_size_last_edited=&#8221;on|phone&#8221; header_4_font_size_tablet=&#8221;&#8221; header_4_font_size_phone=&#8221;&#8221; header_4_font_size_last_edited=&#8221;on|phone&#8221; locked=&#8221;off&#8221;]<\/p>\n<h4>detalji<\/h4>\n<p>[\/et_pb_text][et_pb_image src=&#8221;https:\/\/kromacarwash.com\/wp-content\/uploads\/2021\/06\/specijalne-namjene-za-vlakove-ceccato-drive-through-detalj.jpg&#8221; title_text=&#8221;specijalne-namjene-za-vlakove-ceccato-drive-through-detalj&#8221; _builder_version=&#8221;4.9.2&#8243; _module_preset=&#8221;default&#8221;][\/et_pb_image][et_pb_text _builder_version=&#8221;4.9.2&#8243; text_font=&#8221;Rubik|300|||||||&#8221; header_2_font=&#8221;Rubik|300|||||||&#8221; header_2_font_size=&#8221;30px&#8221; header_2_line_height=&#8221;1.5em&#8221; header_4_font=&#8221;Rubik|700||on|||||&#8221; header_4_text_color=&#8221;#11d8ce&#8221; header_4_font_size=&#8221;12px&#8221; header_4_letter_spacing=&#8221;2px&#8221; header_4_line_height=&#8221;1.6em&#8221; custom_margin=&#8221;50px||||false|false&#8221; header_2_font_size_tablet=&#8221;22px&#8221; header_2_font_size_phone=&#8221;20px&#8221; header_2_font_size_last_edited=&#8221;on|phone&#8221; header_4_font_size_tablet=&#8221;&#8221; header_4_font_size_phone=&#8221;&#8221; header_4_font_size_last_edited=&#8221;on|phone&#8221; locked=&#8221;off&#8221;]<\/p>\n<h4>primena<\/h4>\n<p>[\/et_pb_text][et_pb_gallery gallery_ids=&#8221;260189,260173,260181,260197,260205&#8243; fullwidth=&#8221;on&#8221; _builder_version=&#8221;4.9.2&#8243; _module_preset=&#8221;default&#8221; background_enable_color=&#8221;off&#8221;][\/et_pb_gallery][\/et_pb_column][\/et_pb_row][\/et_pb_section][et_pb_section fb_built=&#8221;1&#8243; admin_label=&#8221;Services&#8221; _builder_version=&#8221;4.4.4&#8243; title_text_tablet=&#8221;upholsterer-41&#8243;][et_pb_row column_structure=&#8221;3_5,2_5&#8243; _builder_version=&#8221;4.9.2&#8243; custom_margin=&#8221;||||false|false&#8221; custom_margin_tablet=&#8221;-15%||||false|false&#8221; custom_margin_phone=&#8221;&#8221; custom_margin_last_edited=&#8221;on|phone&#8221;][et_pb_column type=&#8221;3_5&#8243; _builder_version=&#8221;4.9.2&#8243; border_width_all=&#8221;3px&#8221; border_color_all=&#8221;#11D8CE&#8221;][et_pb_blurb title=&#8221;Tammermatic Rainbow Ultima&#8221; image=&#8221;https:\/\/kromacarwash.com\/wp-content\/uploads\/2021\/06\/specijalne-namjene-portali-tammermatic-1.jpg&#8221; image_max_width=&#8221;100%&#8221; content_max_width=&#8221;100%&#8221; content_max_width_tablet=&#8221;100%&#8221; content_max_width_phone=&#8221;&#8221; content_max_width_last_edited=&#8221;on|tablet&#8221; _builder_version=&#8221;4.9.2&#8243; header_level=&#8221;h3&#8243; header_font_size=&#8221;35px&#8221; header_line_height=&#8221;1.2em&#8221; transform_translate=&#8221;-10%|-10%&#8221; text_orientation=&#8221;right&#8221; custom_margin_tablet=&#8221;&#8221; custom_margin_phone=&#8221;|||0px|false|false&#8221; custom_margin_last_edited=&#8221;on|phone&#8221; animation_style=&#8221;slide&#8221; animation_direction=&#8221;bottom&#8221; animation_duration=&#8221;700ms&#8221; animation_intensity_slide=&#8221;2%&#8221; animation=&#8221;off&#8221; header_font_size_tablet=&#8221;28px&#8221; header_font_size_phone=&#8221;22px&#8221; header_font_size_last_edited=&#8221;on|phone&#8221; locked=&#8221;off&#8221;][\/et_pb_blurb][\/et_pb_column][et_pb_column type=&#8221;2_5&#8243; _builder_version=&#8221;4.9.2&#8243;][et_pb_text _builder_version=&#8221;4.9.2&#8243; text_font=&#8221;Rubik|300|||||||&#8221; header_2_font=&#8221;Rubik|300|||||||&#8221; header_2_font_size=&#8221;30px&#8221; header_2_line_height=&#8221;1.5em&#8221; header_4_font=&#8221;Rubik|700||on|||||&#8221; header_4_text_color=&#8221;#11d8ce&#8221; header_4_font_size=&#8221;12px&#8221; header_4_letter_spacing=&#8221;2px&#8221; header_4_line_height=&#8221;1.6em&#8221; header_2_font_size_tablet=&#8221;22px&#8221; header_2_font_size_phone=&#8221;20px&#8221; header_2_font_size_last_edited=&#8221;on|phone&#8221; header_4_font_size_tablet=&#8221;&#8221; header_4_font_size_phone=&#8221;&#8221; header_4_font_size_last_edited=&#8221;on|phone&#8221; locked=&#8221;off&#8221;]<\/p>\n<p><span>Vrhunski kvalitet izrade, kao i najkvalitetnije komponente ugra\u0111ene u Tammermatic portale garancija su dugove\u010dnosti i vrlo male potrebe za servisnim intervencijama \u010dak i kod ure\u0111aja koji konstantno rade na maksimalnom kapacitetu.<\/span><\/p>\n<p><span>Rainbow Ultima Fleet Washer portal za pranje teretnih vozila jedan je od najnaprednijih na tr\u017ei\u0161tu. Kombinuje beskontaktno visokopritisno pranje i pranje \u010detkama i obezbe\u0111uje vrhunske rezultate pranja kod vozila svih oblika. Kombinuje beskontaktno visokopritisno pranje i pranje \u010detkama i obezbe\u0111uje vrhunske rezultate pranja kod vozila svih oblika.<\/span><\/p>\n<p><span>Sistem je opremljen pretpranjem koje se izvodi stacionarnim i osciliraju\u0107im visokopritisnim mlaznicama koje prate konture vozila. Osciliraju\u0107e mlaznice posebno su va\u017ene za pranje vozila nekonvencionalnog oblika poput cisterni, traktora ili sme\u0107arskih kamiona. Ukoliko \u0107e se na lokaciji prati samo standardni kamioni i autobusi portal mo\u017ee biti opremljen samo stacionarnim mlaznicama.<\/span><\/p>\n<p><span>Visokopritisno pranje posebno je va\u017eno za uklanjanje peska i ostalih grubih \u010destica koje potencijalno mogu o\u0161tetiti karoseriju vozila tokom pranja \u010detkama. Mlaznice se mogu konfigurisati po veli\u010dini pa se tako mlaznice \u0161ireg mlaza preporu\u010duju za vozila standardnog oblika, dok se mlaznice uskog mlaza preporu\u010duju za vozila nekonvencionalnih oblika.<\/span><\/p>\n<p>[\/et_pb_text][et_pb_text _builder_version=&#8221;4.9.2&#8243; text_font=&#8221;Rubik|300|||||||&#8221; header_2_font=&#8221;Rubik|300|||||||&#8221; header_2_font_size=&#8221;30px&#8221; header_2_line_height=&#8221;1.5em&#8221; header_4_font=&#8221;Rubik|700||on|||||&#8221; header_4_text_color=&#8221;#11d8ce&#8221; header_4_font_size=&#8221;12px&#8221; header_4_letter_spacing=&#8221;2px&#8221; header_4_line_height=&#8221;1.6em&#8221; custom_margin=&#8221;50px||||false|false&#8221; custom_margin_tablet=&#8221;&#8221; custom_margin_phone=&#8221;&#8221; custom_margin_last_edited=&#8221;on|phone&#8221; header_2_font_size_tablet=&#8221;22px&#8221; header_2_font_size_phone=&#8221;20px&#8221; header_2_font_size_last_edited=&#8221;on|phone&#8221; header_4_font_size_tablet=&#8221;&#8221; header_4_font_size_phone=&#8221;&#8221; header_4_font_size_last_edited=&#8221;on|phone&#8221; locked=&#8221;off&#8221;]<\/p>\n<h4>PRIMENA<\/h4>\n<p>[\/et_pb_text][et_pb_gallery gallery_ids=&#8221;260227,260235,260243,260251&#8243; fullwidth=&#8221;on&#8221; _builder_version=&#8221;4.9.2&#8243; _module_preset=&#8221;default&#8221; background_enable_color=&#8221;off&#8221;][\/et_pb_gallery][\/et_pb_column][\/et_pb_row][\/et_pb_section][et_pb_section fb_built=&#8221;1&#8243; admin_label=&#8221;Services&#8221; _builder_version=&#8221;4.4.4&#8243; title_text_tablet=&#8221;upholsterer-41&#8243;][et_pb_row column_structure=&#8221;3_5,2_5&#8243; _builder_version=&#8221;4.9.2&#8243; custom_margin=&#8221;||||false|false&#8221; custom_margin_tablet=&#8221;-15%||||false|false&#8221; custom_margin_phone=&#8221;&#8221; custom_margin_last_edited=&#8221;on|phone&#8221;][et_pb_column type=&#8221;3_5&#8243; _builder_version=&#8221;4.9.2&#8243; border_width_all=&#8221;3px&#8221; border_color_all=&#8221;#11D8CE&#8221;][et_pb_blurb title=&#8221;Speedy Wash TANK EZ&#8221; image=&#8221;https:\/\/kromacarwash.com\/wp-content\/uploads\/2021\/06\/automatska-autopraonica-cisterne-smetlarski-kamioni-bitimec-speedy-wash-mod-tank-EZ.png&#8221; image_max_width=&#8221;100%&#8221; content_max_width=&#8221;100%&#8221; content_max_width_tablet=&#8221;100%&#8221; content_max_width_phone=&#8221;&#8221; content_max_width_last_edited=&#8221;on|tablet&#8221; _builder_version=&#8221;4.9.2&#8243; header_level=&#8221;h3&#8243; header_font_size=&#8221;35px&#8221; header_line_height=&#8221;1.2em&#8221; transform_translate=&#8221;-10%|-10%&#8221; text_orientation=&#8221;right&#8221; custom_margin_tablet=&#8221;&#8221; custom_margin_phone=&#8221;|||0px|false|false&#8221; custom_margin_last_edited=&#8221;on|phone&#8221; animation_style=&#8221;slide&#8221; animation_direction=&#8221;bottom&#8221; animation_duration=&#8221;700ms&#8221; animation_intensity_slide=&#8221;2%&#8221; animation=&#8221;off&#8221; header_font_size_tablet=&#8221;28px&#8221; header_font_size_phone=&#8221;22px&#8221; header_font_size_last_edited=&#8221;on|phone&#8221; locked=&#8221;off&#8221;][\/et_pb_blurb][\/et_pb_column][et_pb_column type=&#8221;2_5&#8243; _builder_version=&#8221;4.9.2&#8243;][et_pb_text _builder_version=&#8221;4.9.2&#8243; text_font=&#8221;Rubik|300|||||||&#8221; header_2_font=&#8221;Rubik|300|||||||&#8221; header_2_font_size=&#8221;30px&#8221; header_2_line_height=&#8221;1.5em&#8221; header_4_font=&#8221;Rubik|700||on|||||&#8221; header_4_text_color=&#8221;#11d8ce&#8221; header_4_font_size=&#8221;12px&#8221; header_4_letter_spacing=&#8221;2px&#8221; header_4_line_height=&#8221;1.6em&#8221; header_2_font_size_tablet=&#8221;22px&#8221; header_2_font_size_phone=&#8221;20px&#8221; header_2_font_size_last_edited=&#8221;on|phone&#8221; header_4_font_size_tablet=&#8221;&#8221; header_4_font_size_phone=&#8221;&#8221; header_4_font_size_last_edited=&#8221;on|phone&#8221; locked=&#8221;off&#8221;]<\/p>\n<p><span>Ure\u0111aj namenjen za zahtevna \u010di\u0161\u0107enja vozila nepravilnog oblika poput cisterni.<\/span><\/p>\n<p><span>\u010cetka velikog pre\u010dnika (1600 mm) idealna je za pranje cisterni i ostalih vozila neuobi\u010dajenih dimenzija poput sme\u0107arskih kamiona, kamiona za prevoz mleka, dampera, kombajna i sl.<\/span><\/p>\n<p><span>EZ Drive sistem omogu\u0107uje brz i efikasan rad i jednostavno rukovanje.<\/span><\/p>\n<p>[\/et_pb_text][et_pb_text _builder_version=&#8221;4.9.2&#8243; text_font=&#8221;Rubik|300|||||||&#8221; header_2_font=&#8221;Rubik|300|||||||&#8221; header_2_font_size=&#8221;30px&#8221; header_2_line_height=&#8221;1.5em&#8221; header_4_font=&#8221;Rubik|700||on|||||&#8221; header_4_text_color=&#8221;#11d8ce&#8221; header_4_font_size=&#8221;12px&#8221; header_4_letter_spacing=&#8221;2px&#8221; header_4_line_height=&#8221;1.6em&#8221; custom_margin=&#8221;50px||||false|false&#8221; custom_margin_tablet=&#8221;&#8221; custom_margin_phone=&#8221;&#8221; custom_margin_last_edited=&#8221;on|phone&#8221; header_2_font_size_tablet=&#8221;22px&#8221; header_2_font_size_phone=&#8221;20px&#8221; header_2_font_size_last_edited=&#8221;on|phone&#8221; header_4_font_size_tablet=&#8221;&#8221; header_4_font_size_phone=&#8221;&#8221; header_4_font_size_last_edited=&#8221;on|phone&#8221; locked=&#8221;off&#8221;]<\/p>\n<h4>PRIMENA<\/h4>\n<p>[\/et_pb_text][et_pb_gallery gallery_ids=&#8221;259893,259901,259909,259917,259925,259933,259941,259949,259957,259965,259973,259981,259989,259997,260005&#8243; fullwidth=&#8221;on&#8221; _builder_version=&#8221;4.9.2&#8243; _module_preset=&#8221;default&#8221; background_enable_color=&#8221;off&#8221;][\/et_pb_gallery][\/et_pb_column][\/et_pb_row][et_pb_row _builder_version=&#8221;4.9.7&#8243; _module_preset=&#8221;default&#8221; locked=&#8221;off&#8221;][et_pb_column type=&#8221;4_4&#8243; _builder_version=&#8221;4.9.7&#8243; _module_preset=&#8221;default&#8221;][et_pb_button button_url=&#8221;\/sr\/reference\/&#8221; url_new_window=&#8221;on&#8221; button_text=&#8221;POGLEDAJTE REFERENCE&#8221; button_alignment=&#8221;right&#8221; button_alignment_tablet=&#8221;center&#8221; button_alignment_phone=&#8221;center&#8221; button_alignment_last_edited=&#8221;on|tablet&#8221; _builder_version=&#8221;4.9.10&#8243; custom_button=&#8221;on&#8221; button_text_size=&#8221;12px&#8221; button_text_color=&#8221;#303644&#8243; button_border_width=&#8221;0px&#8221; button_border_radius=&#8221;0px&#8221; button_letter_spacing=&#8221;2px&#8221; button_font=&#8221;|700||on|||||&#8221; button_on_hover=&#8221;off&#8221; custom_padding=&#8221;|||0px|false|false&#8221; hover_enabled=&#8221;0&#8243; locked=&#8221;off&#8221; sticky_enabled=&#8221;0&#8243;][\/et_pb_button][\/et_pb_column][\/et_pb_row][\/et_pb_section]<\/p>\n","protected":false},"excerpt":{"rendered":"<p>Posebne namenePortalna automatska perionica za pranje vozova. Visok kvalitet pranja i jednostavnost monta\u017ee i rukovanja. Visok kvalitet pranja i jednostavnost monta\u017ee i rukovanja. Broj i konfiguracija \u010detki zavise od vrste vozova koja se pere. Mogu\u0107a kombinacija pranja \u010detkama i visokim pritiskom za najve\u0107i kvalitet pranja. Gantry se mo\u017ee programirati tako da svako vozilo pere na [&hellip;]<\/p>\n","protected":false},"author":13,"featured_media":0,"parent":0,"menu_order":0,"comment_status":"closed","ping_status":"closed","template":"","meta":{"_et_pb_use_builder":"on","_et_pb_old_content":"","_et_gb_content_width":"","rank_math_lock_modified_date":false,"footnotes":""},"class_list":["post-267533","page","type-page","status-publish","hentry"],"_links":{"self":[{"href":"https:\/\/kromacarwash.com\/sr\/wp-json\/wp\/v2\/pages\/267533"}],"collection":[{"href":"https:\/\/kromacarwash.com\/sr\/wp-json\/wp\/v2\/pages"}],"about":[{"href":"https:\/\/kromacarwash.com\/sr\/wp-json\/wp\/v2\/types\/page"}],"author":[{"embeddable":true,"href":"https:\/\/kromacarwash.com\/sr\/wp-json\/wp\/v2\/users\/13"}],"replies":[{"embeddable":true,"href":"https:\/\/kromacarwash.com\/sr\/wp-json\/wp\/v2\/comments?post=267533"}],"version-history":[{"count":3,"href":"https:\/\/kromacarwash.com\/sr\/wp-json\/wp\/v2\/pages\/267533\/revisions"}],"predecessor-version":[{"id":267536,"href":"https:\/\/kromacarwash.com\/sr\/wp-json\/wp\/v2\/pages\/267533\/revisions\/267536"}],"wp:attachment":[{"href":"https:\/\/kromacarwash.com\/sr\/wp-json\/wp\/v2\/media?parent=267533"}],"curies":[{"name":"wp","href":"https:\/\/api.w.org\/{rel}","templated":true}]}}