{"id":267552,"date":"2021-10-21T15:26:12","date_gmt":"2021-10-21T14:26:12","guid":{"rendered":"https:\/\/kromacarwash.com\/reference\/"},"modified":"2021-10-21T15:26:13","modified_gmt":"2021-10-21T14:26:13","slug":"reference","status":"publish","type":"page","link":"https:\/\/kromacarwash.com\/sr\/reference\/","title":{"rendered":"Reference"},"content":{"rendered":"<p>[et_pb_section fb_built=&#8221;1&#8243; admin_label=&#8221;Header&#8221; _builder_version=&#8221;4.9.2&#8243; background_enable_color=&#8221;off&#8221; use_background_color_gradient=&#8221;on&#8221; background_color_gradient_start=&#8221;rgba(17,216,206,0.19)&#8221; background_color_gradient_end=&#8221;#11d8ce&#8221; background_color_gradient_type=&#8221;radial&#8221; background_color_gradient_direction_radial=&#8221;bottom&#8221; background_color_gradient_start_position=&#8221;20%&#8221; background_enable_image=&#8221;off&#8221; custom_padding=&#8221;10vw||0px||false|false&#8221;][et_pb_row column_structure=&#8221;1_2,1_2&#8243; custom_padding_last_edited=&#8221;on|desktop&#8221; disabled_on=&#8221;off|off|off&#8221; _builder_version=&#8221;4.9.2&#8243; use_background_color_gradient=&#8221;on&#8221; background_color_gradient_start=&#8221;#303644&#8243; background_color_gradient_end=&#8221;#171923&#8243; background_color_gradient_type=&#8221;radial&#8221; background_color_gradient_start_position=&#8221;30%&#8221; background_color_gradient_end_position=&#8221;87%&#8221; background_image=&#8221;https:\/\/kromacarwash.com\/wp-content\/uploads\/2021\/05\/IMG_3267.jpg&#8221; background_position=&#8221;bottom_right&#8221; width=&#8221;90%&#8221; max_width=&#8221;none&#8221; module_alignment=&#8221;left&#8221; custom_margin_tablet=&#8221;|auto||0px|false|false&#8221; custom_margin_last_edited=&#8221;off|desktop&#8221; custom_padding=&#8221;10vw|20px|18vw|20px|false|true&#8221; custom_padding_tablet=&#8221;16vw||16vw||true|false&#8221; custom_padding_phone=&#8221;||||false|false&#8221; background_last_edited=&#8221;on|phone&#8221; parallax_phone=&#8221;off&#8221; background_position_phone=&#8221;top_center&#8221; background_blend_tablet=&#8221;multiply&#8221; background_blend_phone=&#8221;normal&#8221; border_color_all=&#8221;#303644&#8243; border_width_right=&#8221;8vw&#8221; locked=&#8221;off&#8221;][et_pb_column type=&#8221;1_2&#8243; _builder_version=&#8221;4.9.2&#8243;][et_pb_text _builder_version=&#8221;4.9.2&#8243; header_font=&#8221;Rubik||||||||&#8221; header_text_align=&#8221;left&#8221; header_text_color=&#8221;#303644&#8243; header_line_height=&#8221;1.1em&#8221; background_layout=&#8221;dark&#8221; custom_margin=&#8221;|||100px|false|false&#8221; custom_margin_tablet=&#8221;|||60px|false|false&#8221; custom_margin_phone=&#8221;|||20px|false|false&#8221; custom_margin_last_edited=&#8221;on|tablet&#8221; custom_padding_tablet=&#8221;&#8221; custom_padding_phone=&#8221;&#8221; custom_padding_last_edited=&#8221;on|desktop&#8221; header_font_size_tablet=&#8221;60px&#8221; header_font_size_phone=&#8221;35px&#8221; header_font_size_last_edited=&#8221;on|phone&#8221; header_line_height_tablet=&#8221;&#8221; header_line_height_phone=&#8221;1em&#8221; header_line_height_last_edited=&#8221;on|phone&#8221;]<\/p>\n<h1><span style=\"color: #ffffff;\">Reference<\/span><\/h1>\n<p>[\/et_pb_text][\/et_pb_column][et_pb_column type=&#8221;1_2&#8243; _builder_version=&#8221;4.9.2&#8243;][\/et_pb_column][\/et_pb_row][et_pb_row column_structure=&#8221;1_2,1_2&#8243; make_equal=&#8221;on&#8221; _builder_version=&#8221;4.9.2&#8243; positioning=&#8221;absolute&#8221; position_origin_a=&#8221;bottom_left&#8221; position_origin_a_tablet=&#8221;&#8221; position_origin_a_phone=&#8221;&#8221; position_origin_a_last_edited=&#8221;on|desktop&#8221; position_origin_f_tablet=&#8221;&#8221; position_origin_f_phone=&#8221;&#8221; position_origin_f_last_edited=&#8221;on|desktop&#8221; position_origin_r_tablet=&#8221;&#8221; position_origin_r_phone=&#8221;&#8221; position_origin_r_last_edited=&#8221;on|desktop&#8221; width=&#8221;90%&#8221; max_width=&#8221;none&#8221; custom_margin=&#8221;|auto||0px|false|false&#8221; custom_padding=&#8221;0px||0px|10vw|true|false&#8221; positioning_tablet=&#8221;none&#8221; positioning_phone=&#8221;&#8221; positioning_last_edited=&#8221;on|tablet&#8221; box_shadow_style=&#8221;preset4&#8243; box_shadow_horizontal=&#8221;30vw&#8221; box_shadow_vertical=&#8221;0px&#8221; box_shadow_color=&#8221;#ffffff&#8221; locked=&#8221;off&#8221;][et_pb_column type=&#8221;1_2&#8243; _builder_version=&#8221;4.4.4&#8243; custom_padding=&#8221;||||false|false&#8221;][\/et_pb_column][et_pb_column type=&#8221;1_2&#8243; _builder_version=&#8221;4.9.2&#8243; background_color=&#8221;#DF3333&#8243; custom_padding=&#8221;60px|4%|60px|4%|true|true&#8221; custom_padding_tablet=&#8221;&#8221; custom_padding_phone=&#8221;|15%||15%|true|true&#8221; custom_padding_last_edited=&#8221;on|phone&#8221;][et_pb_text _builder_version=&#8221;4.9.2&#8243; text_font=&#8221;Rubik|300|||||||&#8221; text_text_color=&#8221;#FFFFFF&#8221; header_3_font=&#8221;Prata||||||||&#8221; header_3_font_size=&#8221;30px&#8221; header_3_line_height=&#8221;1.3em&#8221; background_layout=&#8221;dark&#8221; custom_margin=&#8221;||4px||false|false&#8221; header_3_font_size_tablet=&#8221;22px&#8221; header_3_font_size_phone=&#8221;20px&#8221; header_3_font_size_last_edited=&#8221;on|phone&#8221; locked=&#8221;off&#8221;]<\/p>\n<p style=\"color: #fff;\"><span>Na\u0161i projekti uklju\u010duju samouslu\u017ene autoperionice, portalne i tunelske autoperionice, kamionske portale, razli\u010dite konstrukcije i industrijske hale. Uz monta\u017eu novih i polovnih postrojenja servisiramo i odr\u017eavamo razli\u010dite vrste perionica pa na\u0161i zaposleni poseduju visoka znanja o svim aspektima carwash posla.<\/span><\/p>\n<p>[\/et_pb_text][\/et_pb_column][\/et_pb_row][\/et_pb_section][et_pb_section fb_built=&#8221;1&#8243; admin_label=&#8221;About&#8221; _builder_version=&#8221;4.4.4&#8243;][et_pb_row _builder_version=&#8221;4.9.2&#8243; _module_preset=&#8221;default&#8221;][et_pb_column type=&#8221;4_4&#8243; _builder_version=&#8221;4.9.2&#8243; _module_preset=&#8221;default&#8221;][et_pb_portfolio fullwidth=&#8221;off&#8221; posts_number=&#8221;99&#8243; include_categories=&#8221;73,74,75&#8243; show_categories=&#8221;off&#8221; zoom_icon_color=&#8221;RGBA(0,0,0,0)&#8221; hover_overlay_color=&#8221;RGBA(0,0,0,0)&#8221; _builder_version=&#8221;4.9.7&#8243; _module_preset=&#8221;default&#8221; background_enable_color=&#8221;off&#8221; hover_enabled=&#8221;0&#8243; sticky_enabled=&#8221;0&#8243;][\/et_pb_portfolio][\/et_pb_column][\/et_pb_row][\/et_pb_section]<\/p>\n","protected":false},"excerpt":{"rendered":"<p>ReferenceNa\u0161i projekti uklju\u010duju samouslu\u017ene autoperionice, portalne i tunelske autoperionice, kamionske portale, razli\u010dite konstrukcije i industrijske hale. Uz monta\u017eu novih i polovnih postrojenja servisiramo i odr\u017eavamo razli\u010dite vrste perionica pa na\u0161i zaposleni poseduju visoka znanja o svim aspektima carwash posla.<\/p>\n","protected":false},"author":13,"featured_media":0,"parent":0,"menu_order":0,"comment_status":"closed","ping_status":"closed","template":"","meta":{"_et_pb_use_builder":"on","_et_pb_old_content":"","_et_gb_content_width":"","rank_math_lock_modified_date":false,"footnotes":""},"class_list":["post-267552","page","type-page","status-publish","hentry"],"_links":{"self":[{"href":"https:\/\/kromacarwash.com\/sr\/wp-json\/wp\/v2\/pages\/267552"}],"collection":[{"href":"https:\/\/kromacarwash.com\/sr\/wp-json\/wp\/v2\/pages"}],"about":[{"href":"https:\/\/kromacarwash.com\/sr\/wp-json\/wp\/v2\/types\/page"}],"author":[{"embeddable":true,"href":"https:\/\/kromacarwash.com\/sr\/wp-json\/wp\/v2\/users\/13"}],"replies":[{"embeddable":true,"href":"https:\/\/kromacarwash.com\/sr\/wp-json\/wp\/v2\/comments?post=267552"}],"version-history":[{"count":2,"href":"https:\/\/kromacarwash.com\/sr\/wp-json\/wp\/v2\/pages\/267552\/revisions"}],"predecessor-version":[{"id":267554,"href":"https:\/\/kromacarwash.com\/sr\/wp-json\/wp\/v2\/pages\/267552\/revisions\/267554"}],"wp:attachment":[{"href":"https:\/\/kromacarwash.com\/sr\/wp-json\/wp\/v2\/media?parent=267552"}],"curies":[{"name":"wp","href":"https:\/\/api.w.org\/{rel}","templated":true}]}}