{"id":267928,"date":"2021-04-17T16:30:35","date_gmt":"2021-04-17T15:30:35","guid":{"rendered":"https:\/\/kromacarwash.com\/opci-uvjeti-poslovanja\/"},"modified":"2021-04-17T16:30:35","modified_gmt":"2021-04-17T15:30:35","slug":"opci-uvjeti-poslovanja","status":"publish","type":"page","link":"https:\/\/kromacarwash.com\/sr\/opci-uvjeti-poslovanja\/","title":{"rendered":"Op\u0107i uvjeti poslovanja"},"content":{"rendered":"<p>[et_pb_section fb_built=&#8221;1&#8243; _builder_version=&#8221;4.9.2&#8243; _module_preset=&#8221;default&#8221;][et_pb_row column_structure=&#8221;1_3,2_3&#8243; _builder_version=&#8221;4.9.2&#8243; _module_preset=&#8221;default&#8221;][et_pb_column type=&#8221;1_3&#8243; _builder_version=&#8221;4.9.2&#8243; _module_preset=&#8221;default&#8221;][et_pb_text _builder_version=&#8221;4.9.2&#8243; text_font=&#8221;Rubik|300|||||||&#8221; header_2_font=&#8221;Rubik|300|||||||&#8221; header_2_font_size=&#8221;30px&#8221; header_2_line_height=&#8221;1.5em&#8221; header_4_font=&#8221;Rubik|700||on|||||&#8221; header_4_text_color=&#8221;#11d8ce&#8221; header_4_font_size=&#8221;12px&#8221; header_4_letter_spacing=&#8221;2px&#8221; header_4_line_height=&#8221;1.6em&#8221; header_2_font_size_tablet=&#8221;22px&#8221; header_2_font_size_phone=&#8221;20px&#8221; header_2_font_size_last_edited=&#8221;on|phone&#8221; header_4_font_size_tablet=&#8221;&#8221; header_4_font_size_phone=&#8221;&#8221; header_4_font_size_last_edited=&#8221;on|phone&#8221; locked=&#8221;off&#8221;]<\/p>\n<h4><span>kroma d.o.o.<\/span><\/h4>\n<p>[\/et_pb_text][et_pb_text _builder_version=&#8221;4.9.2&#8243; _module_preset=&#8221;default&#8221; header_font_size=&#8221;40px&#8221;]<\/p>\n<h1 class=\"naslovi-prva-sekcija\">Op\u0107i uvjeti poslovanja<\/h1>\n<p>[\/et_pb_text][\/et_pb_column][et_pb_column type=&#8221;2_3&#8243; _builder_version=&#8221;4.9.2&#8243; _module_preset=&#8221;default&#8221;][et_pb_text _builder_version=&#8221;4.9.2&#8243; _module_preset=&#8221;default&#8221; text_font=&#8221;|300|||||||&#8221; text_text_color=&#8221;#222222&#8243; header_2_font_size=&#8221;30px&#8221;]<\/p>\n<p>Op\u0107i uvjeti poslovanja dru\u0161tva Kroma d.o.o. Gospi\u0107 Op\u0107i uvjeti poslovanja za prodaju i servisiranje proizvoda poduze\u0107a Kroma, Trgova\u010dko poduze\u0107e, d.o.o. (u daljnjem tekstu &#8220;Kroma&#8221;). Ovi op\u0107i uvjeti poslovanja primjenjuju se za sve ugovorne odnose izme\u0111u Krome i stranaka, koji su pravne osobe ili obrtnici, ako takvi op\u0107i uvjeti poslovanja nisu u cijelosti ili djelomi\u010dno izri\u010dito isklju\u010deni pismenim ugovorom izme\u0111u Krome i stranke odnosno ako su pojedina pitanja u pismenom ugovoru izme\u0111u Krome i stranke ure\u0111ena druga\u010dije. Ovi op\u0107i uvjeti poslovanja stupaju na snagu dana 1. srpnja 2015. g. i zamjenjuju sve ranije op\u0107e uvjete poslovanja. Op\u0107i uvjeti su objavljeni su na internetskoj stranici <a href=\"https:\/\/kromacarwash.com\/sr\/\">kromacarwash.com<\/a>.<\/p>\n<p>&nbsp;<\/p>\n<h2>I. Valjanost op\u0107ih uvjeta poslovanja<\/h2>\n<ol>\n<li>Ovi op\u0107i uvjeti poslovanja va\u017ee\u0107i su u trenutnoj verziji, uklju\u010duju\u0107i i sve budu\u0107e ugovore o isporuci robe, ugovore o naknadnim isporukama, monta\u017eama i popravcima izme\u0111u stranaka u teku\u0107oj poslovnoj vezi, bez potrebe za ponovnim uklju\u010divanjem ili pozivanjem na op\u0107e uvjete poslovanja nakon ve\u0107 ugovorenog. Dru\u0161tvo Kroma d.o.o. \u0107e pri svakoj promjeni op\u0107ih uvjeta poslovanja informirati stranku pismeno o promjenama i poslati na zahtjev kopiju o izmijenjenim uvjetima.<\/li>\n<li>Na\u0161i op\u0107i uvjeti poslovanja vrijede neograni\u010deno. Razli\u010diti, proturje\u010dni ili dodatni op\u0107i uvjeti poslovanja \u0107e postati dio ugovora, samo kada je dru\u0161tvo Kroma d.o.o. njihovu valjanost izri\u010dito priznalo. Taj se zahtjev primjenjuje u svakom slu\u010daju, na primjer, \u010dak i ako dru\u0161tvo Kroma d.o.o. kod poznavanja op\u0107ih uvjeta poslovanja ugovornog partnera isporuku bezrezervno izvr\u0161i.<\/li>\n<li>Svaka odredba ovih uvjeta vrijedi sama za sebe.<\/li>\n<li>\u0160to se ti\u010de dokumenata \u010diji prijevod je dodan na stranom jeziku, a koji se odnose na ugovor, za koji je hrvatski jezik jezik pregovora, prijevod slu\u017ei samo kao informacija. Za sadr\u017eaj ugovora klju\u010dan je samo hrvatski tekst.<\/li>\n<li>Napomene o valjanosti zakonskih odredbi slu\u017ee samo kao poja\u0161njenje. \u010cak i bez takvog poja\u0161njenja, vrijede zakonske odredbe, osim ako nisu izravno mijenjane u ovim op\u0107im uvjetima poslovanja ili izri\u010dito bile isklju\u010dene.<\/li>\n<\/ol>\n<h2>II. Ponude<\/h2>\n<ol>\n<li>Na\u0161e ponude su podlo\u017ene promjenama. One predstavljaju poziv naru\u010ditelju, za dostavljanjem obvezuju\u0107e ponude za sklapanje ugovora. Dru\u0161tvo Kroma d.o.o. nije du\u017eno osporiti jedan takav pisani zahtjev potencijalnoga kupca u slu\u010daju da se ugovor ne\u0107e odr\u017eati. Ako se nakon narud\u017ebe ni\u0161ta drugo ne zaklju\u010di, dru\u0161tvo Kroma d.o.o. ima pravo narud\u017ebu prihvatiti u roku od tri tjedna od dana kada je zaprimljena u dru\u0161tvu Kroma d.o.o.<\/li>\n<li>Opisi i slike na\u0161ih proizvoda su samo pribli\u017eno mjerodavne. Zadr\u017eavamo pravo u bilo kojem trenutku, u okviru tehni\u010dkog napretka, iz racionalnih razloga ili dizajnerskih promjena napraviti izmjene na predmetu ugovora. Uobi\u010dajena odstupanja u boji, te\u017eini, itd su mogu\u0107a.<\/li>\n<li>Prvo obra\u0111ivanje odre\u0111ene ponude je obi\u010dno besplatno. Daljnje ponude i radni nacrti su besplatni samo ako ugovor postane i ostane va\u017ee\u0107i.<\/li>\n<li>Zadr\u017eavamo na\u0161a prava vlasni\u0161tva i autorskih prava u poslanim dokumentima, a posebno dizajnima, crte\u017eima, skicama i ilustracijama. Oni se ne smiju kopirati ili dostaviti tre\u0107oj osobi bez na\u0161ega pristanka.<\/li>\n<li>Ugovori stupaju na snagu samo u pisanom obliku prihva\u0107anja ugovora.<\/li>\n<\/ol>\n<p>Pojedina\u010dni individualni dogovori nakon zaklju\u010divanja ugovora (sporedni dogovori, dopune i promjene) uvijek imaju prednost nad op\u0107im uvjetima poslovanja. Takav dogovor priznaje se samo kao pisani dodatak (aneks) osnovnom ugovoru.<\/p>\n<h2><\/h2>\n<h2><\/h2>\n<h2>III. Izvedba, nadle\u017enost i dogovorena prava<\/h2>\n<ol>\n<li>Mjesto izvr\u0161enja za sve ugovorne obveze jest Gospi\u0107.<\/li>\n<li>Pravne veze izme\u0111u naru\u010ditelja i dru\u0161tva Kroma d.o.o. podlije\u017eu nadle\u017enom sudu u Gospi\u0107u.<\/li>\n<\/ol>\n<h2>IV. Cijene<\/h2>\n<ol>\n<li>Sve cijene, ukoliko nije druk\u010dije dogovoreno, su iskazane u u neto iznosu i kod isporuke dobara i\/ili usluga \u0107e se kod obra\u010duna primjeniti va\u017ee\u0107i Zakon o porezu na dodanu vrijednost. Dodatni tro\u0161kovi kao \u0161to su pakiranje, vozarina, carina, osiguranje, monta\u017ea, bankovne pristojbe \u0107e se posebno obra\u010dunati.<\/li>\n<li>Ukoliko PDV nije sadr\u017ean u na\u0161em ra\u010dunu, naro\u010dito zbog navoda naru\u010ditelja, polazimo od &#8220;dostave unutar zajednice&#8221; u smislu \u010dlanka 41. Zakona o porezu na dodanu vrijednost ili ako polazimo od &#8220;prijenosa porezne obveze&#8221; u smislu \u010dlanka 73. Zakona o porezu na i teretimo se za PDV naknadno u tom slu\u010daju je kupac obvezan, taj iznos, kojim se dru\u0161tvo Kroma tereti, u potpunosti isplatiti dru\u0161tvu Kroma d.o.o.. Ova du\u017enost je postojana neovisno o tome da li dru\u0161tvo Kroma d.o.o. duguje porez na dodanu vrijednost u dr\u017eavi ili izvan vlastite dr\u017eave.<\/li>\n<li>Transport i sva ostala pakiranja prema odre\u0111enoj mjeri, osim paleta, dru\u0161tvo Kroma d.o.o. ne uzima u povrat.<\/li>\n<\/ol>\n<h2>V. Vrijeme dostave<\/h2>\n<ol>\n<li>Dogovoreni datum isporuke je ispunjen, ako je roba napustila mjesto odre\u0111eno od strane dru\u0161tva Kroma d.o.o. do kraja isteka datuma isporuke ili je da je naru\u010ditelju prikazana poslana po\u0161iljka.<\/li>\n<li>Ako isporuka ovisi o dokumentima, dozvolama (npr. gra\u0111evinska dozvola), ili o razja\u0161njenju bitnih problema vezanih uz izvr\u0161enje ugovora, koje naru\u010ditelj mora dostaviti, onda je dogovoreni termin isporuke samo onda obvezan, ako naru\u010ditelj 8 tjedana prije datuma isporuke to pitanje razrije\u0161i odnosno prilo\u017ei dokumente ili dozvole i pismenim putem do tog trenutka obavijesti dru\u0161tvo Kroma d.o.o., onda \u0107e se prema toj posebnoj pismenoj odredbi ravnati obje stranke iz ugovora.<\/li>\n<li>Rokovi isporuke po\u010dinju danom potvrde narud\u017ebe, odnosno uplate avansa.<\/li>\n<li>Rokovi isporuke ne po\u010dinju prije nego li naru\u010ditelj dostavi sve potrebne dokumente i dozvole kao i rje\u0161enja bitnih pitanja potrebnih za izvr\u0161enje ugovora. Koje dokumente i dozvole treba dostaviti, kao i koja pitanja naru\u010ditelj treba razrije\u0161iti, odre\u0111uje se prema individualnom dogovoru stranki.<\/li>\n<li>Po\u0161tivanje vremena isporuke uvjetovano je ispunjenjem dogovorenih obveza pla\u0107anja. Osim toga, vrijeme isporuke po\u010dinje nakon ispunjenja tih ugovornih obveza, koje su utvr\u0111ene individualnim ugovorom.<\/li>\n<li>Kod ka\u0161njenja isporuke prema navedenim odredbama, novi termin isporuke i ugradnje obvezuju\u0107i je tek nakon pismene potvrde jednog od pravno odgovornih zaposlenika dru\u0161tva Kroma d.o.o.. Jednako vrijedi i za termine koji su na temelju pravnih odredbi postali obavezni.<\/li>\n<li>U slu\u010daju da je dostava onemogu\u0107ena radi vi\u0161e sile ili doga\u0111anja, koja nam ote\u017eavaju isporuku ili \u010dak ju \u010dine nemogu\u0107om (npr. prirodne katastrofe, smetnje u poslovanju, \u0161trajk, isklju\u010denja s rada, nedostatak sirovina, problemi u prometu), bez obzira na to da li se javljaju kod nas ili kod drugih dobavlja\u010da i da ne mo\u017eemo izvr\u0161iti isporuku na vrijeme ni primjenom uobi\u010dajenih mjera opreza, pomjeraju se termini isporuke odnosno produ\u017euju se rokovi isporuke onoliko koliko su smetnje trajale. Ako smetnja potraje du\u017ee od 3 mjeseca onda svaka stranka ima pravo otkazati ugovor u pismenom obliku. U slu\u010daju otkazivanja ugovora potrebno je nadoknaditi dru\u0161tvu Kroma d.o.o. sve tro\u0161kove ve\u0107 odra\u0111enih poslova sa materijalom. Na zahtjev jedne od stranki druga stranka se treba pri isteku tri mjeseca roka odugovla\u010denja izjasniti je li se \u017eeli pridr\u017eavati ugovora ili ne. Dru\u0161tvo Kroma d.o.o. se obvezuje da \u0107e naru\u010ditelja obavijestiti o bilo kojem ka\u0161njenju roka isporuke. Jednako vrijedi i za prestanak ka\u0161njenja.<\/li>\n<li>Ako je dru\u0161tvo Kroma d.o.o. odgovorno za ka\u0161njenje roka isporuke, naru\u010ditelj mo\u017ee raskinuti ugovor, nakon \u0161to nam je u pismenom obliku postavio razuman naknadni rok i nakon \u0161to je taj rok neiskori\u0161teno istekao.<\/li>\n<li>Zahtjevi za naknadu \u0161tete zbog nepridr\u017eavanja dogovorenog vremena isporuke dovode do naknade \u0161tete samo kod nemarnosti dru\u0161tva Kroma d.o.o. ili njihovih zastupnika. To ne vrijedi ako je posao zaklju\u010den. Pravne odredbe ostaju nepromijenjene.<\/li>\n<\/ol>\n<h2>VII. Isporuka, zaobila\u017eenje opasnosti, preuzimanje, odugovla\u010denje preuzimanja<\/h2>\n<ol>\n<li>Isporuka po\u010dinje od mjesta koje je odredilo dru\u0161tvo Kroma d.o.o., gdje je ujedno i mjesto izvr\u0161enja usluga. Na zahtjev i tro\u0161ak naru\u010ditelja roba \u0107e se poslati na drugo odredi\u0161te. Ako nije druga\u010dije dogovoreno, dru\u0161tvo Kroma d.o.o. ima pravo samo odrediti na\u010din slanja.<\/li>\n<li>Za opasnosti od o\u0161te\u0107enja robe odgovoran je naru\u010ditelj i to najkasnije pri preuzimanju. Me\u0111utim kod kupnje prijevoza, rizik od slu\u010dajnog pogor\u0161anja i slu\u010dajnog o\u0161te\u0107enja robe kao i opasnost od odgode spada na \u0161peditera ili na drugu osobu zadu\u017eenu za obavljanje prijevoza ve\u0107 s isporukom robe.<\/li>\n<\/ol>\n<h2>VIII. Jamstvo<\/h2>\n<ol>\n<li>Za prava kupca kod materijalne i nematerijalne \u0161tete (uklju\u010duju\u0107i, pogre\u0161nu i nepotpunu isporuku kao i nepravilne instalacije ili nepravilne upute za instalaciju), vrijede va\u017ee\u0107e zakonske odredbe, ukoliko u daljnjem tekstu ni\u0161ta druga\u010dije nije navedeno.<\/li>\n<li>Zahtjev za reklamaciju od strane kupca pretpostavlja da je kupac ispunio svoje obveze u potpunosti prema dru\u0161tvu Kroma d.o.o.<\/li>\n<li>Dru\u0161tvo Kroma d.o.o. mo\u017ee odbiti otklanjanje nedostataka, sve dok kupac nije podmirio sva svoja dugovanja, s iznimkom jednog iznosa koji odgovara iznosu neispravne robe. U tom slu\u010daju kupac je du\u017ean platiti unaprijed samo ako je dru\u0161tvo Kroma d.o.o. u pisanom obliku potvrdilo nedostatke.<\/li>\n<li>Dru\u0161tvu Kroma d.o.o. mora se omogu\u0107iti da pregleda nedostatke na licu mjesta.<\/li>\n<li>Reklamacije istje\u010du nakon godinu dana od prijelaza rizika.<\/li>\n<li>Prije nego li kupac daljnje zahtjeve ili prava u\u010dini valjanima, dru\u0161tvu Kroma d.o.o. treba pru\u017eiti priliku da naknadno ispuni tra\u017eene zahtjeve u razumnom roku. Ako naknadna izvedba ne uspije unato\u010d najmanje dva poku\u0161aja, ako dru\u0161tvo Kroma d.o.o. odbija neispunjavanje ili ako ispunjenje nije mogu\u0107e ili se od kupca ne mo\u017ee zahtijevati, kupac mo\u017ee raskinuti ugovor ili smanjiti pla\u0107anje. Za naknadu \u0161tete vrijedi Odjeljak IX .<\/li>\n<li>Valjanost garantnog roka je direktno vezana uz obavljanje redovitih servisiranja strojeva od strane ovla\u0161tenog servisa do isteka garantnog roka u veremenskim razdobljima od 6 mjeseci.<\/li>\n<\/ol>\n<h2>IX. Odredbe koje se primjenjuju za servisiranje proizvoda<\/h2>\n<ol>\n<li>Kroma izvodi garancijske i izvan garancijske popravke. Osnova za pristupanje popravku proizvoda je pismena narud\u017eba za popravak. Popravak stranka mo\u017ee naru\u010diti na broj +385 91 386 7390.<\/li>\n<li>Uvjeti za izvo\u0111enje popravaka: Opseg popravka ovisi o stupnju o\u0161te\u0107enja proizvoda i utvr\u0111enog kvara. Popravak proizvoda obuhva\u0107a vra\u0107anje njegove funkcionalnosti i djelovanja kako bi se omogu\u0107ilo daljnje kori\u0161tenje proizvoda u odgovaraju\u0107im uvjetima. Na\u010din izvedbe popravka odre\u0111uju unutarnji postupci, smjernice za izvo\u0111enje popravaka proizvoda i standardi kvalitete Hilti, koji su posebno odre\u0111eni za svaku vrstu proizvoda.<\/li>\n<li>Tro\u0161kovi popravka: Nakon izvedbe popravka stranka \u0107e biti tere\u0107ena za tro\u0161kove istog na osnovu Krominog cjenika rezervnih dijelova, robe i rada.<\/li>\n<li>Prethodna izrada procjene tro\u0161kova popravka: U slu\u010daju da stranka zahtijeva prethodnu izradu procjene tro\u0161kova popravka, Kroma joj izradu procjene tro\u0161kova popravka zara\u010dunava u odnosu na utro\u0161eno vrijeme, prema cijeni radnog sata, kako je odre\u0111ena u cjeniku Krome, va\u017ee\u0107em na dan izrade procjene tro\u0161kova popravka. Kroma izra\u0111uje procjenu tro\u0161kova popravka prema svom najboljem znanju i s najve\u0107om pa\u017enjom. Me\u0111utim u slu\u010daju kada stvarni tro\u0161kovi popravka i mo\u017eebitno utro\u0161enih rezervnih dijelova prema\u0161uju procijenjene tro\u0161kove popravka, Kroma zadr\u017eava pravo zara\u010dunati stvarne tro\u0161kove popravka i rezervnih dijelova.<\/li>\n<li>Rok servisiranja: Kroma izvr\u0161ava uslugu servisiranja u razumnom roku.<\/li>\n<li>Modeli strojeva, stariji od odre\u0111enog broja godina: Kroma \u0107e u\u010diniti sve \u0161to je u njegovoj mo\u0107i da izvr\u0161i stru\u010dni popravak svakog prdanog stroja. Unato\u010d toga zadr\u017eava pravo ograni\u010diti raspolo\u017eivost rezervnih dijelova za strojeve koji se vi\u0161e ne proizvode. Raspolo\u017eivost rezervnih dijelova mjeri se od zadnjeg dana proizvodnje te se razlikuje u odnosu na skupine proizvoda.<\/li>\n<li>Kroma \u0107e stranku najkasnije u roku petanest (15) dana od prijema narud\u017ebe obavijestiti da popravak nije mogu\u0107e izvr\u0161iti, a tako\u0111er \u0107e navesti razlog zbog \u010dega popravak nije mogu\u0107e izvr\u0161iti.<\/li>\n<\/ol>\n<h2>X. Kupovina rezervnih dijelova<\/h2>\n<ol>\n<li>Informacije o dobavljivosti i cijenama rezervnih dijelova mo\u017eete dobiti upitom na <a href=\"mailto:info@kroma.hr\">info@kroma.hr<\/a> ili <a href=\"mailto:ana.pezelj@kroma.hr\">ana.pezelj@kroma.hr<\/a><\/li>\n<li>Partneri s odgodom pla\u0107anja, narud\u017ebu rezervnih dijelova mogu ostvariti jednostavnim odgovorom na elektroni\u010dku poruku s ponudom. Dovoljno je da odgovor bude upu\u0107en sa slu\u017ebene e-mail adrese partnera, te da se naglasi pristanak na ponudu.<\/li>\n<li>Tvrtke s avansnim pla\u0107anjem i krajnji korisnici, narud\u017ebu potvr\u00f1uju uplatom po ponudi i slanjem obavijesti na <a href=\"mailto:info@kroma.hr\">info@kroma.hr<\/a> ili <a href=\"mailto:ana.pezelj@kroma.hr\">ana.pezelj@kroma.hr<\/a><\/li>\n<\/ol>\n<h2>XI. Naknada za \u0161tetu<\/h2>\n<ol>\n<li>Zahtjev o nadoknadi \u0161tete radi nedostataka isporu\u010dene robe je isklju\u010den, ako dru\u0161tvo Kroma d.o.o. nije odgovorno za nemogu\u0107nosti ispunjenja isporuke. Zahtjev za naknadu \u0161tete za nedostatke ili posljedi\u010dne \u0161tete koje proizlaze iz dostave neispravne robe pretpostavlja da je dru\u0161tvo Kroma d.o.o. nedostatak prouzro\u010dilo namjerno, radi nepa\u017enje ili nemara.<\/li>\n<li>Dru\u0161tvo Kroma d.o.o. je odgovorno samo u slu\u010daju namjerne i grube nepa\u017enje. U slu\u010daju obi\u010dne nepa\u017enje dru\u0161tvo Kroma d.o.o. je odgovorno samo kod \u0161tete opasne po \u017eivot i zdravlje.<\/li>\n<li>Ograni\u010denja odgovornosti se ne primjenjuju ako je dru\u0161tvo Kroma d.o.o. prijevarom krilo kvar ili je preuzelo jamstvo za stanje robe.<\/li>\n<\/ol>\n<h2>XII. Zadr\u017eavanje prava na vlasni\u0161tvo<\/h2>\n<ol>\n<li>Zadr\u017eavamo pravo na vlasni\u0161tvo predmeta isporuke sve dok nisu podmireni svi tro\u0161kovi od strane naru\u010ditelja. Dakle, pravo vlasni\u0161tva na predmet isporuke osigurava i zahtjev prema kupcu iz ugovora, koji se odnose na predmet isporuke.<\/li>\n<li>Kupac mo\u017ee preprodati prodani proizvod samo u redovnom tijeku poslovanja pod uvjetom da ne kasni sa pla\u0107anjem. On ustupa ve\u0107 nakon sklapanja ugovora izme\u0111u njega i nas, pripadaju\u0107a potra\u017eivanja koja proizlaze iz prodaje ili nekih drugih pravnih razloga spram njegovom klijentu sa svim sporednim pravima iz sigurnosnih razloga u potpunosti nama. Kod ovrha, oduzimanja ili bilo kakvih odluka od strane &#8216;tre\u0107ega&#8217; naru\u010ditelj je du\u017ean dobavlja\u010da obavijestiti o tome uz prilog svih dokumenata (postupak ovrhe).<\/li>\n<li>Kupac ima obvezu \u010duvati robu u dobrom stanju tijekom razdoblja zadr\u017eavanja \u0161to naru\u010dito uklju\u010duje redovno servisiranje, potrebni popravci i servisiranje se moraju odmah izvr\u0161iti posredstvom dru\u0161tva Kroma d.o.o. &#8211; osim hitnih slu\u010dajeva &#8211; na teret kupca. Dru\u0161tvo Kroma d.o.o. preuzima tro\u0161kove tih popravaka ako je prema gore navedenim odredbama zadu\u017eeno za odre\u0111ena pobolj\u0161anja.<\/li>\n<\/ol>\n<h2>XIII. Uvjeti pla\u0107anja<\/h2>\n<ol>\n<li>Osim ako nije druga\u010dije dogovoreno, pla\u0107anje bez odbitka izgleda ovako: 40% nakon primitka potvrde narud\u017ebe, 50% nakon prikaza spremnosti na slanje robe i primitak, ostatak od 10% u roku od 10 dana od dana primitka zavr\u0161nog ra\u010duna, uz obvezno izdavanje zadu\u017enice za 10% iznosa koji se pla\u0107a nakon primitka kona\u010dnog ra\u010duna.<\/li>\n<li>U slu\u010daju epla\u0107anja nakon datuma dospije\u0107a ra\u010duna, mo\u017eemo bez prethodne najave naplatiti kamate po zakonski propisanoj stopi kupcu kao kaznu.<\/li>\n<li>Ako kupac kasni sa uplatom vi\u0161e od 10 dana ili postoje dokazani razlozi za sumnju nemogu\u0107nosti pla\u0107anja, nismo du\u017eni napraviti nikakve daljnje isporuke po trenuta\u010dnim ugovorima.<\/li>\n<\/ol>\n<h2>XII. Ka\u0161njenje naru\u010ditelja<\/h2>\n<ol>\n<li>Ako kupac ne preuzme robu na dogovoreni termin isporuke ili ako se odu\u017ei termin monta\u017ee bez na\u0161e krivnje, mo\u017eemo zatra\u017eiti naknadu za na\u0161e dodatne tro\u0161kove.<\/li>\n<li>Ako dru\u0161tvo Kroma ima pravo na zahtijevanje naknade za \u0161tetu zbog neizvr\u0161enja dogovorenoga, onda mo\u017ee, bez obzira na mogu\u0107nost ve\u0107e stvarne \u0161tete, zahtijevati 15% njihove cijene kao naknadu \u0161tete, ako kupac ne doka\u017ee da \u0161teta uop\u0107e nije nastala ili je zna\u010dajno ni\u017ea od pau\u0161ala.<\/li>\n<\/ol>\n<h2>XIII. Ostalo<\/h2>\n<ol>\n<li>Tek nakon jamstva o financiranju kupnje du\u017eni smo isporu\u010diti robu.<\/li>\n<li>Ovi Op\u0107i uvijeti se smatraju dostavljeni, ukoliko su dostavljeni elektroni\u010dkom po\u0161tom ili preporu\u010denom po\u0161tom s povratnicom.<\/li>\n<\/ol>\n<p>[\/et_pb_text][\/et_pb_column][\/et_pb_row][\/et_pb_section]<\/p>\n","protected":false},"excerpt":{"rendered":"<p>kroma d.o.o.Op\u0107i uvjeti poslovanjaOp\u0107i uvjeti poslovanja dru\u0161tva Kroma d.o.o. Gospi\u0107 Op\u0107i uvjeti poslovanja za prodaju i servisiranje proizvoda poduze\u0107a Kroma, Trgova\u010dko poduze\u0107e, d.o.o. (u daljnjem tekstu &#8220;Kroma&#8221;). Ovi op\u0107i uvjeti poslovanja primjenjuju se za sve ugovorne odnose izme\u0111u Krome i stranaka, koji su pravne osobe ili obrtnici, ako takvi op\u0107i uvjeti poslovanja nisu u cijelosti [&hellip;]<\/p>\n","protected":false},"author":13,"featured_media":0,"parent":0,"menu_order":0,"comment_status":"closed","ping_status":"closed","template":"","meta":{"_et_pb_use_builder":"on","_et_pb_old_content":"","_et_gb_content_width":"","rank_math_lock_modified_date":false,"footnotes":""},"class_list":["post-267928","page","type-page","status-publish","hentry"],"_links":{"self":[{"href":"https:\/\/kromacarwash.com\/sr\/wp-json\/wp\/v2\/pages\/267928"}],"collection":[{"href":"https:\/\/kromacarwash.com\/sr\/wp-json\/wp\/v2\/pages"}],"about":[{"href":"https:\/\/kromacarwash.com\/sr\/wp-json\/wp\/v2\/types\/page"}],"author":[{"embeddable":true,"href":"https:\/\/kromacarwash.com\/sr\/wp-json\/wp\/v2\/users\/13"}],"replies":[{"embeddable":true,"href":"https:\/\/kromacarwash.com\/sr\/wp-json\/wp\/v2\/comments?post=267928"}],"version-history":[{"count":0,"href":"https:\/\/kromacarwash.com\/sr\/wp-json\/wp\/v2\/pages\/267928\/revisions"}],"wp:attachment":[{"href":"https:\/\/kromacarwash.com\/sr\/wp-json\/wp\/v2\/media?parent=267928"}],"curies":[{"name":"wp","href":"https:\/\/api.w.org\/{rel}","templated":true}]}}