{"id":269880,"date":"2021-10-26T12:30:03","date_gmt":"2021-11-02T11:38:04","guid":{"rendered":"https:\/\/kromacarwash.com\/proizvod\/superpowder-extra-ld\/"},"modified":"2021-11-02T12:38:05","modified_gmt":"2021-11-02T11:38:05","slug":"superpowder-extra-ld-2","status":"publish","type":"product","link":"https:\/\/kromacarwash.com\/sr\/p\/superpowder-extra-ld-2\/","title":{"rendered":"SuperPowder EXTRA LD"},"content":{"rendered":"","protected":false},"excerpt":{"rendered":"<p class=\"p1\">Premium mikroprah s iznimno visokom koncentracijom tenzida s crvenim i plavim \u010desticama za temeljno \u010di\u0161\u0107enje. Plave boje. Mikroprah stvara bogatu pjenu s velikom mo\u0107i skidanja prljav\u0161tine i ugodnim osvje\u017eavaju\u0107im mirisom. Za kori\u0161tenje isklju\u010divo u visokotla\u010dnim samoposlu\u017enim sustavima pranja. Nje\u017ean prema materijalu. Sadr\u017ei komponente za za\u0161titu povr\u0161ine vozila od korozije. Bez silikata \u2013 nema ostataka kemikalije na boji, staklu ili plastici.<\/p>\n<li class=\"p1\"><strong>Pakovanje &#8211; 20kg (volumen 30 lit)<\/strong><\/li>\n","protected":false},"featured_media":261042,"template":"","meta":{"_et_pb_use_builder":"","_et_pb_old_content":"","_et_gb_content_width":"","rank_math_lock_modified_date":false},"product_cat":[456,455],"product_tag":[],"class_list":{"0":"post-269880","1":"product","2":"type-product","3":"status-publish","4":"has-post-thumbnail","6":"product_cat-mikroprah-za-samousluzne-autoperionice","7":"product_cat-profesionalna-sredstva-za-ciscenje-sr","9":"first","10":"instock","11":"taxable","12":"shipping-taxable","13":"purchasable","14":"product-type-simple"},"_links":{"self":[{"href":"https:\/\/kromacarwash.com\/sr\/wp-json\/wp\/v2\/product\/269880"}],"collection":[{"href":"https:\/\/kromacarwash.com\/sr\/wp-json\/wp\/v2\/product"}],"about":[{"href":"https:\/\/kromacarwash.com\/sr\/wp-json\/wp\/v2\/types\/product"}],"wp:featuredmedia":[{"embeddable":true,"href":"https:\/\/kromacarwash.com\/sr\/wp-json\/wp\/v2\/media\/261042"}],"wp:attachment":[{"href":"https:\/\/kromacarwash.com\/sr\/wp-json\/wp\/v2\/media?parent=269880"}],"wp:term":[{"taxonomy":"product_cat","embeddable":true,"href":"https:\/\/kromacarwash.com\/sr\/wp-json\/wp\/v2\/product_cat?post=269880"},{"taxonomy":"product_tag","embeddable":true,"href":"https:\/\/kromacarwash.com\/sr\/wp-json\/wp\/v2\/product_tag?post=269880"}],"curies":[{"name":"wp","href":"https:\/\/api.w.org\/{rel}","templated":true}]}}