{"id":269888,"date":"2021-11-02T12:38:04","date_gmt":"2021-11-02T11:38:04","guid":{"rendered":"https:\/\/kromacarwash.com\/proizvod\/kuciste-filtera-20-1\/"},"modified":"2021-11-02T12:38:09","modified_gmt":"2021-11-02T11:38:09","slug":"kuciste-filtera-20-1","status":"publish","type":"product","link":"https:\/\/kromacarwash.com\/sr\/p\/kuciste-filtera-20-1\/","title":{"rendered":"Ku\u0107i\u0161te filtera 20&#8243; 1"},"content":{"rendered":"","protected":false},"excerpt":{"rendered":"<p>Ku\u0107i\u0161te filtera za vodu 20&#8243; 1&#8243;<\/p>\n","protected":false},"featured_media":263062,"template":"","meta":{"_et_pb_use_builder":"","_et_pb_old_content":"","_et_gb_content_width":"","rank_math_lock_modified_date":false},"product_cat":[440,442,439],"product_tag":[],"class_list":{"0":"post-269888","1":"product","2":"type-product","3":"status-publish","4":"has-post-thumbnail","6":"product_cat-filteri-i-membrane-sr","7":"product_cat-oprema-i-rezervni-delovi","8":"product_cat-rezervni-delovi","10":"first","11":"instock","12":"taxable","13":"shipping-taxable","14":"purchasable","15":"product-type-simple"},"_links":{"self":[{"href":"https:\/\/kromacarwash.com\/sr\/wp-json\/wp\/v2\/product\/269888"}],"collection":[{"href":"https:\/\/kromacarwash.com\/sr\/wp-json\/wp\/v2\/product"}],"about":[{"href":"https:\/\/kromacarwash.com\/sr\/wp-json\/wp\/v2\/types\/product"}],"wp:featuredmedia":[{"embeddable":true,"href":"https:\/\/kromacarwash.com\/sr\/wp-json\/wp\/v2\/media\/263062"}],"wp:attachment":[{"href":"https:\/\/kromacarwash.com\/sr\/wp-json\/wp\/v2\/media?parent=269888"}],"wp:term":[{"taxonomy":"product_cat","embeddable":true,"href":"https:\/\/kromacarwash.com\/sr\/wp-json\/wp\/v2\/product_cat?post=269888"},{"taxonomy":"product_tag","embeddable":true,"href":"https:\/\/kromacarwash.com\/sr\/wp-json\/wp\/v2\/product_tag?post=269888"}],"curies":[{"name":"wp","href":"https:\/\/api.w.org\/{rel}","templated":true}]}}