{"id":269914,"date":"2021-11-02T12:38:16","date_gmt":"2021-11-02T11:38:16","guid":{"rendered":"https:\/\/kromacarwash.com\/proizvod\/podni-drzac-pistolja\/"},"modified":"2021-11-02T12:38:24","modified_gmt":"2021-11-02T11:38:24","slug":"podni-drzac-pistolja","status":"publish","type":"product","link":"https:\/\/kromacarwash.com\/sr\/p\/podni-drzac-pistolja\/","title":{"rendered":"Podni dr\u017ea\u010d pi\u0161tolja"},"content":{"rendered":"","protected":false},"excerpt":{"rendered":"<p>Inox podni dr\u017ea\u010d pi\u0161tolja<\/p>\n","protected":false},"featured_media":263014,"template":"","meta":{"_et_pb_use_builder":"","_et_pb_old_content":"","_et_gb_content_width":"","rank_math_lock_modified_date":false},"product_cat":[442,446,439],"product_tag":[],"class_list":{"0":"post-269914","1":"product","2":"type-product","3":"status-publish","4":"has-post-thumbnail","6":"product_cat-oprema-i-rezervni-delovi","7":"product_cat-oprema-mesta-za-pranje","8":"product_cat-rezervni-delovi","10":"first","11":"instock","12":"taxable","13":"shipping-taxable","14":"purchasable","15":"product-type-simple"},"_links":{"self":[{"href":"https:\/\/kromacarwash.com\/sr\/wp-json\/wp\/v2\/product\/269914"}],"collection":[{"href":"https:\/\/kromacarwash.com\/sr\/wp-json\/wp\/v2\/product"}],"about":[{"href":"https:\/\/kromacarwash.com\/sr\/wp-json\/wp\/v2\/types\/product"}],"wp:featuredmedia":[{"embeddable":true,"href":"https:\/\/kromacarwash.com\/sr\/wp-json\/wp\/v2\/media\/263014"}],"wp:attachment":[{"href":"https:\/\/kromacarwash.com\/sr\/wp-json\/wp\/v2\/media?parent=269914"}],"wp:term":[{"taxonomy":"product_cat","embeddable":true,"href":"https:\/\/kromacarwash.com\/sr\/wp-json\/wp\/v2\/product_cat?post=269914"},{"taxonomy":"product_tag","embeddable":true,"href":"https:\/\/kromacarwash.com\/sr\/wp-json\/wp\/v2\/product_tag?post=269914"}],"curies":[{"name":"wp","href":"https:\/\/api.w.org\/{rel}","templated":true}]}}