{"id":269918,"date":"2021-11-02T12:38:16","date_gmt":"2021-11-02T11:38:16","guid":{"rendered":"https:\/\/kromacarwash.com\/proizvod\/crevo-za-usisivac-precnika-50mm\/"},"modified":"2021-11-02T12:38:26","modified_gmt":"2021-11-02T11:38:26","slug":"crevo-za-usisivac-precnika-50mm","status":"publish","type":"product","link":"https:\/\/kromacarwash.com\/sr\/p\/crevo-za-usisivac-precnika-50mm\/","title":{"rendered":"Crevo za usisiva\u010d pre\u010dnika 50mm"},"content":{"rendered":"","protected":false},"excerpt":{"rendered":"<p>Crevo za usisiva\u010d pre\u010dnika 50 mm, du\u017eine 5 m bez priklju\u010dka na fiksnu cev usisiva\u010da.<\/p>\n<p>Cena po du\u017enom metru.<\/p>\n","protected":false},"featured_media":262990,"template":"","meta":{"_et_pb_use_builder":"","_et_pb_old_content":"","_et_gb_content_width":"","rank_math_lock_modified_date":false},"product_cat":[442,447,439],"product_tag":[],"class_list":{"0":"post-269918","1":"product","2":"type-product","3":"status-publish","4":"has-post-thumbnail","6":"product_cat-oprema-i-rezervni-delovi","7":"product_cat-oprema-za-usisavace-sr","8":"product_cat-rezervni-delovi","10":"first","11":"instock","12":"taxable","13":"shipping-taxable","14":"purchasable","15":"product-type-simple"},"_links":{"self":[{"href":"https:\/\/kromacarwash.com\/sr\/wp-json\/wp\/v2\/product\/269918"}],"collection":[{"href":"https:\/\/kromacarwash.com\/sr\/wp-json\/wp\/v2\/product"}],"about":[{"href":"https:\/\/kromacarwash.com\/sr\/wp-json\/wp\/v2\/types\/product"}],"wp:featuredmedia":[{"embeddable":true,"href":"https:\/\/kromacarwash.com\/sr\/wp-json\/wp\/v2\/media\/262990"}],"wp:attachment":[{"href":"https:\/\/kromacarwash.com\/sr\/wp-json\/wp\/v2\/media?parent=269918"}],"wp:term":[{"taxonomy":"product_cat","embeddable":true,"href":"https:\/\/kromacarwash.com\/sr\/wp-json\/wp\/v2\/product_cat?post=269918"},{"taxonomy":"product_tag","embeddable":true,"href":"https:\/\/kromacarwash.com\/sr\/wp-json\/wp\/v2\/product_tag?post=269918"}],"curies":[{"name":"wp","href":"https:\/\/api.w.org\/{rel}","templated":true}]}}