{"id":269922,"date":"2021-11-02T12:38:27","date_gmt":"2021-11-02T11:38:27","guid":{"rendered":"https:\/\/kromacarwash.com\/proizvod\/crevo-za-usisivac-konusno\/"},"modified":"2021-11-02T12:38:29","modified_gmt":"2021-11-02T11:38:29","slug":"crevo-za-usisivac-konusno","status":"publish","type":"product","link":"https:\/\/kromacarwash.com\/sr\/p\/crevo-za-usisivac-konusno\/","title":{"rendered":"Crevo za usisiva\u010d konusno"},"content":{"rendered":"","protected":false},"excerpt":{"rendered":"<p>Crevo za usisiva\u010d konusno pre\u010dnika 38-50 mm du\u017eine 5 m sa priklju\u010dkom na fiksnu cev bez silikonskog nastavka<\/p>\n","protected":false},"featured_media":263006,"template":"","meta":{"_et_pb_use_builder":"","_et_pb_old_content":"","_et_gb_content_width":"","rank_math_lock_modified_date":false},"product_cat":[442,447,439],"product_tag":[],"class_list":{"0":"post-269922","1":"product","2":"type-product","3":"status-publish","4":"has-post-thumbnail","6":"product_cat-oprema-i-rezervni-delovi","7":"product_cat-oprema-za-usisavace-sr","8":"product_cat-rezervni-delovi","10":"first","11":"instock","12":"taxable","13":"shipping-taxable","14":"purchasable","15":"product-type-simple"},"_links":{"self":[{"href":"https:\/\/kromacarwash.com\/sr\/wp-json\/wp\/v2\/product\/269922"}],"collection":[{"href":"https:\/\/kromacarwash.com\/sr\/wp-json\/wp\/v2\/product"}],"about":[{"href":"https:\/\/kromacarwash.com\/sr\/wp-json\/wp\/v2\/types\/product"}],"wp:featuredmedia":[{"embeddable":true,"href":"https:\/\/kromacarwash.com\/sr\/wp-json\/wp\/v2\/media\/263006"}],"wp:attachment":[{"href":"https:\/\/kromacarwash.com\/sr\/wp-json\/wp\/v2\/media?parent=269922"}],"wp:term":[{"taxonomy":"product_cat","embeddable":true,"href":"https:\/\/kromacarwash.com\/sr\/wp-json\/wp\/v2\/product_cat?post=269922"},{"taxonomy":"product_tag","embeddable":true,"href":"https:\/\/kromacarwash.com\/sr\/wp-json\/wp\/v2\/product_tag?post=269922"}],"curies":[{"name":"wp","href":"https:\/\/api.w.org\/{rel}","templated":true}]}}