{"id":269938,"date":"2021-11-02T12:38:27","date_gmt":"2021-11-02T11:38:27","guid":{"rendered":"https:\/\/kromacarwash.com\/proizvod\/inox-nosac-cetke-sa-vijcima\/"},"modified":"2021-11-02T12:38:38","modified_gmt":"2021-11-02T11:38:38","slug":"inox-nosac-cetke-sa-vijcima","status":"publish","type":"product","link":"https:\/\/kromacarwash.com\/sr\/p\/inox-nosac-cetke-sa-vijcima\/","title":{"rendered":"Inox nosa\u010d \u010detke sa vijcima"},"content":{"rendered":"","protected":false},"excerpt":{"rendered":"<p>Inox nosa\u010d \u010detke sa vijcima<\/p>\n","protected":false},"featured_media":263732,"template":"","meta":{"_et_pb_use_builder":"","_et_pb_old_content":"","_et_gb_content_width":"","rank_math_lock_modified_date":false},"product_cat":[442,448,439],"product_tag":[],"class_list":{"0":"post-269938","1":"product","2":"type-product","3":"status-publish","4":"has-post-thumbnail","6":"product_cat-oprema-i-rezervni-delovi","7":"product_cat-pistolji-za-penu-i-cetke","8":"product_cat-rezervni-delovi","10":"first","11":"instock","12":"taxable","13":"shipping-taxable","14":"purchasable","15":"product-type-simple"},"_links":{"self":[{"href":"https:\/\/kromacarwash.com\/sr\/wp-json\/wp\/v2\/product\/269938"}],"collection":[{"href":"https:\/\/kromacarwash.com\/sr\/wp-json\/wp\/v2\/product"}],"about":[{"href":"https:\/\/kromacarwash.com\/sr\/wp-json\/wp\/v2\/types\/product"}],"wp:featuredmedia":[{"embeddable":true,"href":"https:\/\/kromacarwash.com\/sr\/wp-json\/wp\/v2\/media\/263732"}],"wp:attachment":[{"href":"https:\/\/kromacarwash.com\/sr\/wp-json\/wp\/v2\/media?parent=269938"}],"wp:term":[{"taxonomy":"product_cat","embeddable":true,"href":"https:\/\/kromacarwash.com\/sr\/wp-json\/wp\/v2\/product_cat?post=269938"},{"taxonomy":"product_tag","embeddable":true,"href":"https:\/\/kromacarwash.com\/sr\/wp-json\/wp\/v2\/product_tag?post=269938"}],"curies":[{"name":"wp","href":"https:\/\/api.w.org\/{rel}","templated":true}]}}