{"id":269962,"date":"2021-11-02T12:38:49","date_gmt":"2021-11-02T11:38:49","guid":{"rendered":"https:\/\/kromacarwash.com\/proizvod\/dozirna-pumpa-tekna-evo-epdm\/"},"modified":"2021-11-02T12:38:51","modified_gmt":"2021-11-02T11:38:51","slug":"dozirna-pumpa-tekna-evo-epdm","status":"publish","type":"product","link":"https:\/\/kromacarwash.com\/sr\/p\/dozirna-pumpa-tekna-evo-epdm\/","title":{"rendered":"Dozirna pumpa Tekna EVO EPDM"},"content":{"rendered":"","protected":false},"excerpt":{"rendered":"<p>Dozirna pumpa Tekna EVO kori\u0161\u0107enje na samouslu\u017enim autoperionicama za programe: pretpranje, pena, \u010detka<\/p>\n","protected":false},"featured_media":263444,"template":"","meta":{"_et_pb_use_builder":"","_et_pb_old_content":"","_et_gb_content_width":"","rank_math_lock_modified_date":false},"product_cat":[442,439,451],"product_tag":[],"class_list":{"0":"post-269962","1":"product","2":"type-product","3":"status-publish","4":"has-post-thumbnail","6":"product_cat-oprema-i-rezervni-delovi","7":"product_cat-rezervni-delovi","8":"product_cat-sistem-doziranja-tecnih-hemikalija","10":"first","11":"instock","12":"taxable","13":"shipping-taxable","14":"purchasable","15":"product-type-simple"},"_links":{"self":[{"href":"https:\/\/kromacarwash.com\/sr\/wp-json\/wp\/v2\/product\/269962"}],"collection":[{"href":"https:\/\/kromacarwash.com\/sr\/wp-json\/wp\/v2\/product"}],"about":[{"href":"https:\/\/kromacarwash.com\/sr\/wp-json\/wp\/v2\/types\/product"}],"wp:featuredmedia":[{"embeddable":true,"href":"https:\/\/kromacarwash.com\/sr\/wp-json\/wp\/v2\/media\/263444"}],"wp:attachment":[{"href":"https:\/\/kromacarwash.com\/sr\/wp-json\/wp\/v2\/media?parent=269962"}],"wp:term":[{"taxonomy":"product_cat","embeddable":true,"href":"https:\/\/kromacarwash.com\/sr\/wp-json\/wp\/v2\/product_cat?post=269962"},{"taxonomy":"product_tag","embeddable":true,"href":"https:\/\/kromacarwash.com\/sr\/wp-json\/wp\/v2\/product_tag?post=269962"}],"curies":[{"name":"wp","href":"https:\/\/api.w.org\/{rel}","templated":true}]}}