{"id":269971,"date":"2021-11-02T12:38:49","date_gmt":"2021-11-02T11:38:49","guid":{"rendered":"https:\/\/kromacarwash.com\/proizvod\/magnetni-ventil-2-programa-mikroprah-burkert\/"},"modified":"2021-11-02T12:38:56","modified_gmt":"2021-11-02T11:38:56","slug":"magnetni-ventil-2-programa-mikroprah-burkert","status":"publish","type":"product","link":"https:\/\/kromacarwash.com\/sr\/p\/magnetni-ventil-2-programa-mikroprah-burkert\/","title":{"rendered":"Magnetni ventil  2. programa MIKROPRAH &#8211; B\u00fcrkert"},"content":{"rendered":"","protected":false},"excerpt":{"rendered":"<p>Elektromagnetni ventil B\u00fcrkert 2. programa &#8211; mikroprah na samouslu\u017enim autoperionicama BKF 0256 00267790 0-0,4 bar 24V DC 12W<\/p>\n","protected":false},"featured_media":262630,"template":"","meta":{"_et_pb_use_builder":"","_et_pb_old_content":"","_et_gb_content_width":"","rank_math_lock_modified_date":false},"product_cat":[442,439,453],"product_tag":[],"class_list":{"0":"post-269971","1":"product","2":"type-product","3":"status-publish","4":"has-post-thumbnail","6":"product_cat-oprema-i-rezervni-delovi","7":"product_cat-rezervni-delovi","8":"product_cat-ventili-sr","10":"first","11":"instock","12":"taxable","13":"shipping-taxable","14":"purchasable","15":"product-type-simple"},"_links":{"self":[{"href":"https:\/\/kromacarwash.com\/sr\/wp-json\/wp\/v2\/product\/269971"}],"collection":[{"href":"https:\/\/kromacarwash.com\/sr\/wp-json\/wp\/v2\/product"}],"about":[{"href":"https:\/\/kromacarwash.com\/sr\/wp-json\/wp\/v2\/types\/product"}],"wp:featuredmedia":[{"embeddable":true,"href":"https:\/\/kromacarwash.com\/sr\/wp-json\/wp\/v2\/media\/262630"}],"wp:attachment":[{"href":"https:\/\/kromacarwash.com\/sr\/wp-json\/wp\/v2\/media?parent=269971"}],"wp:term":[{"taxonomy":"product_cat","embeddable":true,"href":"https:\/\/kromacarwash.com\/sr\/wp-json\/wp\/v2\/product_cat?post=269971"},{"taxonomy":"product_tag","embeddable":true,"href":"https:\/\/kromacarwash.com\/sr\/wp-json\/wp\/v2\/product_tag?post=269971"}],"curies":[{"name":"wp","href":"https:\/\/api.w.org\/{rel}","templated":true}]}}