{"id":269987,"date":"2021-11-02T12:39:00","date_gmt":"2021-11-02T11:39:00","guid":{"rendered":"https:\/\/kromacarwash.com\/proizvod\/cev-pistolja-500mm\/"},"modified":"2021-11-02T12:39:04","modified_gmt":"2021-11-02T11:39:04","slug":"cev-pistolja-500mm","status":"publish","type":"product","link":"https:\/\/kromacarwash.com\/sr\/p\/cev-pistolja-500mm\/","title":{"rendered":"Cev pi\u0161tolja 500mm"},"content":{"rendered":"","protected":false},"excerpt":{"rendered":"<p>Cev pi\u0161tolja za pranje vozila du\u017eine 500 mm sa dr\u0161kom 300 mm<\/p>\n","protected":false},"featured_media":262950,"template":"","meta":{"_et_pb_use_builder":"","_et_pb_old_content":"","_et_gb_content_width":"","rank_math_lock_modified_date":false},"product_cat":[442,439,454],"product_tag":[],"class_list":{"0":"post-269987","1":"product","2":"type-product","3":"status-publish","4":"has-post-thumbnail","6":"product_cat-oprema-i-rezervni-delovi","7":"product_cat-rezervni-delovi","8":"product_cat-visokopritisna-oprema","10":"first","11":"instock","12":"taxable","13":"shipping-taxable","14":"purchasable","15":"product-type-simple"},"_links":{"self":[{"href":"https:\/\/kromacarwash.com\/sr\/wp-json\/wp\/v2\/product\/269987"}],"collection":[{"href":"https:\/\/kromacarwash.com\/sr\/wp-json\/wp\/v2\/product"}],"about":[{"href":"https:\/\/kromacarwash.com\/sr\/wp-json\/wp\/v2\/types\/product"}],"wp:featuredmedia":[{"embeddable":true,"href":"https:\/\/kromacarwash.com\/sr\/wp-json\/wp\/v2\/media\/262950"}],"wp:attachment":[{"href":"https:\/\/kromacarwash.com\/sr\/wp-json\/wp\/v2\/media?parent=269987"}],"wp:term":[{"taxonomy":"product_cat","embeddable":true,"href":"https:\/\/kromacarwash.com\/sr\/wp-json\/wp\/v2\/product_cat?post=269987"},{"taxonomy":"product_tag","embeddable":true,"href":"https:\/\/kromacarwash.com\/sr\/wp-json\/wp\/v2\/product_tag?post=269987"}],"curies":[{"name":"wp","href":"https:\/\/api.w.org\/{rel}","templated":true}]}}