{"id":269993,"date":"2021-11-02T12:39:00","date_gmt":"2021-11-02T11:39:00","guid":{"rendered":"https:\/\/kromacarwash.com\/proizvod\/okretni-element-sipke-za-vrata\/"},"modified":"2021-11-02T12:39:07","modified_gmt":"2021-11-02T11:39:07","slug":"okretni-element-sipke-za-vrata","status":"publish","type":"product","link":"https:\/\/kromacarwash.com\/sr\/p\/okretni-element-sipke-za-vrata\/","title":{"rendered":"Okretni element \u0161ipke za vrata"},"content":{"rendered":"","protected":false},"excerpt":{"rendered":"<p>Okretni element \u0161ipke za vrata na samouslu\u017enim autoperionicama BKF<\/p>\n","protected":false},"featured_media":263980,"template":"","meta":{"_et_pb_use_builder":"","_et_pb_old_content":"","_et_gb_content_width":"","rank_math_lock_modified_date":false},"product_cat":[442,439,452],"product_tag":[],"class_list":{"0":"post-269993","1":"product","2":"type-product","3":"status-publish","4":"has-post-thumbnail","6":"product_cat-oprema-i-rezervni-delovi","7":"product_cat-rezervni-delovi","8":"product_cat-sistem-zatvaranja-vrata","10":"first","11":"instock","12":"taxable","13":"shipping-taxable","14":"purchasable","15":"product-type-simple"},"_links":{"self":[{"href":"https:\/\/kromacarwash.com\/sr\/wp-json\/wp\/v2\/product\/269993"}],"collection":[{"href":"https:\/\/kromacarwash.com\/sr\/wp-json\/wp\/v2\/product"}],"about":[{"href":"https:\/\/kromacarwash.com\/sr\/wp-json\/wp\/v2\/types\/product"}],"wp:featuredmedia":[{"embeddable":true,"href":"https:\/\/kromacarwash.com\/sr\/wp-json\/wp\/v2\/media\/263980"}],"wp:attachment":[{"href":"https:\/\/kromacarwash.com\/sr\/wp-json\/wp\/v2\/media?parent=269993"}],"wp:term":[{"taxonomy":"product_cat","embeddable":true,"href":"https:\/\/kromacarwash.com\/sr\/wp-json\/wp\/v2\/product_cat?post=269993"},{"taxonomy":"product_tag","embeddable":true,"href":"https:\/\/kromacarwash.com\/sr\/wp-json\/wp\/v2\/product_tag?post=269993"}],"curies":[{"name":"wp","href":"https:\/\/api.w.org\/{rel}","templated":true}]}}