{"id":270003,"date":"2021-11-02T12:39:10","date_gmt":"2021-11-02T11:39:10","guid":{"rendered":"https:\/\/kromacarwash.com\/proizvod\/cetka-za-pistolj-90-mm\/"},"modified":"2021-11-02T12:39:13","modified_gmt":"2021-11-02T11:39:13","slug":"cetka-za-pistolj-90-mm","status":"publish","type":"product","link":"https:\/\/kromacarwash.com\/sr\/p\/cetka-za-pistolj-90-mm\/","title":{"rendered":"\u010cetka za pi\u0161tolj &#8211; 90 mm"},"content":{"rendered":"","protected":false},"excerpt":{"rendered":"<p>\u010cetka pi\u0161tolja za pranje vozila<\/p>\n","protected":false},"featured_media":262918,"template":"","meta":{"_et_pb_use_builder":"","_et_pb_old_content":"","_et_gb_content_width":"","rank_math_lock_modified_date":false},"product_cat":[442,448,439],"product_tag":[],"class_list":{"0":"post-270003","1":"product","2":"type-product","3":"status-publish","4":"has-post-thumbnail","6":"product_cat-oprema-i-rezervni-delovi","7":"product_cat-pistolji-za-penu-i-cetke","8":"product_cat-rezervni-delovi","10":"first","11":"instock","12":"taxable","13":"shipping-taxable","14":"purchasable","15":"product-type-simple"},"_links":{"self":[{"href":"https:\/\/kromacarwash.com\/sr\/wp-json\/wp\/v2\/product\/270003"}],"collection":[{"href":"https:\/\/kromacarwash.com\/sr\/wp-json\/wp\/v2\/product"}],"about":[{"href":"https:\/\/kromacarwash.com\/sr\/wp-json\/wp\/v2\/types\/product"}],"wp:featuredmedia":[{"embeddable":true,"href":"https:\/\/kromacarwash.com\/sr\/wp-json\/wp\/v2\/media\/262918"}],"wp:attachment":[{"href":"https:\/\/kromacarwash.com\/sr\/wp-json\/wp\/v2\/media?parent=270003"}],"wp:term":[{"taxonomy":"product_cat","embeddable":true,"href":"https:\/\/kromacarwash.com\/sr\/wp-json\/wp\/v2\/product_cat?post=270003"},{"taxonomy":"product_tag","embeddable":true,"href":"https:\/\/kromacarwash.com\/sr\/wp-json\/wp\/v2\/product_tag?post=270003"}],"curies":[{"name":"wp","href":"https:\/\/api.w.org\/{rel}","templated":true}]}}